{"id":2087,"date":"2024-06-10T11:07:07","date_gmt":"2024-06-10T08:07:07","guid":{"rendered":"https:\/\/blog.edu.turku.fi\/monikulttuurinenopetus\/?page_id=2087"},"modified":"2024-06-10T11:07:07","modified_gmt":"2024-06-10T08:07:07","slug":"valmon-oppilaanohjaus","status":"publish","type":"page","link":"https:\/\/blog.edu.turku.fi\/monikulttuurinenopetus\/valmon-oppilaanohjaus\/","title":{"rendered":"VALMOn oppilaanohjaus"},"content":{"rendered":"<p>Valmistavan opetuksen oppilaanohjaajana toimii Juudit Hurtig: etunimi.sukunimi@edu.turku.fi, 040\u00a0626 3685<\/p>\n<p>VALMO-OPOn ty\u00f6teht\u00e4v\u00e4t ovat seuraavat:<\/p>\n<p><strong>Ty\u00f6teht\u00e4v\u00e4t:<\/strong><\/p>\n<ul>\n<li>Muunkielisten nuorten yksil\u00f6- ja pienryhm\u00e4ohjaus perusopetuksen yl\u00e4kouluvaiheessa<\/li>\n<li>valmo-oppilaiden sek\u00e4 tarvittaessa muiden vieraskielisten oppilaiden ty\u00f6el\u00e4m\u00e4\u00e4n tutustumisjaksojen sek\u00e4 koulutuskokeilujen koordinointi, valmistelu ja ohjaaminen<\/li>\n<li>Tiivis erityisesti nivelvaiheeseen keskittyv\u00e4 yhteisty\u00f6 huoltajien ja eri ammattilaisten kanssa \u201dsaattaen vaihtaessa\u201d nuoria koulutusmuodosta toiseen (esim. valmo-opetus-&gt; perusopetus, perusopetus-&gt; toinen aste)<\/li>\n<li>Uusien toimintatapojen kehitt\u00e4minen, muiden oppilaanohjaajien sek\u00e4 muun opetus- ja ohjaushenkil\u00f6st\u00f6n konsultointi<\/li>\n<\/ul>\n","protected":false},"excerpt":{"rendered":"<p>Valmistavan opetuksen oppilaanohjaajana toimii Juudit Hurtig: etunimi.sukunimi@edu.turku.fi, 040\u00a0626 3685 VALMO-OPOn ty\u00f6teht\u00e4v\u00e4t ovat seuraavat: Ty\u00f6teht\u00e4v\u00e4t: Muunkielisten nuorten yksil\u00f6- ja pienryhm\u00e4ohjaus perusopetuksen yl\u00e4kouluvaiheessa valmo-oppilaiden sek\u00e4 tarvittaessa muiden vieraskielisten oppilaiden ty\u00f6el\u00e4m\u00e4\u00e4n tutustumisjaksojen sek\u00e4 koulutuskokeilujen koordinointi, valmistelu ja ohjaaminen Tiivis erityisesti nivelvaiheeseen keskittyv\u00e4 yhteisty\u00f6 huoltajien ja eri ammattilaisten kanssa \u201dsaattaen vaihtaessa\u201d nuoria koulutusmuodosta toiseen (esim. valmo-opetus-&gt; perusopetus, perusopetus-&gt; toinen &hellip; <a href=\"https:\/\/blog.edu.turku.fi\/monikulttuurinenopetus\/valmon-oppilaanohjaus\/\" class=\"more-link\">Jatka lukemista<span class=\"screen-reader-text\"> &#8221;VALMOn oppilaanohjaus&#8221;<\/span><\/a><\/p>\n","protected":false},"author":1827,"featured_media":0,"parent":0,"menu_order":0,"comment_status":"closed","ping_status":"closed","template":"","meta":{"footnotes":""},"class_list":["post-2087","page","type-page","status-publish","hentry"],"_links":{"self":[{"href":"https:\/\/blog.edu.turku.fi\/monikulttuurinenopetus\/wp-json\/wp\/v2\/pages\/2087","targetHints":{"allow":["GET"]}}],"collection":[{"href":"https:\/\/blog.edu.turku.fi\/monikulttuurinenopetus\/wp-json\/wp\/v2\/pages"}],"about":[{"href":"https:\/\/blog.edu.turku.fi\/monikulttuurinenopetus\/wp-json\/wp\/v2\/types\/page"}],"author":[{"embeddable":true,"href":"https:\/\/blog.edu.turku.fi\/monikulttuurinenopetus\/wp-json\/wp\/v2\/users\/1827"}],"replies":[{"embeddable":true,"href":"https:\/\/blog.edu.turku.fi\/monikulttuurinenopetus\/wp-json\/wp\/v2\/comments?post=2087"}],"version-history":[{"count":1,"href":"https:\/\/blog.edu.turku.fi\/monikulttuurinenopetus\/wp-json\/wp\/v2\/pages\/2087\/revisions"}],"predecessor-version":[{"id":2089,"href":"https:\/\/blog.edu.turku.fi\/monikulttuurinenopetus\/wp-json\/wp\/v2\/pages\/2087\/revisions\/2089"}],"wp:attachment":[{"href":"https:\/\/blog.edu.turku.fi\/monikulttuurinenopetus\/wp-json\/wp\/v2\/media?parent=2087"}],"curies":[{"name":"wp","href":"https:\/\/api.w.org\/{rel}","templated":true}]}}