{"id":208,"date":"2016-06-10T10:55:08","date_gmt":"2016-06-10T07:55:08","guid":{"rendered":"https:\/\/blog.edu.turku.fi\/monikulttuurinenopetus\/?page_id=208"},"modified":"2025-07-02T13:20:32","modified_gmt":"2025-07-02T10:20:32","slug":"ohjeita-opettajille","status":"publish","type":"page","link":"https:\/\/blog.edu.turku.fi\/monikulttuurinenopetus\/ohjeita-opettajille\/","title":{"rendered":"Ohjeita opettajille"},"content":{"rendered":"<p>Oppilaan oman \u00e4idinkielen opettajana Turun perusopetuksessa &#8211;\u00a0 Opas koulujen k\u00e4ytt\u00f6\u00f6n: <a href=\"https:\/\/blog.edu.turku.fi\/monikulttuurinenopetus\/files\/2025\/07\/MAI-opas-lv-2025-2026.pdf\">MAI-opas lv 2025-2026<\/a><\/p>\n<p><a href=\"https:\/\/blog.edu.turku.fi\/monikulttuurinenopetus\/files\/2025\/07\/Wilman-kaytto-MAI_ohjeet-paivitetty-2024.pdf\">Wilman k\u00e4ytt\u00f6 MAI_ohjeet<\/a><\/p>\n<p>Ohje viestien l\u00e4hett\u00e4miseen Wilmassa: <a href=\"https:\/\/blog.edu.turku.fi\/monikulttuurinenopetus\/files\/2022\/01\/MAI-Wilma-viestin-lahettaminen.docx\">MAI &#8211; Wilma-viestin l\u00e4hett\u00e4minen<\/a><\/p>\n<p>Ohje oppilaan poistamiseen Wilmasta: <a href=\"https:\/\/blog.edu.turku.fi\/monikulttuurinenopetus\/files\/2022\/01\/Oppilaan-poistaminen-MAI-ryhmasta-Wilmassa.docx\">Oppilaan poistaminen MAI-ryhm\u00e4st\u00e4 Wilmassa<\/a><\/p>\n<p><a href=\"https:\/\/blog.edu.turku.fi\/monikulttuurinenopetus\/files\/2016\/06\/SAP-HR-PORTAALIN-K\u00c4SIKIRJA-Ty\u00f6ntekij\u00e4n-itsepalvelutoiminnot.docx\" target=\"_blank\" rel=\"noopener noreferrer\">K\u00e4sikirja SAP HR -portaalin\u00a0k\u00e4ytt\u00f6\u00f6n &gt;&gt;<\/a><br \/>\n(mm. ohjeita poissaolon ilmoittamiseen, koulutukseen hakemiseen, matkalaskujen tekoon)<\/p>\n<p><strong><u>OHJE MAI-OPETTAJALLE UUDEN OPPILAAN ILMOITTAUTUMISESTA<\/u><\/strong><\/p>\n<p>Turun kaupungin koulujen oppilaat ilmoittautuvat MAI-opetukseen Wilmassa kohdassa <em>Hakemukset ja p\u00e4\u00e4t\u00f6kset<\/em>. Paperisia ilmoittautumisia ei en\u00e4\u00e4 vastaanoteta.<\/p>\n<p>Turun normaalikoulun ja Turun Steiner-koulun oppilaat ilmoittautuvat MAI-opetukseen toimittamalla t\u00e4ytetyn ilmoittautumislomakkeen monikulttuurisen opetuksen suunnittelijalle. Ilmoittautumisen voi l\u00e4hett\u00e4\u00e4 joko s\u00e4hk\u00f6postin liitteen\u00e4 (etunimi.sukunimi@turku.fi) tai postitse osoitteeseen Yliopistonkatu 27a, 20100 Turku.<\/p>\n<p><strong>Uusi MAI-kielen ryhm\u00e4<\/strong> perustetaan mik\u00e4li ilmoittautumisia on saapunut Turun kaupungin peruskouluista v\u00e4hint\u00e4\u00e4n 6-8 ja ryhm\u00e4lle l\u00f6ydet\u00e4\u00e4n sopiva opettaja. T\u00e4m\u00e4\u00a0 s\u00e4\u00e4nt\u00f6 ei koske jo olemassa olevia kieli\u00e4. <strong>Jos kieless\u00e4 on jo MAI-ryhm\u00e4\/ryhmi\u00e4,\u00a0uudet oppilaat sijoitetaan n\u00e4ihin jo olemassa oleviin ryhmiin<\/strong>. Ei ole mit\u00e4\u00e4n s\u00e4\u00e4nt\u00f6\u00e4, jonka mukaan kouluun perustetaan uusi ryhm\u00e4, jos koulussa on kuusi samaan MAI-kieleen ilmoittautunutta oppilasta. N\u00e4m\u00e4 oppilaat voidaan sijoittaa jo olemassa oleviin ryhmiin, jos niiss\u00e4 on tilaa.<\/p>\n","protected":false},"excerpt":{"rendered":"<p>Oppilaan oman \u00e4idinkielen opettajana Turun perusopetuksessa &#8211;\u00a0 Opas koulujen k\u00e4ytt\u00f6\u00f6n: MAI-opas lv 2025-2026 Wilman k\u00e4ytt\u00f6 MAI_ohjeet Ohje viestien l\u00e4hett\u00e4miseen Wilmassa: MAI &#8211; Wilma-viestin l\u00e4hett\u00e4minen Ohje oppilaan poistamiseen Wilmasta: Oppilaan poistaminen MAI-ryhm\u00e4st\u00e4 Wilmassa K\u00e4sikirja SAP HR -portaalin\u00a0k\u00e4ytt\u00f6\u00f6n &gt;&gt; (mm. ohjeita poissaolon ilmoittamiseen, koulutukseen hakemiseen, matkalaskujen tekoon) OHJE MAI-OPETTAJALLE UUDEN OPPILAAN ILMOITTAUTUMISESTA Turun kaupungin koulujen oppilaat ilmoittautuvat &hellip; <a href=\"https:\/\/blog.edu.turku.fi\/monikulttuurinenopetus\/ohjeita-opettajille\/\" class=\"more-link\">Jatka lukemista<span class=\"screen-reader-text\"> &#8221;Ohjeita opettajille&#8221;<\/span><\/a><\/p>\n","protected":false},"author":1827,"featured_media":0,"parent":0,"menu_order":0,"comment_status":"closed","ping_status":"closed","template":"","meta":{"footnotes":""},"class_list":["post-208","page","type-page","status-publish","hentry"],"_links":{"self":[{"href":"https:\/\/blog.edu.turku.fi\/monikulttuurinenopetus\/wp-json\/wp\/v2\/pages\/208","targetHints":{"allow":["GET"]}}],"collection":[{"href":"https:\/\/blog.edu.turku.fi\/monikulttuurinenopetus\/wp-json\/wp\/v2\/pages"}],"about":[{"href":"https:\/\/blog.edu.turku.fi\/monikulttuurinenopetus\/wp-json\/wp\/v2\/types\/page"}],"author":[{"embeddable":true,"href":"https:\/\/blog.edu.turku.fi\/monikulttuurinenopetus\/wp-json\/wp\/v2\/users\/1827"}],"replies":[{"embeddable":true,"href":"https:\/\/blog.edu.turku.fi\/monikulttuurinenopetus\/wp-json\/wp\/v2\/comments?post=208"}],"version-history":[{"count":39,"href":"https:\/\/blog.edu.turku.fi\/monikulttuurinenopetus\/wp-json\/wp\/v2\/pages\/208\/revisions"}],"predecessor-version":[{"id":2223,"href":"https:\/\/blog.edu.turku.fi\/monikulttuurinenopetus\/wp-json\/wp\/v2\/pages\/208\/revisions\/2223"}],"wp:attachment":[{"href":"https:\/\/blog.edu.turku.fi\/monikulttuurinenopetus\/wp-json\/wp\/v2\/media?parent=208"}],"curies":[{"name":"wp","href":"https:\/\/api.w.org\/{rel}","templated":true}]}}