{"id":2047,"date":"2024-03-14T11:06:13","date_gmt":"2024-03-14T09:06:13","guid":{"rendered":"https:\/\/blog.edu.turku.fi\/monikulttuurinenopetus\/?page_id=2047"},"modified":"2025-10-13T14:14:51","modified_gmt":"2025-10-13T11:14:51","slug":"erityisten-tutkintojen-kokonaisuudet","status":"publish","type":"page","link":"https:\/\/blog.edu.turku.fi\/monikulttuurinenopetus\/erityisten-tutkintojen-kokonaisuudet\/","title":{"rendered":"Perusopetuksen oppim\u00e4\u00e4r\u00e4\u00e4n sis\u00e4ltyvien opintojen suorittaminen erityisess\u00e4 tutkinnossa"},"content":{"rendered":"<ul>\n<li>Perusopetuksen oppim\u00e4\u00e4r\u00e4 tai sen osa voidaan suorittaa perusopetuslaissa ja -asetuksessa (<em>Perusopetuslaki (628\/1998) 38 \u00a7 ja Perusopetuslaki (628\/1998) 18 \u00a7 Perusopetusasetus (852\/1998) 23 \u00a7 ja Perusopetusasetus (852\/1998) 23 \u00a7) <\/em>tarkoitetussa erityisess\u00e4 tutkinnossa.<\/li>\n<li>Oppivelvollisen on suoritettava hyv\u00e4ksytysti kaikki perusopetuksen oppim\u00e4\u00e4r\u00e4\u00e4n kuuluvat yhteiset oppiaineet saadakseen perusopetuksen p\u00e4\u00e4tt\u00f6todistuksen.<\/li>\n<li>Erityiseen tutkintoon osallistuvan tulee osoittaa, ett\u00e4 h\u00e4nen tietonsa ja taitonsa vastaavat oppiaineen perusopetuksen oppim\u00e4\u00e4r\u00e4n mukaisia tietoja ja taitoja. Arviointi tulee toteuttaa p\u00e4\u00e4tt\u00f6arvioinnin kriteerien mukaan.<\/li>\n<li>Turkulaiset aineenopettajat ovat luoneet erityisten tutkintojen oppiainekohtaisia materiaaleja, jotka ovat kaikkien hy\u00f6dynnett\u00e4viss\u00e4 (alla). Lis\u00e4ksi alla on my\u00f6s linkkej\u00e4 muihin sovellettavissa oleviin materiaaleihin.<\/li>\n<li>Oppilaiden erilaiset tilanteet tulee ottaa huomioon\u00a0sek\u00e4 toteutuksessa ett\u00e4 arvioinnissa. Kaikille oppilaille erityisten tutkintojen suorittaminen ei v\u00e4ltt\u00e4m\u00e4tt\u00e4 sovellu.<\/li>\n<li>Erityisten tutkintojen materiaaleja voi hy\u00f6dynt\u00e4\u00e4 my\u00f6s valmistavan opetuksen aikana, jolloin suoritus voidaan kirjata &#8221;odottamaan&#8221; perusopetuksen arviointikirjaan ennen perusopetukseen siirtymist\u00e4, tai oppilaalle voidaan antaa erillinen todistus tutkinnosta.<\/li>\n<li>Lis\u00e4tietoja erityisten tutkintojen suorittamisesta:<em> Perusopetuksen opetussuunnitelman perusteet luku 6.12 <\/em><em>Erityinen tutkinto ja siit\u00e4 annettavat todistukset<\/em><\/li>\n<\/ul>\n<p><strong>Erityisten tutkintojen toimintaohje Turun kaupungin perusopetuksessa:<\/strong><\/p>\n<ul>\n<li>Yl\u00e4koulun aikana valmistavasta opetuksesta perusopetukseen siirtyv\u00e4t oppilaat voivat suorittaa puuttuvia taito- ja taideaineita ensisijaisesti valinnaisaineiden opetuksessa.<\/li>\n<li>Jos jonkin puuttuvat oppiaineen suoritus ei onnistu valinnaisaineena, sen voi suorittaa erityisess\u00e4 tutkinnossa. Turussa tarjolla olevia erityisten tutkintojen materiaaleja voidaan t\u00e4ll\u00f6in hy\u00f6dynt\u00e4\u00e4.<\/li>\n<li>Oppilas voi my\u00f6s suorittaa vain osan oppiaineen oppim\u00e4\u00e4r\u00e4st\u00e4 erityisess\u00e4 tutkinnossa, ja se voidaan hyv\u00e4ksi lukea osaksi oppiaineen arvosanaa.<\/li>\n<li>Tutkintojen vastaanottaminen pyrit\u00e4\u00e4n j\u00e4rjest\u00e4m\u00e4\u00e4n niin ettei yksitt\u00e4iselle aineenopettajalle koidu juurikaan ylim\u00e4\u00e4r\u00e4ist\u00e4 ty\u00f6t\u00e4.<\/li>\n<li>Tutkinnon suorittamisen tarkemmat k\u00e4yt\u00e4nn\u00f6t ja ajankohdat m\u00e4\u00e4ritell\u00e4\u00e4n koulukohtaisesti. Koulu my\u00f6s p\u00e4\u00e4tt\u00e4\u00e4, kuuluuko erityisen tutkinnon j\u00e4rjest\u00e4minen oppilaan opetusj\u00e4rjestelyjen piiriin vai maksetaanko opettajalle erillinen korvaus.<\/li>\n<li>Jos yksitt\u00e4inen opettaja vastaanottaa suuren m\u00e4\u00e4r\u00e4n erityisi\u00e4 tutkintoja tai osasuorituksia, korvaamisessa voidaan hy\u00f6dynt\u00e4\u00e4 opettajan ylity\u00f6korvausta (OVTES osio A 22\/23\u00a7).<\/li>\n<li>Mahdollinen korvaus maksetaan oppilaan koulun kustannuspaikan mukaisesti, valmistavan opetuksen oppilaat valmistavan opetuksen kustannuspaikalta.<\/li>\n<\/ul>\n<p><strong>Historian erityinen tutkinto:<\/strong><\/p>\n<ul>\n<li style=\"list-style-type: none\">\n<ul>\n<li>Aiemmin k\u00e4yt\u00f6ss\u00e4 ollut materiaali on poistunut k\u00e4yt\u00f6st\u00e4, jolloin historiaan luotua &#8221;pakettia&#8221; ei ole mahdollista tehd\u00e4. T\u00e4ss\u00e4 lista hy\u00f6dynnett\u00e4vist\u00e4 materiaaleista:\n<ul>\n<li>\u00a0Hissu on peruskoulun 7.\u20139.-luokkalaisten S2-oppilaiden historian oppimateriaali. Materiaali kattaa peruskoulun yl\u00e4luokkien historian oppim\u00e4\u00e4r\u00e4n ja koostuu helpotetuista oppikirjateksteist\u00e4, sanastoista, kieliopin teoriasta sek\u00e4 teht\u00e4vist\u00e4. Teht\u00e4v\u00e4t ohjaavat tekstin lukemiseen ja tiedon etsint\u00e4\u00e4n luetusta tekstist\u00e4 sek\u00e4 sanaston ja rakenteiden opiskeluun. Kirjaa voi k\u00e4ytt\u00e4\u00e4 yksin\u00e4\u00e4n tai mink\u00e4 tahansa oppikirjasarjan ohessa lis\u00e4materiaalina. Sivustolle: <a href=\"https:\/\/historiaajasuomea.com\/?fbclid=IwAR20RvMLm35MzT_lqGvZZJUDS8L1mPUnmTITc-DOy1-O6uFrg4_F_6pLSbI\">Hissu: historiaa ja suomea<\/a><br \/>\nKaikki materiaalit ovat ladattavina pdf-tiedostoina: <a href=\"https:\/\/historiaajasuomea.com\/ladattavat-materiaalit-2\/\">Ladattavat materiaalit \u2013 Hissu: historiaa ja suomea<\/a><\/li>\n<li>Turun Normaalikoulun Minkki-hankkeen verkkoalusta, jonka materiaali on tarkoitettu yl\u00e4koulun aineenopettajan tueksi. Sivustolta l\u00f6ytyy laajasti materiaalia ja teht\u00e4vi\u00e4 maailman ja suomen historiasta: <a href=\"https:\/\/minkki.tnk.fi\/historia-themes\/\">Historia \u2013 Turun normaalikoulun MINKKI-hankkeen verkkoalusta<\/a><\/li>\n<li>HiMa on aikuisille maahanmuuttajille suunnattu kielitietoinen historian oppikirja. Oppimateriaali noudattaa aikuisten perusasteen opetussuunnitelmaa, mutta sit\u00e4 voidaan k\u00e4ytt\u00e4\u00e4 soveltuvin osin my\u00f6s yl\u00e4koulun, LUVA:n ja lukion kurssien kielitietoisena tukimateriaalina. HiMa: <a href=\"https:\/\/www.hi3.fi\/\">HiMa \u2013 Historiaa maahanmuuttajille<\/a><\/li>\n<li>Osaan! \u2013 Avaimia aikuisten perustaitoihin -hankkeessa kehitetty materiaali. Sis\u00e4lt\u00e4\u00e4 runsaasti teht\u00e4vi\u00e4.: <a href=\"https:\/\/osaansuomessa.fi\/historia\/\">HISTORIA | Osaan! &#8211; avaimia aikuisten perustaitoihin<\/a><\/li>\n<\/ul>\n<\/li>\n<\/ul>\n<\/li>\n<\/ul>\n<p><strong>Kotitalouden erityinen tutkinto:<\/strong><\/p>\n<ul>\n<li style=\"list-style-type: none\">\n<ul>\n<li>Materiaali tutkinnon tueksi l\u00f6ytyy t\u00e4\u00e4lt\u00e4: <a href=\"https:\/\/blog.edu.turku.fi\/monikulttuurinenopetus\/files\/2025\/10\/Kotitalouden-erityinen-tutkinto-word.pdf\">Kotitalouden erityinen tutkinto<\/a><\/li>\n<\/ul>\n<\/li>\n<\/ul>\n<ul>\n<li style=\"list-style-type: none\">\n<ul>\n<li>Lis\u00e4vinkkej\u00e4 kotitalouteen: <a href=\"https:\/\/perussetti.fi\/alkuvaihe\/alkuvaiheen-muut-aineet\/\">Alkuvaiheen muut aineet \u2013 PerusSetti.fi<\/a> (PerusSetti-hankkeessa (2020 \u2013 2022) kehitettiin aikuisten perusopetuksen tarpeisiin sopivia digioppimisen ratkaisuja, jotka ovat sovellettavissa my\u00f6s perusopetuksen tarpeisiin)<\/li>\n<\/ul>\n<\/li>\n<\/ul>\n<p><strong>Kuvataiteen erityinen tutkinto:<\/strong><\/p>\n<ul>\n<li style=\"list-style-type: none\">\n<ul>\n<li>Materiaali tutkinnon tueksi l\u00f6ytyy t\u00e4\u00e4lt\u00e4:<a href=\"https:\/\/blog.edu.turku.fi\/monikulttuurinenopetus\/files\/2025\/10\/Kuvataiteen-erityinen-tutkinto-pdf.pdf\">Kuvataiteen erityinen tutkinto pdf<\/a><\/li>\n<\/ul>\n<\/li>\n<\/ul>\n<p><strong>K\u00e4sity\u00f6n erityinen tutkinto:<\/strong><\/p>\n<ul>\n<li style=\"list-style-type: none\">\n<ul>\n<li>Materiaali tutkinnon tueksi l\u00f6ytyy t\u00e4\u00e4lt\u00e4: <a href=\"https:\/\/blog.edu.turku.fi\/monikulttuurinenopetus\/files\/2025\/10\/Kasityon-erityinen-tutkinto-pdf.pdf\">K\u00e4sity\u00f6n erityinen tutkinto pdf<\/a><\/li>\n<\/ul>\n<\/li>\n<\/ul>\n<p><strong>Musiikin erityinen tutkinto:<\/strong><\/p>\n<ul>\n<li style=\"list-style-type: none\">\n<ul>\n<li>Tiedustelut konsultoivalta KIETU-opettajalta Katri Toimelalta.<\/li>\n<\/ul>\n<\/li>\n<\/ul>\n","protected":false},"excerpt":{"rendered":"<p>Perusopetuksen oppim\u00e4\u00e4r\u00e4 tai sen osa voidaan suorittaa perusopetuslaissa ja -asetuksessa (Perusopetuslaki (628\/1998) 38 \u00a7 ja Perusopetuslaki (628\/1998) 18 \u00a7 Perusopetusasetus (852\/1998) 23 \u00a7 ja Perusopetusasetus (852\/1998) 23 \u00a7) tarkoitetussa erityisess\u00e4 tutkinnossa. Oppivelvollisen on suoritettava hyv\u00e4ksytysti kaikki perusopetuksen oppim\u00e4\u00e4r\u00e4\u00e4n kuuluvat yhteiset oppiaineet saadakseen perusopetuksen p\u00e4\u00e4tt\u00f6todistuksen. Erityiseen tutkintoon osallistuvan tulee osoittaa, ett\u00e4 h\u00e4nen tietonsa ja taitonsa vastaavat &hellip; <a href=\"https:\/\/blog.edu.turku.fi\/monikulttuurinenopetus\/erityisten-tutkintojen-kokonaisuudet\/\" class=\"more-link\">Jatka lukemista<span class=\"screen-reader-text\"> &#8221;Perusopetuksen oppim\u00e4\u00e4r\u00e4\u00e4n sis\u00e4ltyvien opintojen suorittaminen erityisess\u00e4 tutkinnossa&#8221;<\/span><\/a><\/p>\n","protected":false},"author":3328,"featured_media":0,"parent":0,"menu_order":0,"comment_status":"closed","ping_status":"closed","template":"","meta":{"footnotes":""},"class_list":["post-2047","page","type-page","status-publish","hentry"],"_links":{"self":[{"href":"https:\/\/blog.edu.turku.fi\/monikulttuurinenopetus\/wp-json\/wp\/v2\/pages\/2047","targetHints":{"allow":["GET"]}}],"collection":[{"href":"https:\/\/blog.edu.turku.fi\/monikulttuurinenopetus\/wp-json\/wp\/v2\/pages"}],"about":[{"href":"https:\/\/blog.edu.turku.fi\/monikulttuurinenopetus\/wp-json\/wp\/v2\/types\/page"}],"author":[{"embeddable":true,"href":"https:\/\/blog.edu.turku.fi\/monikulttuurinenopetus\/wp-json\/wp\/v2\/users\/3328"}],"replies":[{"embeddable":true,"href":"https:\/\/blog.edu.turku.fi\/monikulttuurinenopetus\/wp-json\/wp\/v2\/comments?post=2047"}],"version-history":[{"count":18,"href":"https:\/\/blog.edu.turku.fi\/monikulttuurinenopetus\/wp-json\/wp\/v2\/pages\/2047\/revisions"}],"predecessor-version":[{"id":2291,"href":"https:\/\/blog.edu.turku.fi\/monikulttuurinenopetus\/wp-json\/wp\/v2\/pages\/2047\/revisions\/2291"}],"wp:attachment":[{"href":"https:\/\/blog.edu.turku.fi\/monikulttuurinenopetus\/wp-json\/wp\/v2\/media?parent=2047"}],"curies":[{"name":"wp","href":"https:\/\/api.w.org\/{rel}","templated":true}]}}