{"id":1974,"date":"2023-11-15T09:00:33","date_gmt":"2023-11-15T07:00:33","guid":{"rendered":"https:\/\/blog.edu.turku.fi\/monikulttuurinenopetus\/?page_id=1974"},"modified":"2024-08-16T09:18:49","modified_gmt":"2024-08-16T06:18:49","slug":"wilma-merkinnat-eri-kielilla","status":"publish","type":"page","link":"https:\/\/blog.edu.turku.fi\/monikulttuurinenopetus\/wilma-merkinnat-eri-kielilla\/","title":{"rendered":"Wilma-merkinn\u00e4t eri kielill\u00e4"},"content":{"rendered":"<p>Turun monikielinen henkil\u00f6st\u00f6 on laatinut kieliversioita Wilma-merkinn\u00f6ist\u00e4. Otathan huomioon, ett\u00e4 ne eiv\u00e4t ole virallisen asiointitulkin laatimia!<\/p>\n<p>K\u00e4\u00e4nn\u00f6ksi\u00e4 muille kielille sek\u00e4 korjauksia nykyisiin k\u00e4\u00e4nn\u00f6ksiin voi ehdottaa Annika Raelle,\u00a0 etunimi.sukunimi@turku.fi.<\/p>\n<p><a href=\"https:\/\/blog.edu.turku.fi\/monikulttuurinenopetus\/files\/2023\/11\/Wilma-merkinnat-suomi.pdf\">Wilma-merkinn\u00e4t suomi<\/a><\/p>\n<p><a href=\"https:\/\/blog.edu.turku.fi\/monikulttuurinenopetus\/files\/2023\/11\/Wilma-merkinnat-albania.pdf\">Wilma-merkinn\u00e4t albania<\/a><\/p>\n<p><a href=\"https:\/\/blog.edu.turku.fi\/monikulttuurinenopetus\/files\/2023\/11\/Wilma-merkinnat-arabia.pdf\">Wilma-merkinn\u00e4t arabia<\/a><\/p>\n<p><a href=\"https:\/\/blog.edu.turku.fi\/monikulttuurinenopetus\/files\/2023\/11\/Wilma-merkinnat-englanti.pdf\">Wilma-merkinn\u00e4t englanti<\/a><\/p>\n<p><a href=\"https:\/\/blog.edu.turku.fi\/monikulttuurinenopetus\/files\/2023\/11\/Wilma-merkinnat-kurdi.pdf\">Wilma-merkinn\u00e4t kurdi<\/a><\/p>\n<p><a href=\"https:\/\/blog.edu.turku.fi\/monikulttuurinenopetus\/files\/2023\/11\/Wilma-merkinnat-somali.pdf\">Wilma-merkinn\u00e4t somali<\/a><\/p>\n<p><a href=\"https:\/\/blog.edu.turku.fi\/monikulttuurinenopetus\/files\/2023\/11\/Wilma-merkinnat-ukraina.pdf\">Wilma-merkinn\u00e4t ukraina<\/a><\/p>\n<p><a href=\"https:\/\/blog.edu.turku.fi\/monikulttuurinenopetus\/files\/2023\/11\/Wilma-merkinnat-venaja.pdf\">Wilma-merkinn\u00e4t ven\u00e4j\u00e4<\/a><\/p>\n","protected":false},"excerpt":{"rendered":"<p>Turun monikielinen henkil\u00f6st\u00f6 on laatinut kieliversioita Wilma-merkinn\u00f6ist\u00e4. Otathan huomioon, ett\u00e4 ne eiv\u00e4t ole virallisen asiointitulkin laatimia! K\u00e4\u00e4nn\u00f6ksi\u00e4 muille kielille sek\u00e4 korjauksia nykyisiin k\u00e4\u00e4nn\u00f6ksiin voi ehdottaa Annika Raelle,\u00a0 etunimi.sukunimi@turku.fi. Wilma-merkinn\u00e4t suomi Wilma-merkinn\u00e4t albania Wilma-merkinn\u00e4t arabia Wilma-merkinn\u00e4t englanti Wilma-merkinn\u00e4t kurdi Wilma-merkinn\u00e4t somali Wilma-merkinn\u00e4t ukraina Wilma-merkinn\u00e4t ven\u00e4j\u00e4<\/p>\n","protected":false},"author":3328,"featured_media":0,"parent":0,"menu_order":0,"comment_status":"closed","ping_status":"closed","template":"","meta":{"footnotes":""},"class_list":["post-1974","page","type-page","status-publish","hentry"],"_links":{"self":[{"href":"https:\/\/blog.edu.turku.fi\/monikulttuurinenopetus\/wp-json\/wp\/v2\/pages\/1974","targetHints":{"allow":["GET"]}}],"collection":[{"href":"https:\/\/blog.edu.turku.fi\/monikulttuurinenopetus\/wp-json\/wp\/v2\/pages"}],"about":[{"href":"https:\/\/blog.edu.turku.fi\/monikulttuurinenopetus\/wp-json\/wp\/v2\/types\/page"}],"author":[{"embeddable":true,"href":"https:\/\/blog.edu.turku.fi\/monikulttuurinenopetus\/wp-json\/wp\/v2\/users\/3328"}],"replies":[{"embeddable":true,"href":"https:\/\/blog.edu.turku.fi\/monikulttuurinenopetus\/wp-json\/wp\/v2\/comments?post=1974"}],"version-history":[{"count":6,"href":"https:\/\/blog.edu.turku.fi\/monikulttuurinenopetus\/wp-json\/wp\/v2\/pages\/1974\/revisions"}],"predecessor-version":[{"id":2117,"href":"https:\/\/blog.edu.turku.fi\/monikulttuurinenopetus\/wp-json\/wp\/v2\/pages\/1974\/revisions\/2117"}],"wp:attachment":[{"href":"https:\/\/blog.edu.turku.fi\/monikulttuurinenopetus\/wp-json\/wp\/v2\/media?parent=1974"}],"curies":[{"name":"wp","href":"https:\/\/api.w.org\/{rel}","templated":true}]}}