{"id":1962,"date":"2023-11-13T13:12:41","date_gmt":"2023-11-13T11:12:41","guid":{"rendered":"https:\/\/blog.edu.turku.fi\/monikulttuurinenopetus\/?page_id=1962"},"modified":"2023-11-13T13:12:41","modified_gmt":"2023-11-13T11:12:41","slug":"folin-kuvaohjeet-ja-selkosivut","status":"publish","type":"page","link":"https:\/\/blog.edu.turku.fi\/monikulttuurinenopetus\/folin-kuvaohjeet-ja-selkosivut\/","title":{"rendered":"F\u00f6lin kuvaohjeet ja selkosivut"},"content":{"rendered":"<p><a href=\"https:\/\/www.foli.fi\/fi\/selko\/etusivu\">Etusivu | F\u00f6li (foli.fi)<\/a><\/p>\n<div class=\"sc-d4b1055-0 iTfWGz\">\n<p>F\u00f6li selkokielell\u00e4<br \/>\nTurun seudun joukkoliikenteen eli F\u00f6lin selkokieliset verkkosivut. T\u00e4\u00e4lt\u00e4 l\u00f6yd\u00e4t tietoa, miten matkustat F\u00f6lill\u00e4.<\/p>\n<p><a href=\"https:\/\/www.foli.fi\/fi\/selko\/kuvakommunikaatioohjeet\">Kuvakommunikaatio-ohjeet | F\u00f6li (foli.fi)<\/a><\/p>\n<p>Ohjeita on kolme:<\/p>\n<ol>\n<li>Matkakortin voimassaolo<\/li>\n<li>N\u00e4in lataan matkakorttini<\/li>\n<li>N\u00e4in matkustan F\u00f6lin bussilla<\/li>\n<\/ol>\n<p>Ohjeet voi my\u00f6s tulostaa.<\/p>\n<\/div>\n","protected":false},"excerpt":{"rendered":"<p>Etusivu | F\u00f6li (foli.fi) F\u00f6li selkokielell\u00e4 Turun seudun joukkoliikenteen eli F\u00f6lin selkokieliset verkkosivut. T\u00e4\u00e4lt\u00e4 l\u00f6yd\u00e4t tietoa, miten matkustat F\u00f6lill\u00e4. Kuvakommunikaatio-ohjeet | F\u00f6li (foli.fi) Ohjeita on kolme: Matkakortin voimassaolo N\u00e4in lataan matkakorttini N\u00e4in matkustan F\u00f6lin bussilla Ohjeet voi my\u00f6s tulostaa.<\/p>\n","protected":false},"author":3328,"featured_media":0,"parent":0,"menu_order":0,"comment_status":"closed","ping_status":"closed","template":"","meta":{"footnotes":""},"class_list":["post-1962","page","type-page","status-publish","hentry"],"_links":{"self":[{"href":"https:\/\/blog.edu.turku.fi\/monikulttuurinenopetus\/wp-json\/wp\/v2\/pages\/1962","targetHints":{"allow":["GET"]}}],"collection":[{"href":"https:\/\/blog.edu.turku.fi\/monikulttuurinenopetus\/wp-json\/wp\/v2\/pages"}],"about":[{"href":"https:\/\/blog.edu.turku.fi\/monikulttuurinenopetus\/wp-json\/wp\/v2\/types\/page"}],"author":[{"embeddable":true,"href":"https:\/\/blog.edu.turku.fi\/monikulttuurinenopetus\/wp-json\/wp\/v2\/users\/3328"}],"replies":[{"embeddable":true,"href":"https:\/\/blog.edu.turku.fi\/monikulttuurinenopetus\/wp-json\/wp\/v2\/comments?post=1962"}],"version-history":[{"count":2,"href":"https:\/\/blog.edu.turku.fi\/monikulttuurinenopetus\/wp-json\/wp\/v2\/pages\/1962\/revisions"}],"predecessor-version":[{"id":1965,"href":"https:\/\/blog.edu.turku.fi\/monikulttuurinenopetus\/wp-json\/wp\/v2\/pages\/1962\/revisions\/1965"}],"wp:attachment":[{"href":"https:\/\/blog.edu.turku.fi\/monikulttuurinenopetus\/wp-json\/wp\/v2\/media?parent=1962"}],"curies":[{"name":"wp","href":"https:\/\/api.w.org\/{rel}","templated":true}]}}