{"id":1951,"date":"2023-10-23T10:09:22","date_gmt":"2023-10-23T07:09:22","guid":{"rendered":"https:\/\/blog.edu.turku.fi\/monikulttuurinenopetus\/?page_id=1951"},"modified":"2025-03-12T09:51:38","modified_gmt":"2025-03-12T07:51:38","slug":"kielitietoisuus-eri-oppiaineissa","status":"publish","type":"page","link":"https:\/\/blog.edu.turku.fi\/monikulttuurinenopetus\/kielitietoisuus-eri-oppiaineissa\/","title":{"rendered":"Kielitietoisuus eri oppiaineissa"},"content":{"rendered":"<p>Luokan sein\u00e4lle ja opettajainhuoneeseen tulostettavaa materiaalia:<\/p>\n<p>Yleiset vinkit <a href=\"https:\/\/blog.edu.turku.fi\/monikulttuurinenopetus\/files\/2023\/10\/Kielitietoisuusvinkit_yleiset_logoilla.pdf\">Kielitietoisuusvinkit_yleiset<\/a><\/p>\n<p>Taito- ja taideaineet <a href=\"https:\/\/blog.edu.turku.fi\/monikulttuurinenopetus\/files\/2023\/10\/Kielitietoisuusvinkit_taitoaineet_logoilla.pdf\">Kielitietoisuusvinkit_taitoaineet<\/a><\/p>\n<p>Matematiikka <a href=\"https:\/\/blog.edu.turku.fi\/monikulttuurinenopetus\/files\/2023\/10\/Kielitietoisuusvinkit_matikka_logoilla.pdf\">Kielitietoisuusvinkit_matikka<\/a><\/p>\n<p>Lukuaineet ja tekstin k\u00e4sittely <a href=\"https:\/\/blog.edu.turku.fi\/monikulttuurinenopetus\/files\/2023\/10\/Kielitietoisuusvinkit_lukuaineet_logoilla.pdf\">Kielitietoisuusvinkit_lukuaineet<\/a><\/p>\n<p>Kielet <a href=\"https:\/\/blog.edu.turku.fi\/monikulttuurinenopetus\/files\/2023\/10\/Kielitietoisuusvinkit_kielet_logoilla.pdf\">Kielitietoisuusvinkit_kielet<\/a><\/p>\n<p>Esimerkkej\u00e4 eri oppiaineiden kielitietoisista ty\u00f6tavoista (OPH:n materiaali): <a href=\"https:\/\/www.oph.fi\/fi\/oppimateriaali\/monilukutaitoa-kielitietoisesti-eri-oppiaineissa-tietoa-ja-tyotapoja\/esimerkkeja-eri\">Esimerkkej\u00e4 eri oppiaineiden kielitietoisista ty\u00f6tavoista | Opetushallitus (oph.fi)<\/a><\/p>\n<p>N\u00e4in teet opetuksestasi kielitietoisempaa: <a href=\"https:\/\/salo.fi\/varhaiskasvatus-ja-koulutus\/lukeva-salo\/monikieliset-oppilaamme\/#ac_n%c3%a4in+teet+opetuksestasi+kielitietoista+,ac_kotikielen+t%c3%a4rkeydest%c3%a4+\">Monikieliset oppilaamme &#8211; Salo<\/a><\/p>\n","protected":false},"excerpt":{"rendered":"<p>Luokan sein\u00e4lle ja opettajainhuoneeseen tulostettavaa materiaalia: Yleiset vinkit Kielitietoisuusvinkit_yleiset Taito- ja taideaineet Kielitietoisuusvinkit_taitoaineet Matematiikka Kielitietoisuusvinkit_matikka Lukuaineet ja tekstin k\u00e4sittely Kielitietoisuusvinkit_lukuaineet Kielet Kielitietoisuusvinkit_kielet Esimerkkej\u00e4 eri oppiaineiden kielitietoisista ty\u00f6tavoista (OPH:n materiaali): Esimerkkej\u00e4 eri oppiaineiden kielitietoisista ty\u00f6tavoista | Opetushallitus (oph.fi) N\u00e4in teet opetuksestasi kielitietoisempaa: Monikieliset oppilaamme &#8211; Salo<\/p>\n","protected":false},"author":3328,"featured_media":0,"parent":0,"menu_order":0,"comment_status":"closed","ping_status":"closed","template":"","meta":{"footnotes":""},"class_list":["post-1951","page","type-page","status-publish","hentry"],"_links":{"self":[{"href":"https:\/\/blog.edu.turku.fi\/monikulttuurinenopetus\/wp-json\/wp\/v2\/pages\/1951","targetHints":{"allow":["GET"]}}],"collection":[{"href":"https:\/\/blog.edu.turku.fi\/monikulttuurinenopetus\/wp-json\/wp\/v2\/pages"}],"about":[{"href":"https:\/\/blog.edu.turku.fi\/monikulttuurinenopetus\/wp-json\/wp\/v2\/types\/page"}],"author":[{"embeddable":true,"href":"https:\/\/blog.edu.turku.fi\/monikulttuurinenopetus\/wp-json\/wp\/v2\/users\/3328"}],"replies":[{"embeddable":true,"href":"https:\/\/blog.edu.turku.fi\/monikulttuurinenopetus\/wp-json\/wp\/v2\/comments?post=1951"}],"version-history":[{"count":6,"href":"https:\/\/blog.edu.turku.fi\/monikulttuurinenopetus\/wp-json\/wp\/v2\/pages\/1951\/revisions"}],"predecessor-version":[{"id":2177,"href":"https:\/\/blog.edu.turku.fi\/monikulttuurinenopetus\/wp-json\/wp\/v2\/pages\/1951\/revisions\/2177"}],"wp:attachment":[{"href":"https:\/\/blog.edu.turku.fi\/monikulttuurinenopetus\/wp-json\/wp\/v2\/media?parent=1951"}],"curies":[{"name":"wp","href":"https:\/\/api.w.org\/{rel}","templated":true}]}}