{"id":1930,"date":"2023-09-12T14:36:54","date_gmt":"2023-09-12T11:36:54","guid":{"rendered":"https:\/\/blog.edu.turku.fi\/monikulttuurinenopetus\/?page_id=1930"},"modified":"2024-05-17T10:20:05","modified_gmt":"2024-05-17T07:20:05","slug":"mita-on-kielitietoisuus","status":"publish","type":"page","link":"https:\/\/blog.edu.turku.fi\/monikulttuurinenopetus\/mita-on-kielitietoisuus\/","title":{"rendered":"Mit\u00e4 on kielitietoisuus?"},"content":{"rendered":"<p>Kielitietoisuus on eri oppiaineiden (tiedonalojen) kielen ja k\u00e4sitteiden hallintaa ja kuuluu jokaisen oppilaitoksen toimintakulttuuriin.<\/p>\n<p><a href=\"https:\/\/youtu.be\/4byNNmgQVls\" target=\"_blank\" rel=\"noopener\">Mit\u00e4 on kielitietoisuus?\u00a0<\/a> Turkulaiset opettajat kertovat videolla arjen kokemuksensa kautta, miten kielitietoista opetustapaa voi helposti l\u00e4hesty\u00e4. Kielitietoisuus on meid\u00e4n kaikkien yhteinen asia. Pidet\u00e4\u00e4n kaikki oppilaat mukana!<\/p>\n<p>OPH:n tuore materiaali Monilukutaitoa kielitietoisesti eri oppiaineissa &#8211; tietoa ja ty\u00f6tapoja antaa paljon hyvi\u00e4 k\u00e4yt\u00e4nn\u00f6n vinkkej\u00e4. Materiaalin pohjalle voi rakentaa my\u00f6s koulutusiltap\u00e4iv\u00e4n omassa koulussa. <a href=\"https:\/\/www.oph.fi\/fi\/oppimateriaali\/monilukutaitoa-kielitietoisesti-eri-oppiaineissa-tietoa-ja-tyotapoja\">Monilukutaitoa kielitietoisesti eri oppiaineissa \u2013 tietoa ja ty\u00f6tapoja | Opetushallitus (oph.fi)<\/a><\/p>\n<p>Alasivuilta l\u00f6yd\u00e4t lis\u00e4\u00e4 tietoa kielitietoisesta opetuksesta.<\/p>\n","protected":false},"excerpt":{"rendered":"<p>Kielitietoisuus on eri oppiaineiden (tiedonalojen) kielen ja k\u00e4sitteiden hallintaa ja kuuluu jokaisen oppilaitoksen toimintakulttuuriin. Mit\u00e4 on kielitietoisuus?\u00a0 Turkulaiset opettajat kertovat videolla arjen kokemuksensa kautta, miten kielitietoista opetustapaa voi helposti l\u00e4hesty\u00e4. Kielitietoisuus on meid\u00e4n kaikkien yhteinen asia. Pidet\u00e4\u00e4n kaikki oppilaat mukana! OPH:n tuore materiaali Monilukutaitoa kielitietoisesti eri oppiaineissa &#8211; tietoa ja ty\u00f6tapoja antaa paljon hyvi\u00e4 k\u00e4yt\u00e4nn\u00f6n &hellip; <a href=\"https:\/\/blog.edu.turku.fi\/monikulttuurinenopetus\/mita-on-kielitietoisuus\/\" class=\"more-link\">Jatka lukemista<span class=\"screen-reader-text\"> &#8221;Mit\u00e4 on kielitietoisuus?&#8221;<\/span><\/a><\/p>\n","protected":false},"author":3328,"featured_media":0,"parent":0,"menu_order":0,"comment_status":"closed","ping_status":"closed","template":"","meta":{"footnotes":""},"class_list":["post-1930","page","type-page","status-publish","hentry"],"_links":{"self":[{"href":"https:\/\/blog.edu.turku.fi\/monikulttuurinenopetus\/wp-json\/wp\/v2\/pages\/1930","targetHints":{"allow":["GET"]}}],"collection":[{"href":"https:\/\/blog.edu.turku.fi\/monikulttuurinenopetus\/wp-json\/wp\/v2\/pages"}],"about":[{"href":"https:\/\/blog.edu.turku.fi\/monikulttuurinenopetus\/wp-json\/wp\/v2\/types\/page"}],"author":[{"embeddable":true,"href":"https:\/\/blog.edu.turku.fi\/monikulttuurinenopetus\/wp-json\/wp\/v2\/users\/3328"}],"replies":[{"embeddable":true,"href":"https:\/\/blog.edu.turku.fi\/monikulttuurinenopetus\/wp-json\/wp\/v2\/comments?post=1930"}],"version-history":[{"count":5,"href":"https:\/\/blog.edu.turku.fi\/monikulttuurinenopetus\/wp-json\/wp\/v2\/pages\/1930\/revisions"}],"predecessor-version":[{"id":2072,"href":"https:\/\/blog.edu.turku.fi\/monikulttuurinenopetus\/wp-json\/wp\/v2\/pages\/1930\/revisions\/2072"}],"wp:attachment":[{"href":"https:\/\/blog.edu.turku.fi\/monikulttuurinenopetus\/wp-json\/wp\/v2\/media?parent=1930"}],"curies":[{"name":"wp","href":"https:\/\/api.w.org\/{rel}","templated":true}]}}