{"id":1927,"date":"2023-09-12T14:32:56","date_gmt":"2023-09-12T11:32:56","guid":{"rendered":"https:\/\/blog.edu.turku.fi\/monikulttuurinenopetus\/?page_id=1927"},"modified":"2024-08-16T09:17:46","modified_gmt":"2024-08-16T06:17:46","slug":"kielitietoinen-arviointi","status":"publish","type":"page","link":"https:\/\/blog.edu.turku.fi\/monikulttuurinenopetus\/kielitietoinen-arviointi\/","title":{"rendered":"Kielitietoinen arviointi"},"content":{"rendered":"<p><a href=\"https:\/\/blog.edu.turku.fi\/monikulttuurinenopetus\/files\/2023\/09\/Kielitietoisen-arvioijan-vinkkilista-1.pdf\">Kielitietoisen arvioijan vinkkilista<\/a> on k\u00e4tev\u00e4 tarkistuslista kielitietoiselle opettajalle. Vinkkilistaan on koottu keskeisi\u00e4 kielitietoisia arviointitapoja. Arvioinnin tulee olla monipuolista, ja oppilaan tulee olla mahdollista osoittaa osaamistaan eri keinoin. Listassa mainitut arviointikeinot l\u00f6yd\u00e4n tarkemmin selitettyin\u00e4 alla olevista linkeist\u00e4.<\/p>\n<p>Portfolio, oppimisp\u00e4iv\u00e4kirja tai projektity\u00f6<\/p>\n<p>Esitelm\u00e4 (suullinen, kirjallinen, digitaalinen)<\/p>\n<p>Suullinen tai toiminnallinen koe<\/p>\n<p>Piirt\u00e4minen<\/p>\n<p>Lunttilappukoe<\/p>\n<p>Toiminnalliset harjoitukset<\/p>\n<p>Kirja mukana -koe<\/p>\n<p>Kotikoe tai kotona teht\u00e4v\u00e4t teht\u00e4v\u00e4t<\/p>\n<p>Kokeeseen vastaaminen eri kielell\u00e4<\/p>\n<p>Parikoe tai ryhm\u00e4koe<\/p>\n<p>S\u00e4hk\u00f6inen koe<\/p>\n<p>Keskustelu<\/p>\n<p>Kirjoitelma tai essee<\/p>\n","protected":false},"excerpt":{"rendered":"<p>Kielitietoisen arvioijan vinkkilista on k\u00e4tev\u00e4 tarkistuslista kielitietoiselle opettajalle. Vinkkilistaan on koottu keskeisi\u00e4 kielitietoisia arviointitapoja. Arvioinnin tulee olla monipuolista, ja oppilaan tulee olla mahdollista osoittaa osaamistaan eri keinoin. Listassa mainitut arviointikeinot l\u00f6yd\u00e4n tarkemmin selitettyin\u00e4 alla olevista linkeist\u00e4. Portfolio, oppimisp\u00e4iv\u00e4kirja tai projektity\u00f6 Esitelm\u00e4 (suullinen, kirjallinen, digitaalinen) Suullinen tai toiminnallinen koe Piirt\u00e4minen Lunttilappukoe Toiminnalliset harjoitukset Kirja mukana -koe &hellip; <a href=\"https:\/\/blog.edu.turku.fi\/monikulttuurinenopetus\/kielitietoinen-arviointi\/\" class=\"more-link\">Jatka lukemista<span class=\"screen-reader-text\"> &#8221;Kielitietoinen arviointi&#8221;<\/span><\/a><\/p>\n","protected":false},"author":3328,"featured_media":0,"parent":0,"menu_order":0,"comment_status":"closed","ping_status":"closed","template":"","meta":{"footnotes":""},"class_list":["post-1927","page","type-page","status-publish","hentry"],"_links":{"self":[{"href":"https:\/\/blog.edu.turku.fi\/monikulttuurinenopetus\/wp-json\/wp\/v2\/pages\/1927","targetHints":{"allow":["GET"]}}],"collection":[{"href":"https:\/\/blog.edu.turku.fi\/monikulttuurinenopetus\/wp-json\/wp\/v2\/pages"}],"about":[{"href":"https:\/\/blog.edu.turku.fi\/monikulttuurinenopetus\/wp-json\/wp\/v2\/types\/page"}],"author":[{"embeddable":true,"href":"https:\/\/blog.edu.turku.fi\/monikulttuurinenopetus\/wp-json\/wp\/v2\/users\/3328"}],"replies":[{"embeddable":true,"href":"https:\/\/blog.edu.turku.fi\/monikulttuurinenopetus\/wp-json\/wp\/v2\/comments?post=1927"}],"version-history":[{"count":6,"href":"https:\/\/blog.edu.turku.fi\/monikulttuurinenopetus\/wp-json\/wp\/v2\/pages\/1927\/revisions"}],"predecessor-version":[{"id":2116,"href":"https:\/\/blog.edu.turku.fi\/monikulttuurinenopetus\/wp-json\/wp\/v2\/pages\/1927\/revisions\/2116"}],"wp:attachment":[{"href":"https:\/\/blog.edu.turku.fi\/monikulttuurinenopetus\/wp-json\/wp\/v2\/media?parent=1927"}],"curies":[{"name":"wp","href":"https:\/\/api.w.org\/{rel}","templated":true}]}}