{"id":1824,"date":"2023-06-22T12:15:43","date_gmt":"2023-06-22T09:15:43","guid":{"rendered":"https:\/\/blog.edu.turku.fi\/monikulttuurinenopetus\/?page_id=1824"},"modified":"2024-08-16T09:14:14","modified_gmt":"2024-08-16T06:14:14","slug":"kietu-resurssin-kaytto-kouluissa","status":"publish","type":"page","link":"https:\/\/blog.edu.turku.fi\/monikulttuurinenopetus\/kietu-resurssin-kaytto-kouluissa\/","title":{"rendered":"KIETU-resurssin k\u00e4ytt\u00f6 kouluissa"},"content":{"rendered":"<p><strong>Ohjeistus KIETU-resurssin k\u00e4yt\u00f6st\u00e4:<\/strong><\/p>\n<ul>\n<li>Kielellisesti tuettu opetus (KIETU) on suomen\/ruotsin kielen ja eri oppiaineiden tukiopetusta suomeksi\/ruotsiksi oppilaille, jotka tarvitsevat tukea kehittyv\u00e4\u00e4n opiskelukieleen, opiskeluvalmiuksiin ja \/ tai koulunk\u00e4yntivalmiuksiin.<\/li>\n<li>Koulut saavat lukuvuodeksi kerrallaan KIETU-resurssin, jonka suuruus riippuu vieraskielisten oppilaiden m\u00e4\u00e4r\u00e4st\u00e4 sek\u00e4 siit\u00e4, kuinka kauan ko. oppilaat ovat opiskelleet perusopetuksessa. P\u00e4\u00e4paino on yl\u00e4kouluik\u00e4isin\u00e4 maahan tulleiden oppilaiden tukemisessa.<\/li>\n<li>KIETU-opetus voidaan j\u00e4rjest\u00e4\u00e4 koulup\u00e4iv\u00e4n aikaisena tai sen ulkopuolisena aikana pienryhm\u00e4opetuksena tai muun opetuksen yhteydess\u00e4 esim. samanaikaisopetuksena. Kuka vain koulun opettajista voi antaa tukiopetusta.<\/li>\n<li>Kunkin koulun rehtori p\u00e4\u00e4tt\u00e4\u00e4 miten KIETU-resurssi koululla jaetaan ja miten henkil\u00f6t koulun sis\u00e4ll\u00e4 vastuutetaan. KIETU-tuki on erikseen valtiolta anottavaa tukea, joten koulut raportoivat sen k\u00e4yt\u00f6st\u00e4 monikulttuurisen opetuksen suunnittelijan ohjeistuksen mukaisesti loppuvuodesta teht\u00e4v\u00e4\u00e4 rahoitushakemusta varten.<\/li>\n<li>Jos KIETU-tunnit keskitet\u00e4\u00e4n koulussa yhdelle opettajalle ja tunteja on useita, on KIETU-opettaja se, kenell\u00e4 on paras k\u00e4sitys oppilaan tuen tarpeista. H\u00e4n on n\u00e4in luontevasti osavastuussa oppilaan kokonaishyvinvoinnista, ohjauksesta, oppilaan pedagogisten asiakirjojen laatimisesta ja p\u00e4ivitt\u00e4misest\u00e4 sek\u00e4 sit\u00e4 kautta my\u00f6s kodin ja koulun v\u00e4lisest\u00e4 yhteisty\u00f6st\u00e4.<\/li>\n<\/ul>\n","protected":false},"excerpt":{"rendered":"<p>Ohjeistus KIETU-resurssin k\u00e4yt\u00f6st\u00e4: Kielellisesti tuettu opetus (KIETU) on suomen\/ruotsin kielen ja eri oppiaineiden tukiopetusta suomeksi\/ruotsiksi oppilaille, jotka tarvitsevat tukea kehittyv\u00e4\u00e4n opiskelukieleen, opiskeluvalmiuksiin ja \/ tai koulunk\u00e4yntivalmiuksiin. Koulut saavat lukuvuodeksi kerrallaan KIETU-resurssin, jonka suuruus riippuu vieraskielisten oppilaiden m\u00e4\u00e4r\u00e4st\u00e4 sek\u00e4 siit\u00e4, kuinka kauan ko. oppilaat ovat opiskelleet perusopetuksessa. P\u00e4\u00e4paino on yl\u00e4kouluik\u00e4isin\u00e4 maahan tulleiden oppilaiden tukemisessa. KIETU-opetus voidaan &hellip; <a href=\"https:\/\/blog.edu.turku.fi\/monikulttuurinenopetus\/kietu-resurssin-kaytto-kouluissa\/\" class=\"more-link\">Jatka lukemista<span class=\"screen-reader-text\"> &#8221;KIETU-resurssin k\u00e4ytt\u00f6 kouluissa&#8221;<\/span><\/a><\/p>\n","protected":false},"author":3328,"featured_media":0,"parent":0,"menu_order":0,"comment_status":"closed","ping_status":"closed","template":"","meta":{"footnotes":""},"class_list":["post-1824","page","type-page","status-publish","hentry"],"_links":{"self":[{"href":"https:\/\/blog.edu.turku.fi\/monikulttuurinenopetus\/wp-json\/wp\/v2\/pages\/1824","targetHints":{"allow":["GET"]}}],"collection":[{"href":"https:\/\/blog.edu.turku.fi\/monikulttuurinenopetus\/wp-json\/wp\/v2\/pages"}],"about":[{"href":"https:\/\/blog.edu.turku.fi\/monikulttuurinenopetus\/wp-json\/wp\/v2\/types\/page"}],"author":[{"embeddable":true,"href":"https:\/\/blog.edu.turku.fi\/monikulttuurinenopetus\/wp-json\/wp\/v2\/users\/3328"}],"replies":[{"embeddable":true,"href":"https:\/\/blog.edu.turku.fi\/monikulttuurinenopetus\/wp-json\/wp\/v2\/comments?post=1824"}],"version-history":[{"count":3,"href":"https:\/\/blog.edu.turku.fi\/monikulttuurinenopetus\/wp-json\/wp\/v2\/pages\/1824\/revisions"}],"predecessor-version":[{"id":2113,"href":"https:\/\/blog.edu.turku.fi\/monikulttuurinenopetus\/wp-json\/wp\/v2\/pages\/1824\/revisions\/2113"}],"wp:attachment":[{"href":"https:\/\/blog.edu.turku.fi\/monikulttuurinenopetus\/wp-json\/wp\/v2\/media?parent=1824"}],"curies":[{"name":"wp","href":"https:\/\/api.w.org\/{rel}","templated":true}]}}