{"id":1765,"date":"2023-06-22T10:10:05","date_gmt":"2023-06-22T07:10:05","guid":{"rendered":"https:\/\/blog.edu.turku.fi\/monikulttuurinenopetus\/?page_id=1765"},"modified":"2025-06-17T13:58:22","modified_gmt":"2025-06-17T10:58:22","slug":"suomen-kielen-oppimissivustot","status":"publish","type":"page","link":"https:\/\/blog.edu.turku.fi\/monikulttuurinenopetus\/suomen-kielen-oppimissivustot\/","title":{"rendered":"Suomen kielen oppimissivustot"},"content":{"rendered":"<p><a href=\"http:\/\/sanapaja.edu.fi\/\" target=\"_blank\" rel=\"noopener noreferrer\"><u><span style=\"color: #0066cc\">Sanapaja<\/span><\/u><\/a> &#8211; palvelu, jossa eri oppiaineissa esiintyvi\u00e4 vaikeita sanoja ja k\u00e4sitteit\u00e4<\/p>\n<p><a href=\"http:\/\/suomitaskussa.eu\/\"><u><span style=\"color: #0066cc\">Suomi taskussa<\/span><\/u><\/a> &#8211; ilmainen mobiilioppimisalusta maahanmuuttajille<\/p>\n<p>PELIMO-hankkeessa on kehitetty peli 4-6 luokkalaisten lasten monikulttuurisuuskasvatuksen k\u00e4ytt\u00f6\u00f6n kouluissa, osana yhteiskuntaopin opetusta. Peli on toteutettu suomeksi ja ruotsiksi. PELIMO \u2013mobiilipeli on nyt ladattavissa sovelluskaupoista. Opettajan oppaan voi ladata hankeen sivuilta <a href=\"http:\/\/pelimo.turkuamk.fi\/\">http:\/\/pelimo.turkuamk.fi<\/a><\/p>\n","protected":false},"excerpt":{"rendered":"<p>Sanapaja &#8211; palvelu, jossa eri oppiaineissa esiintyvi\u00e4 vaikeita sanoja ja k\u00e4sitteit\u00e4 Suomi taskussa &#8211; ilmainen mobiilioppimisalusta maahanmuuttajille PELIMO-hankkeessa on kehitetty peli 4-6 luokkalaisten lasten monikulttuurisuuskasvatuksen k\u00e4ytt\u00f6\u00f6n kouluissa, osana yhteiskuntaopin opetusta. Peli on toteutettu suomeksi ja ruotsiksi. PELIMO \u2013mobiilipeli on nyt ladattavissa sovelluskaupoista. Opettajan oppaan voi ladata hankeen sivuilta http:\/\/pelimo.turkuamk.fi<\/p>\n","protected":false},"author":3328,"featured_media":0,"parent":0,"menu_order":0,"comment_status":"closed","ping_status":"closed","template":"","meta":{"footnotes":""},"class_list":["post-1765","page","type-page","status-publish","hentry"],"_links":{"self":[{"href":"https:\/\/blog.edu.turku.fi\/monikulttuurinenopetus\/wp-json\/wp\/v2\/pages\/1765","targetHints":{"allow":["GET"]}}],"collection":[{"href":"https:\/\/blog.edu.turku.fi\/monikulttuurinenopetus\/wp-json\/wp\/v2\/pages"}],"about":[{"href":"https:\/\/blog.edu.turku.fi\/monikulttuurinenopetus\/wp-json\/wp\/v2\/types\/page"}],"author":[{"embeddable":true,"href":"https:\/\/blog.edu.turku.fi\/monikulttuurinenopetus\/wp-json\/wp\/v2\/users\/3328"}],"replies":[{"embeddable":true,"href":"https:\/\/blog.edu.turku.fi\/monikulttuurinenopetus\/wp-json\/wp\/v2\/comments?post=1765"}],"version-history":[{"count":4,"href":"https:\/\/blog.edu.turku.fi\/monikulttuurinenopetus\/wp-json\/wp\/v2\/pages\/1765\/revisions"}],"predecessor-version":[{"id":2191,"href":"https:\/\/blog.edu.turku.fi\/monikulttuurinenopetus\/wp-json\/wp\/v2\/pages\/1765\/revisions\/2191"}],"wp:attachment":[{"href":"https:\/\/blog.edu.turku.fi\/monikulttuurinenopetus\/wp-json\/wp\/v2\/media?parent=1765"}],"curies":[{"name":"wp","href":"https:\/\/api.w.org\/{rel}","templated":true}]}}