{"id":1743,"date":"2023-06-22T09:28:41","date_gmt":"2023-06-22T06:28:41","guid":{"rendered":"https:\/\/blog.edu.turku.fi\/monikulttuurinenopetus\/?page_id=1743"},"modified":"2023-07-12T13:17:42","modified_gmt":"2023-07-12T10:17:42","slug":"vanhempainillat-power-point-esityksina","status":"publish","type":"page","link":"https:\/\/blog.edu.turku.fi\/monikulttuurinenopetus\/vanhempainillat-power-point-esityksina\/","title":{"rendered":"Vanhempainillat Power Point  -esityksin\u00e4"},"content":{"rendered":"<p><strong>Pedagoginen kulttuuri Suomessa<\/strong>: <em>opettajan rooli, oppilaan vastuu, huoltajan rooli, riitojen selvitt\u00e4minen.\u00a0<\/em><a href=\"https:\/\/blog.edu.turku.fi\/monikulttuurinenopetus\/files\/2023\/07\/Pedagoginen-kulttuuri-Suomessa_Power-Point.pptx\">Pedagoginen kulttuuri Suomessa_Power Point<\/a><\/p>\n<p><strong>Suomalainen kouluj\u00e4rjestelm\u00e4 ja koulunk\u00e4ynnin tuki:<\/strong> <em>alakoulun ja yl\u00e4koulun keskeiset erot, suomalainen kouluj\u00e4rjestelm\u00e4 varhaiskasvatuksesta korkea-asteelle ja aikuiskoulutukseen, kolmiportaisen tuen perusteet. <\/em><a href=\"https:\/\/blog.edu.turku.fi\/monikulttuurinenopetus\/files\/2023\/07\/Suomalainen-koulujarjestelma-ja-koulunkaynnin-tuki_Power-Point-1.pptx\">Suomalainen kouluj\u00e4rjestelm\u00e4 ja koulunk\u00e4ynnin tuki_Power Point<\/a><\/p>\n<p><strong>Koulu turvallisena tilana:<\/strong> <em>suomalainen yhteiskunta on moniarvoinen, koulun ja kodin roolit,\u00a0riidat, erimielisyydet ja kiusaaminen,\u00a0muut lainvastaiset teot,\u00a0 toimenpiteet koulussa.<\/em> <a href=\"https:\/\/blog.edu.turku.fi\/monikulttuurinenopetus\/files\/2023\/07\/Koulu-turvallisena-tilana_Power-Point.pptx\">Koulu turvallisena tilana_Power Point<\/a><\/p>\n<p><strong>Koulupolku ja koulunk\u00e4ynti Suomessa:<\/strong> <em>Suomen koulutusj\u00e4rjestelm\u00e4 ja suomalainen peruskoulu, alakoulun ja yl\u00e4koulun nivelvaihe, valmistavasta opetuksesta perusopetukseen, yl\u00e4koulusta jatko-opintoihin ja lukion vaativuus, huoltajan teht\u00e4v\u00e4t ja lapsen p\u00e4iv\u00e4rytmi, Wilma.<\/em> <a href=\"https:\/\/blog.edu.turku.fi\/monikulttuurinenopetus\/files\/2023\/07\/Koulupolku-ja-koulunkaynti-Suomessa_Power-Point.pptx\">Koulupolku ja koulunk\u00e4ynti Suomessa_Power Point<\/a><\/p>\n","protected":false},"excerpt":{"rendered":"<p>Pedagoginen kulttuuri Suomessa: opettajan rooli, oppilaan vastuu, huoltajan rooli, riitojen selvitt\u00e4minen.\u00a0Pedagoginen kulttuuri Suomessa_Power Point Suomalainen kouluj\u00e4rjestelm\u00e4 ja koulunk\u00e4ynnin tuki: alakoulun ja yl\u00e4koulun keskeiset erot, suomalainen kouluj\u00e4rjestelm\u00e4 varhaiskasvatuksesta korkea-asteelle ja aikuiskoulutukseen, kolmiportaisen tuen perusteet. Suomalainen kouluj\u00e4rjestelm\u00e4 ja koulunk\u00e4ynnin tuki_Power Point Koulu turvallisena tilana: suomalainen yhteiskunta on moniarvoinen, koulun ja kodin roolit,\u00a0riidat, erimielisyydet ja kiusaaminen,\u00a0muut lainvastaiset teot,\u00a0 &hellip; <a href=\"https:\/\/blog.edu.turku.fi\/monikulttuurinenopetus\/vanhempainillat-power-point-esityksina\/\" class=\"more-link\">Jatka lukemista<span class=\"screen-reader-text\"> &#8221;Vanhempainillat Power Point  -esityksin\u00e4&#8221;<\/span><\/a><\/p>\n","protected":false},"author":3328,"featured_media":0,"parent":0,"menu_order":0,"comment_status":"closed","ping_status":"closed","template":"","meta":{"footnotes":""},"class_list":["post-1743","page","type-page","status-publish","hentry"],"_links":{"self":[{"href":"https:\/\/blog.edu.turku.fi\/monikulttuurinenopetus\/wp-json\/wp\/v2\/pages\/1743","targetHints":{"allow":["GET"]}}],"collection":[{"href":"https:\/\/blog.edu.turku.fi\/monikulttuurinenopetus\/wp-json\/wp\/v2\/pages"}],"about":[{"href":"https:\/\/blog.edu.turku.fi\/monikulttuurinenopetus\/wp-json\/wp\/v2\/types\/page"}],"author":[{"embeddable":true,"href":"https:\/\/blog.edu.turku.fi\/monikulttuurinenopetus\/wp-json\/wp\/v2\/users\/3328"}],"replies":[{"embeddable":true,"href":"https:\/\/blog.edu.turku.fi\/monikulttuurinenopetus\/wp-json\/wp\/v2\/comments?post=1743"}],"version-history":[{"count":8,"href":"https:\/\/blog.edu.turku.fi\/monikulttuurinenopetus\/wp-json\/wp\/v2\/pages\/1743\/revisions"}],"predecessor-version":[{"id":1859,"href":"https:\/\/blog.edu.turku.fi\/monikulttuurinenopetus\/wp-json\/wp\/v2\/pages\/1743\/revisions\/1859"}],"wp:attachment":[{"href":"https:\/\/blog.edu.turku.fi\/monikulttuurinenopetus\/wp-json\/wp\/v2\/media?parent=1743"}],"curies":[{"name":"wp","href":"https:\/\/api.w.org\/{rel}","templated":true}]}}