{"id":1729,"date":"2023-06-22T09:03:17","date_gmt":"2023-06-22T06:03:17","guid":{"rendered":"https:\/\/blog.edu.turku.fi\/monikulttuurinenopetus\/?page_id=1729"},"modified":"2025-03-06T09:19:00","modified_gmt":"2025-03-06T07:19:00","slug":"verkostoidu","status":"publish","type":"page","link":"https:\/\/blog.edu.turku.fi\/monikulttuurinenopetus\/verkostoidu\/","title":{"rendered":"Verkostoidu!"},"content":{"rendered":"<p>Turun perusopetuksen opettajaryhmille viestit\u00e4\u00e4n p\u00e4\u00e4osin s\u00e4hk\u00f6postitse ja Teamsissa. Jos et ole oman opettajaryhm\u00e4si s\u00e4hk\u00f6postilistalla tai monikulttuurisen opetuksen Teams-ryhm\u00e4ss\u00e4, olethan yhteydess\u00e4 monikulttuurisen opetuksen suunnittelijaan.<\/p>\n<p>Lista FB-yhteis\u00f6ist\u00e4, joista voi olla iloa ja hy\u00f6ty\u00e4 monikulttuurisen opetuksen opettajien ty\u00f6ss\u00e4:<\/p>\n<p><strong>VALOA! Maahanmuuttajien valmistava opetus<\/strong> (Ryhm\u00e4 maahanmuuttajien valmistavan opetuksen parissa toimiville <span class=\"text_exposed_show\">opettajille ja avustajille. Jaetaan ajatuksia, ideoita ja toimivia k\u00e4yt\u00e4nteit\u00e4 sek\u00e4 luodaan v\u00e4h\u00e4n yhteenkuuluvaisuutta! <\/span>)<\/p>\n<p><strong>Oman \u00e4idinkielen opettajat<\/strong> (Ryhm\u00e4n tarkoituksena on, ett\u00e4 opettajat p\u00e4\u00e4sev\u00e4t jakamaan kokemuksiaan opettamisesta ja samalla se pit\u00e4\u00e4 yll\u00e4 yhteist\u00e4 tiimihenke\u00e4.)<\/p>\n<p><strong>Suomen opettajien ja kasvattajien foorumi #SOKF<\/strong> (T\u00e4m\u00e4 on ryhm\u00e4 kaikille koulusta ja kasvatuksesta kiinnostuneille &#8211; ei vain &#8221;uudesta koulusta&#8221; kiinnostuneille. Kaipaamme arvostavaa, yhteist\u00e4 keskustelua siit\u00e4, miten koulu &#8211; ja kasvatus ylip\u00e4\u00e4t\u00e4\u00e4n &#8211; voi olla kunnioittavaa ja kaikkien hyvinvointia tukevaa.)<\/p>\n<p><strong>Perusopetuksen suomenopettajat<\/strong> (Haluatko vaikuttaa perusopetuksen suomen kielen opetukseen? Tule mukaan ty\u00f6ry<span class=\"text_exposed_show\">hm\u00e4\u00e4n, jos vastauksesi on kyll\u00e4! Tarkoituksena on keskustella perusopetuksen ajankohtaisista asioista, esimerkiksi oppim\u00e4\u00e4r\u00e4n valinnasta ja\u00a0 opetussuunnitelmien toteutumisesta paikallisella tasolla. My\u00f6s valmistavan opetuksen vaikuttajat ovat tervetulleita ryhm\u00e4\u00e4mme.)<\/span><\/p>\n<p><strong>Lukutaitoverkosto<\/strong> (Ryhm\u00e4\u00e4n ovat tervetu<span class=\"text_exposed_show\">lleita kaikki suomea toisena kielen\u00e4 puhuvien luku- ja kirjoitustaidon opetuksesta kiinnostuneet. Jaetaan uutisia, ideoita ja ajatuksia sek\u00e4 kirjoitellaan mielenkiintoisista lukutaitoasioista!<\/span>)<\/p>\n<p><strong>Suomen kieli on koti, mets\u00e4 ja puutarha<\/strong> (Ryhm\u00e4 edist\u00e4\u00e4 my\u00f6nteist<span class=\"text_exposed_show\">\u00e4 suhtautumista suomen kielen k\u00e4ytt\u00e4miseen, vaalimiseen, huoltamiseen. Ryhm\u00e4n tavoitteena on pohtia sanojen ja ilmausten merkityksi\u00e4 erilaisissa konteksteissa, keskustella kielenk\u00e4yt\u00f6n rekistereist\u00e4. Ryhm\u00e4 arvostaa monenlaista suomea<\/span>)<\/p>\n<p><strong>Kansainv\u00e4lisyys ja globaalikasvatus kouluissa<\/strong> (Ryhm\u00e4n tavoitteena on jakaa tietoja tapahtumista, ideoita, linkkej\u00e4, materiaaleja, kokemuksia ja hyvi\u00e4 k\u00e4yt\u00e4nt\u00f6j\u00e4 sek\u00e4 keskustella kaikesta koulujen kansainv\u00e4lisyyteen ja globaalikasvatukseen liittyvist\u00e4 asioista.)<\/p>\n","protected":false},"excerpt":{"rendered":"<p>Turun perusopetuksen opettajaryhmille viestit\u00e4\u00e4n p\u00e4\u00e4osin s\u00e4hk\u00f6postitse ja Teamsissa. Jos et ole oman opettajaryhm\u00e4si s\u00e4hk\u00f6postilistalla tai monikulttuurisen opetuksen Teams-ryhm\u00e4ss\u00e4, olethan yhteydess\u00e4 monikulttuurisen opetuksen suunnittelijaan. Lista FB-yhteis\u00f6ist\u00e4, joista voi olla iloa ja hy\u00f6ty\u00e4 monikulttuurisen opetuksen opettajien ty\u00f6ss\u00e4: VALOA! Maahanmuuttajien valmistava opetus (Ryhm\u00e4 maahanmuuttajien valmistavan opetuksen parissa toimiville opettajille ja avustajille. Jaetaan ajatuksia, ideoita ja toimivia k\u00e4yt\u00e4nteit\u00e4 sek\u00e4 &hellip; <a href=\"https:\/\/blog.edu.turku.fi\/monikulttuurinenopetus\/verkostoidu\/\" class=\"more-link\">Jatka lukemista<span class=\"screen-reader-text\"> &#8221;Verkostoidu!&#8221;<\/span><\/a><\/p>\n","protected":false},"author":3328,"featured_media":0,"parent":0,"menu_order":0,"comment_status":"closed","ping_status":"closed","template":"","meta":{"footnotes":""},"class_list":["post-1729","page","type-page","status-publish","hentry"],"_links":{"self":[{"href":"https:\/\/blog.edu.turku.fi\/monikulttuurinenopetus\/wp-json\/wp\/v2\/pages\/1729","targetHints":{"allow":["GET"]}}],"collection":[{"href":"https:\/\/blog.edu.turku.fi\/monikulttuurinenopetus\/wp-json\/wp\/v2\/pages"}],"about":[{"href":"https:\/\/blog.edu.turku.fi\/monikulttuurinenopetus\/wp-json\/wp\/v2\/types\/page"}],"author":[{"embeddable":true,"href":"https:\/\/blog.edu.turku.fi\/monikulttuurinenopetus\/wp-json\/wp\/v2\/users\/3328"}],"replies":[{"embeddable":true,"href":"https:\/\/blog.edu.turku.fi\/monikulttuurinenopetus\/wp-json\/wp\/v2\/comments?post=1729"}],"version-history":[{"count":5,"href":"https:\/\/blog.edu.turku.fi\/monikulttuurinenopetus\/wp-json\/wp\/v2\/pages\/1729\/revisions"}],"predecessor-version":[{"id":2170,"href":"https:\/\/blog.edu.turku.fi\/monikulttuurinenopetus\/wp-json\/wp\/v2\/pages\/1729\/revisions\/2170"}],"wp:attachment":[{"href":"https:\/\/blog.edu.turku.fi\/monikulttuurinenopetus\/wp-json\/wp\/v2\/media?parent=1729"}],"curies":[{"name":"wp","href":"https:\/\/api.w.org\/{rel}","templated":true}]}}