{"id":1718,"date":"2023-06-21T15:48:14","date_gmt":"2023-06-21T12:48:14","guid":{"rendered":"https:\/\/blog.edu.turku.fi\/monikulttuurinenopetus\/?page_id=1718"},"modified":"2023-06-21T15:48:14","modified_gmt":"2023-06-21T12:48:14","slug":"oman-aidinkielen-opetuksen-opetussuunnitelma","status":"publish","type":"page","link":"https:\/\/blog.edu.turku.fi\/monikulttuurinenopetus\/oman-aidinkielen-opetuksen-opetussuunnitelma\/","title":{"rendered":"Oman \u00e4idinkielen opetuksen opetussuunnitelma"},"content":{"rendered":"<p>Oman \u00e4idinkielen opetuksen opetussuunnitelma\u00a0Turun paikallisessa opetussuunnitelmassa:<\/p>\n<p><a href=\"https:\/\/blog.edu.turku.fi\/monikulttuurinenopetus\/files\/2016\/08\/Turun-perusopetuksen-opetussuunnitelma-LIITE-3_Perusopetusta-t\u00e4ydent\u00e4v\u00e4n-oppilaan-oman-\u00e4idinkielen-opetuksen-tavoitteet-sis\u00e4ll\u00f6t-ja-oppilaan-oppimisen-arviointi.docx\">Turun perusopetuksen opetussuunnitelma, liite 3: Perusopetusta t\u00e4ydent\u00e4v\u00e4n oppilaan oman \u00e4idinkielen opetuksen tavoitteet sis\u00e4ll\u00f6t ja oppilaan oppimisen arviointi<\/a><\/p>\n","protected":false},"excerpt":{"rendered":"<p>Oman \u00e4idinkielen opetuksen opetussuunnitelma\u00a0Turun paikallisessa opetussuunnitelmassa: Turun perusopetuksen opetussuunnitelma, liite 3: Perusopetusta t\u00e4ydent\u00e4v\u00e4n oppilaan oman \u00e4idinkielen opetuksen tavoitteet sis\u00e4ll\u00f6t ja oppilaan oppimisen arviointi<\/p>\n","protected":false},"author":3328,"featured_media":0,"parent":0,"menu_order":0,"comment_status":"closed","ping_status":"closed","template":"","meta":{"footnotes":""},"class_list":["post-1718","page","type-page","status-publish","hentry"],"_links":{"self":[{"href":"https:\/\/blog.edu.turku.fi\/monikulttuurinenopetus\/wp-json\/wp\/v2\/pages\/1718","targetHints":{"allow":["GET"]}}],"collection":[{"href":"https:\/\/blog.edu.turku.fi\/monikulttuurinenopetus\/wp-json\/wp\/v2\/pages"}],"about":[{"href":"https:\/\/blog.edu.turku.fi\/monikulttuurinenopetus\/wp-json\/wp\/v2\/types\/page"}],"author":[{"embeddable":true,"href":"https:\/\/blog.edu.turku.fi\/monikulttuurinenopetus\/wp-json\/wp\/v2\/users\/3328"}],"replies":[{"embeddable":true,"href":"https:\/\/blog.edu.turku.fi\/monikulttuurinenopetus\/wp-json\/wp\/v2\/comments?post=1718"}],"version-history":[{"count":1,"href":"https:\/\/blog.edu.turku.fi\/monikulttuurinenopetus\/wp-json\/wp\/v2\/pages\/1718\/revisions"}],"predecessor-version":[{"id":1720,"href":"https:\/\/blog.edu.turku.fi\/monikulttuurinenopetus\/wp-json\/wp\/v2\/pages\/1718\/revisions\/1720"}],"wp:attachment":[{"href":"https:\/\/blog.edu.turku.fi\/monikulttuurinenopetus\/wp-json\/wp\/v2\/media?parent=1718"}],"curies":[{"name":"wp","href":"https:\/\/api.w.org\/{rel}","templated":true}]}}