{"id":1712,"date":"2023-06-21T15:47:10","date_gmt":"2023-06-21T12:47:10","guid":{"rendered":"https:\/\/blog.edu.turku.fi\/monikulttuurinenopetus\/?page_id=1712"},"modified":"2023-06-21T15:47:10","modified_gmt":"2023-06-21T12:47:10","slug":"suomi-toisena-kielena-ja-kirjallisuus-oppimaaran-opetussuunnitelma","status":"publish","type":"page","link":"https:\/\/blog.edu.turku.fi\/monikulttuurinenopetus\/suomi-toisena-kielena-ja-kirjallisuus-oppimaaran-opetussuunnitelma\/","title":{"rendered":"Suomi toisena kielen\u00e4 ja kirjallisuus -oppim\u00e4\u00e4r\u00e4n opetussuunnitelma"},"content":{"rendered":"<p>Turun perusopetuksen opetussuunnitelma S2-opetuksen osalta:<\/p>\n<p><a href=\"https:\/\/blog.edu.turku.fi\/monikulttuurinenopetus\/files\/2016\/08\/Turun-perusopetuksen-opetussuunnitelman-luku-13-S2-vuosiluokilla-1-2.docx\" rel=\"\">Turun perusopetuksen opetussuunnitelman luku 13, S2 vuosiluokilla 1-2<\/a><\/p>\n<p><a href=\"https:\/\/blog.edu.turku.fi\/monikulttuurinenopetus\/files\/2016\/08\/Turun-perusopetuksen-opetussuunnitelman-luku-14-S2-vuosiluokilla-3-6.docx\" rel=\"\">Turun perusopetuksen opetussuunnitelman luku 14, S2 vuosiluokilla 3-6<\/a><\/p>\n<p><a href=\"https:\/\/blog.edu.turku.fi\/monikulttuurinenopetus\/files\/2016\/08\/Turun-perusopetuksen-opetussuunnitelman-luku-15-S2-vuosiluokilla-7-9.docx\" rel=\"\">Turun perusopetuksen opetussuunnitelman luku 15, S2 vuosiluokilla 7-9<\/a><\/p>\n","protected":false},"excerpt":{"rendered":"<p>Turun perusopetuksen opetussuunnitelma S2-opetuksen osalta: Turun perusopetuksen opetussuunnitelman luku 13, S2 vuosiluokilla 1-2 Turun perusopetuksen opetussuunnitelman luku 14, S2 vuosiluokilla 3-6 Turun perusopetuksen opetussuunnitelman luku 15, S2 vuosiluokilla 7-9<\/p>\n","protected":false},"author":3328,"featured_media":0,"parent":0,"menu_order":0,"comment_status":"closed","ping_status":"closed","template":"","meta":{"footnotes":""},"class_list":["post-1712","page","type-page","status-publish","hentry"],"_links":{"self":[{"href":"https:\/\/blog.edu.turku.fi\/monikulttuurinenopetus\/wp-json\/wp\/v2\/pages\/1712","targetHints":{"allow":["GET"]}}],"collection":[{"href":"https:\/\/blog.edu.turku.fi\/monikulttuurinenopetus\/wp-json\/wp\/v2\/pages"}],"about":[{"href":"https:\/\/blog.edu.turku.fi\/monikulttuurinenopetus\/wp-json\/wp\/v2\/types\/page"}],"author":[{"embeddable":true,"href":"https:\/\/blog.edu.turku.fi\/monikulttuurinenopetus\/wp-json\/wp\/v2\/users\/3328"}],"replies":[{"embeddable":true,"href":"https:\/\/blog.edu.turku.fi\/monikulttuurinenopetus\/wp-json\/wp\/v2\/comments?post=1712"}],"version-history":[{"count":1,"href":"https:\/\/blog.edu.turku.fi\/monikulttuurinenopetus\/wp-json\/wp\/v2\/pages\/1712\/revisions"}],"predecessor-version":[{"id":1714,"href":"https:\/\/blog.edu.turku.fi\/monikulttuurinenopetus\/wp-json\/wp\/v2\/pages\/1712\/revisions\/1714"}],"wp:attachment":[{"href":"https:\/\/blog.edu.turku.fi\/monikulttuurinenopetus\/wp-json\/wp\/v2\/media?parent=1712"}],"curies":[{"name":"wp","href":"https:\/\/api.w.org\/{rel}","templated":true}]}}