{"id":168,"date":"2016-06-10T10:26:23","date_gmt":"2016-06-10T07:26:23","guid":{"rendered":"https:\/\/blog.edu.turku.fi\/monikulttuurinenopetus\/?page_id=168"},"modified":"2025-07-02T09:33:24","modified_gmt":"2025-07-02T06:33:24","slug":"opettajat-2","status":"publish","type":"page","link":"https:\/\/blog.edu.turku.fi\/monikulttuurinenopetus\/opettajat-2\/","title":{"rendered":"Opettajat ja ryhm\u00e4t"},"content":{"rendered":"<p>Monikulttuurisen opetuksen suunnittelija Tenna K\u00e4pyl\u00e4, erityispalvelup\u00e4\u00e4llikk\u00f6 Annika Rae: etunimi.sukunimi@turku.fi<\/p>\n<p><strong>Ajantasaiset MAI-kielet, koulut ja opettajat: <\/strong>Lista saatavilla pyynn\u00f6st\u00e4 yll\u00e4 olevilta henkil\u00f6ilt\u00e4 (vain Turun peruskoulujen henkil\u00f6st\u00f6n k\u00e4ytt\u00f6\u00f6n)<\/p>\n<p>MAI-opetukseen osallistuu yli 1000 perusopetuksen oppilasta lukuvuosittain.<\/p>\n","protected":false},"excerpt":{"rendered":"<p>Monikulttuurisen opetuksen suunnittelija Tenna K\u00e4pyl\u00e4, erityispalvelup\u00e4\u00e4llikk\u00f6 Annika Rae: etunimi.sukunimi@turku.fi Ajantasaiset MAI-kielet, koulut ja opettajat: Lista saatavilla pyynn\u00f6st\u00e4 yll\u00e4 olevilta henkil\u00f6ilt\u00e4 (vain Turun peruskoulujen henkil\u00f6st\u00f6n k\u00e4ytt\u00f6\u00f6n) MAI-opetukseen osallistuu yli 1000 perusopetuksen oppilasta lukuvuosittain.<\/p>\n","protected":false},"author":1827,"featured_media":0,"parent":0,"menu_order":0,"comment_status":"closed","ping_status":"closed","template":"","meta":{"footnotes":""},"class_list":["post-168","page","type-page","status-publish","hentry"],"_links":{"self":[{"href":"https:\/\/blog.edu.turku.fi\/monikulttuurinenopetus\/wp-json\/wp\/v2\/pages\/168","targetHints":{"allow":["GET"]}}],"collection":[{"href":"https:\/\/blog.edu.turku.fi\/monikulttuurinenopetus\/wp-json\/wp\/v2\/pages"}],"about":[{"href":"https:\/\/blog.edu.turku.fi\/monikulttuurinenopetus\/wp-json\/wp\/v2\/types\/page"}],"author":[{"embeddable":true,"href":"https:\/\/blog.edu.turku.fi\/monikulttuurinenopetus\/wp-json\/wp\/v2\/users\/1827"}],"replies":[{"embeddable":true,"href":"https:\/\/blog.edu.turku.fi\/monikulttuurinenopetus\/wp-json\/wp\/v2\/comments?post=168"}],"version-history":[{"count":44,"href":"https:\/\/blog.edu.turku.fi\/monikulttuurinenopetus\/wp-json\/wp\/v2\/pages\/168\/revisions"}],"predecessor-version":[{"id":2208,"href":"https:\/\/blog.edu.turku.fi\/monikulttuurinenopetus\/wp-json\/wp\/v2\/pages\/168\/revisions\/2208"}],"wp:attachment":[{"href":"https:\/\/blog.edu.turku.fi\/monikulttuurinenopetus\/wp-json\/wp\/v2\/media?parent=168"}],"curies":[{"name":"wp","href":"https:\/\/api.w.org\/{rel}","templated":true}]}}