{"id":1672,"date":"2023-06-21T14:37:37","date_gmt":"2023-06-21T11:37:37","guid":{"rendered":"https:\/\/blog.edu.turku.fi\/monikulttuurinenopetus\/?page_id=1672"},"modified":"2025-01-21T14:02:23","modified_gmt":"2025-01-21T12:02:23","slug":"suomen-kielen-oppimaaran-vaihtaminen","status":"publish","type":"page","link":"https:\/\/blog.edu.turku.fi\/monikulttuurinenopetus\/suomen-kielen-oppimaaran-vaihtaminen\/","title":{"rendered":"Suomen kielen oppim\u00e4\u00e4r\u00e4n vaihtaminen"},"content":{"rendered":"<p><a href=\"https:\/\/blog.edu.turku.fi\/monikulttuurinenopetus\/files\/2023\/06\/Ohje-opettajalle-suomen-kielen-oppimaaran-vaihtamiseen.pdf\">Ohje opettajalle suomen kielen oppim\u00e4\u00e4r\u00e4n vaihtamiseen<\/a><\/p>\n<p><a href=\"https:\/\/blog.edu.turku.fi\/monikulttuurinenopetus\/files\/2025\/01\/Oppimaaranvalintakeskustelun-dokumentointi-Wilmassa.pdf\">Oppim\u00e4\u00e4r\u00e4nvalintakeskustelun dokumentointi Wilmassa\u00a0<\/a><\/p>\n<p>(Lomaketta pystyy muuttamaan Wilmassa suoraan my\u00f6s j\u00e4lkeenp\u00e4in eli toisin kuin ohjeessa mainitaan, lomakkeen sis\u00e4lt\u00f6\u00e4 voi muuttaa, vaikka se olisikin t\u00e4ytetty.)<\/p>\n","protected":false},"excerpt":{"rendered":"<p>Ohje opettajalle suomen kielen oppim\u00e4\u00e4r\u00e4n vaihtamiseen Oppim\u00e4\u00e4r\u00e4nvalintakeskustelun dokumentointi Wilmassa\u00a0 (Lomaketta pystyy muuttamaan Wilmassa suoraan my\u00f6s j\u00e4lkeenp\u00e4in eli toisin kuin ohjeessa mainitaan, lomakkeen sis\u00e4lt\u00f6\u00e4 voi muuttaa, vaikka se olisikin t\u00e4ytetty.)<\/p>\n","protected":false},"author":3328,"featured_media":0,"parent":0,"menu_order":0,"comment_status":"closed","ping_status":"closed","template":"","meta":{"footnotes":""},"class_list":["post-1672","page","type-page","status-publish","hentry"],"_links":{"self":[{"href":"https:\/\/blog.edu.turku.fi\/monikulttuurinenopetus\/wp-json\/wp\/v2\/pages\/1672","targetHints":{"allow":["GET"]}}],"collection":[{"href":"https:\/\/blog.edu.turku.fi\/monikulttuurinenopetus\/wp-json\/wp\/v2\/pages"}],"about":[{"href":"https:\/\/blog.edu.turku.fi\/monikulttuurinenopetus\/wp-json\/wp\/v2\/types\/page"}],"author":[{"embeddable":true,"href":"https:\/\/blog.edu.turku.fi\/monikulttuurinenopetus\/wp-json\/wp\/v2\/users\/3328"}],"replies":[{"embeddable":true,"href":"https:\/\/blog.edu.turku.fi\/monikulttuurinenopetus\/wp-json\/wp\/v2\/comments?post=1672"}],"version-history":[{"count":5,"href":"https:\/\/blog.edu.turku.fi\/monikulttuurinenopetus\/wp-json\/wp\/v2\/pages\/1672\/revisions"}],"predecessor-version":[{"id":2163,"href":"https:\/\/blog.edu.turku.fi\/monikulttuurinenopetus\/wp-json\/wp\/v2\/pages\/1672\/revisions\/2163"}],"wp:attachment":[{"href":"https:\/\/blog.edu.turku.fi\/monikulttuurinenopetus\/wp-json\/wp\/v2\/media?parent=1672"}],"curies":[{"name":"wp","href":"https:\/\/api.w.org\/{rel}","templated":true}]}}