{"id":1657,"date":"2023-06-21T13:40:18","date_gmt":"2023-06-21T10:40:18","guid":{"rendered":"https:\/\/blog.edu.turku.fi\/monikulttuurinenopetus\/?page_id=1657"},"modified":"2023-08-14T12:23:35","modified_gmt":"2023-08-14T09:23:35","slug":"ajankohtaista","status":"publish","type":"page","link":"https:\/\/blog.edu.turku.fi\/monikulttuurinenopetus\/ajankohtaista\/","title":{"rendered":"Ajankohtaista"},"content":{"rendered":"<p>Syksyll\u00e4 on siirtynyt valmistavasta opetuksesta perusopetukseen enn\u00e4tysm\u00e4\u00e4r\u00e4 oppilaita.<\/p>\n<p>Kielitietoinen opettaja auttaa heit\u00e4, mutta tukee samalla ihan jokaista koulun oppilasta. Kielitietoisuus on eri oppiaineiden (tiedonalojen) kielen ja k\u00e4sitteiden hallintaa ja kuuluu jokaisen oppilaitoksen toimintakulttuuriin.<\/p>\n<p><a href=\"https:\/\/youtu.be\/4byNNmgQVls\" target=\"_blank\" rel=\"noopener\">Mit\u00e4 on kielitietoisuus?\u00a0<\/a> Turkulaiset opettajat kertovat videolla arjen kokemuksensa kautta, miten kielitietoista opetustapaa voi helposti l\u00e4hesty\u00e4. Kielitietoisuus on meid\u00e4n kaikkien yhteinen asia. Pidet\u00e4\u00e4n kaikki oppilaat mukana!<\/p>\n","protected":false},"excerpt":{"rendered":"<p>Syksyll\u00e4 on siirtynyt valmistavasta opetuksesta perusopetukseen enn\u00e4tysm\u00e4\u00e4r\u00e4 oppilaita. Kielitietoinen opettaja auttaa heit\u00e4, mutta tukee samalla ihan jokaista koulun oppilasta. Kielitietoisuus on eri oppiaineiden (tiedonalojen) kielen ja k\u00e4sitteiden hallintaa ja kuuluu jokaisen oppilaitoksen toimintakulttuuriin. Mit\u00e4 on kielitietoisuus?\u00a0 Turkulaiset opettajat kertovat videolla arjen kokemuksensa kautta, miten kielitietoista opetustapaa voi helposti l\u00e4hesty\u00e4. Kielitietoisuus on meid\u00e4n kaikkien yhteinen asia. &hellip; <a href=\"https:\/\/blog.edu.turku.fi\/monikulttuurinenopetus\/ajankohtaista\/\" class=\"more-link\">Jatka lukemista<span class=\"screen-reader-text\"> &#8221;Ajankohtaista&#8221;<\/span><\/a><\/p>\n","protected":false},"author":1827,"featured_media":0,"parent":0,"menu_order":0,"comment_status":"closed","ping_status":"closed","template":"","meta":{"footnotes":""},"class_list":["post-1657","page","type-page","status-publish","hentry"],"_links":{"self":[{"href":"https:\/\/blog.edu.turku.fi\/monikulttuurinenopetus\/wp-json\/wp\/v2\/pages\/1657","targetHints":{"allow":["GET"]}}],"collection":[{"href":"https:\/\/blog.edu.turku.fi\/monikulttuurinenopetus\/wp-json\/wp\/v2\/pages"}],"about":[{"href":"https:\/\/blog.edu.turku.fi\/monikulttuurinenopetus\/wp-json\/wp\/v2\/types\/page"}],"author":[{"embeddable":true,"href":"https:\/\/blog.edu.turku.fi\/monikulttuurinenopetus\/wp-json\/wp\/v2\/users\/1827"}],"replies":[{"embeddable":true,"href":"https:\/\/blog.edu.turku.fi\/monikulttuurinenopetus\/wp-json\/wp\/v2\/comments?post=1657"}],"version-history":[{"count":3,"href":"https:\/\/blog.edu.turku.fi\/monikulttuurinenopetus\/wp-json\/wp\/v2\/pages\/1657\/revisions"}],"predecessor-version":[{"id":1884,"href":"https:\/\/blog.edu.turku.fi\/monikulttuurinenopetus\/wp-json\/wp\/v2\/pages\/1657\/revisions\/1884"}],"wp:attachment":[{"href":"https:\/\/blog.edu.turku.fi\/monikulttuurinenopetus\/wp-json\/wp\/v2\/media?parent=1657"}],"curies":[{"name":"wp","href":"https:\/\/api.w.org\/{rel}","templated":true}]}}