{"id":165,"date":"2016-06-10T10:26:09","date_gmt":"2016-06-10T07:26:09","guid":{"rendered":"https:\/\/blog.edu.turku.fi\/monikulttuurinenopetus\/?page_id=165"},"modified":"2025-07-02T12:43:58","modified_gmt":"2025-07-02T09:43:58","slug":"opettajat","status":"publish","type":"page","link":"https:\/\/blog.edu.turku.fi\/monikulttuurinenopetus\/opettajat\/","title":{"rendered":"Opettajat, koulunk\u00e4ynninohjaajat ja ryhm\u00e4t"},"content":{"rendered":"<p>VALMOn ohjaava opettaja Pia Hiltunen, etunimi.sukunimi@edu.turku.fi, p. 044 907 5431<\/p>\n<p>Monikulttuurisen opetuksen suunnittelija Tenna K\u00e4pyl\u00e4 ja erityispalvelup\u00e4\u00e4llikk\u00f6 Annika Rae, etunimi.sukunimi@turku.fi<\/p>\n<p><strong>Tarkemmat tiedot ajantasaisista VALMO-opettajista ja ryhmist\u00e4 saat pyyt\u00e4m\u00e4ll\u00e4 suunnittelijalta.<\/strong><\/p>\n<p>&nbsp;<\/p>\n","protected":false},"excerpt":{"rendered":"<p>VALMOn ohjaava opettaja Pia Hiltunen, etunimi.sukunimi@edu.turku.fi, p. 044 907 5431 Monikulttuurisen opetuksen suunnittelija Tenna K\u00e4pyl\u00e4 ja erityispalvelup\u00e4\u00e4llikk\u00f6 Annika Rae, etunimi.sukunimi@turku.fi Tarkemmat tiedot ajantasaisista VALMO-opettajista ja ryhmist\u00e4 saat pyyt\u00e4m\u00e4ll\u00e4 suunnittelijalta. &nbsp;<\/p>\n","protected":false},"author":1827,"featured_media":0,"parent":0,"menu_order":0,"comment_status":"closed","ping_status":"closed","template":"","meta":{"footnotes":""},"class_list":["post-165","page","type-page","status-publish","hentry"],"_links":{"self":[{"href":"https:\/\/blog.edu.turku.fi\/monikulttuurinenopetus\/wp-json\/wp\/v2\/pages\/165","targetHints":{"allow":["GET"]}}],"collection":[{"href":"https:\/\/blog.edu.turku.fi\/monikulttuurinenopetus\/wp-json\/wp\/v2\/pages"}],"about":[{"href":"https:\/\/blog.edu.turku.fi\/monikulttuurinenopetus\/wp-json\/wp\/v2\/types\/page"}],"author":[{"embeddable":true,"href":"https:\/\/blog.edu.turku.fi\/monikulttuurinenopetus\/wp-json\/wp\/v2\/users\/1827"}],"replies":[{"embeddable":true,"href":"https:\/\/blog.edu.turku.fi\/monikulttuurinenopetus\/wp-json\/wp\/v2\/comments?post=165"}],"version-history":[{"count":35,"href":"https:\/\/blog.edu.turku.fi\/monikulttuurinenopetus\/wp-json\/wp\/v2\/pages\/165\/revisions"}],"predecessor-version":[{"id":2217,"href":"https:\/\/blog.edu.turku.fi\/monikulttuurinenopetus\/wp-json\/wp\/v2\/pages\/165\/revisions\/2217"}],"wp:attachment":[{"href":"https:\/\/blog.edu.turku.fi\/monikulttuurinenopetus\/wp-json\/wp\/v2\/media?parent=165"}],"curies":[{"name":"wp","href":"https:\/\/api.w.org\/{rel}","templated":true}]}}