{"id":1643,"date":"2023-06-21T13:36:26","date_gmt":"2023-06-21T10:36:26","guid":{"rendered":"https:\/\/blog.edu.turku.fi\/monikulttuurinenopetus\/?page_id=1643"},"modified":"2026-01-27T10:01:36","modified_gmt":"2026-01-27T08:01:36","slug":"valmistavasta-opetuksesta-perusopetukseen","status":"publish","type":"page","link":"https:\/\/blog.edu.turku.fi\/monikulttuurinenopetus\/valmistavasta-opetuksesta-perusopetukseen\/","title":{"rendered":"Valmistavasta opetuksesta perusopetukseen"},"content":{"rendered":"<p>Huom! Ohje on vanhentunut ja se p\u00e4ivitet\u00e4\u00e4n. Aluerehtorit tekev\u00e4t koulupaikkap\u00e4\u00e4t\u00f6kset.\u00a0 <a href=\"https:\/\/blog.edu.turku.fi\/monikulttuurinenopetus\/files\/2024\/12\/VALMOsta-siirtyminen-perusopetukseen_paivitetty-13.12.2024.pdf\">VALMOsta siirtyminen perusopetukseen<\/a><\/p>\n<p><a href=\"https:\/\/blog.edu.turku.fi\/monikulttuurinenopetus\/files\/2023\/06\/Kun-opetusryhmaani-tulee-monikielinen-oppilas.pdf\">Kun opetusryhm\u00e4\u00e4ni tulee monikielinen oppilas<\/a><\/p>\n","protected":false},"excerpt":{"rendered":"<p>Huom! Ohje on vanhentunut ja se p\u00e4ivitet\u00e4\u00e4n. Aluerehtorit tekev\u00e4t koulupaikkap\u00e4\u00e4t\u00f6kset.\u00a0 VALMOsta siirtyminen perusopetukseen Kun opetusryhm\u00e4\u00e4ni tulee monikielinen oppilas<\/p>\n","protected":false},"author":1827,"featured_media":0,"parent":0,"menu_order":0,"comment_status":"closed","ping_status":"closed","template":"","meta":{"footnotes":""},"class_list":["post-1643","page","type-page","status-publish","hentry"],"_links":{"self":[{"href":"https:\/\/blog.edu.turku.fi\/monikulttuurinenopetus\/wp-json\/wp\/v2\/pages\/1643","targetHints":{"allow":["GET"]}}],"collection":[{"href":"https:\/\/blog.edu.turku.fi\/monikulttuurinenopetus\/wp-json\/wp\/v2\/pages"}],"about":[{"href":"https:\/\/blog.edu.turku.fi\/monikulttuurinenopetus\/wp-json\/wp\/v2\/types\/page"}],"author":[{"embeddable":true,"href":"https:\/\/blog.edu.turku.fi\/monikulttuurinenopetus\/wp-json\/wp\/v2\/users\/1827"}],"replies":[{"embeddable":true,"href":"https:\/\/blog.edu.turku.fi\/monikulttuurinenopetus\/wp-json\/wp\/v2\/comments?post=1643"}],"version-history":[{"count":10,"href":"https:\/\/blog.edu.turku.fi\/monikulttuurinenopetus\/wp-json\/wp\/v2\/pages\/1643\/revisions"}],"predecessor-version":[{"id":2321,"href":"https:\/\/blog.edu.turku.fi\/monikulttuurinenopetus\/wp-json\/wp\/v2\/pages\/1643\/revisions\/2321"}],"wp:attachment":[{"href":"https:\/\/blog.edu.turku.fi\/monikulttuurinenopetus\/wp-json\/wp\/v2\/media?parent=1643"}],"curies":[{"name":"wp","href":"https:\/\/api.w.org\/{rel}","templated":true}]}}