{"id":162,"date":"2016-06-10T10:24:45","date_gmt":"2016-06-10T07:24:45","guid":{"rendered":"https:\/\/blog.edu.turku.fi\/monikulttuurinenopetus\/?page_id=162"},"modified":"2025-07-02T09:45:51","modified_gmt":"2025-07-02T06:45:51","slug":"henkilosto","status":"publish","type":"page","link":"https:\/\/blog.edu.turku.fi\/monikulttuurinenopetus\/henkilosto\/","title":{"rendered":"OMO-opettajat ja omakieliset koulunk\u00e4ynninohjaajat (OMA)"},"content":{"rendered":"<p>Lis\u00e4tietoja omakielisest\u00e4 (OMO)-opetuksesta sek\u00e4 omakielisest\u00e4 koulunk\u00e4ynninohjauksesta saa monikulttuurisen opetuksen suunnittelija Tenna K\u00e4pyl\u00e4lt\u00e4 ja erityispalvelup\u00e4\u00e4llikk\u00f6 Annika Raelta: etunimi.sukunimi@turku.fi<\/p>\n<p>&nbsp;<\/p>\n","protected":false},"excerpt":{"rendered":"<p>Lis\u00e4tietoja omakielisest\u00e4 (OMO)-opetuksesta sek\u00e4 omakielisest\u00e4 koulunk\u00e4ynninohjauksesta saa monikulttuurisen opetuksen suunnittelija Tenna K\u00e4pyl\u00e4lt\u00e4 ja erityispalvelup\u00e4\u00e4llikk\u00f6 Annika Raelta: etunimi.sukunimi@turku.fi &nbsp;<\/p>\n","protected":false},"author":1827,"featured_media":0,"parent":0,"menu_order":0,"comment_status":"closed","ping_status":"closed","template":"","meta":{"footnotes":""},"class_list":["post-162","page","type-page","status-publish","hentry"],"_links":{"self":[{"href":"https:\/\/blog.edu.turku.fi\/monikulttuurinenopetus\/wp-json\/wp\/v2\/pages\/162","targetHints":{"allow":["GET"]}}],"collection":[{"href":"https:\/\/blog.edu.turku.fi\/monikulttuurinenopetus\/wp-json\/wp\/v2\/pages"}],"about":[{"href":"https:\/\/blog.edu.turku.fi\/monikulttuurinenopetus\/wp-json\/wp\/v2\/types\/page"}],"author":[{"embeddable":true,"href":"https:\/\/blog.edu.turku.fi\/monikulttuurinenopetus\/wp-json\/wp\/v2\/users\/1827"}],"replies":[{"embeddable":true,"href":"https:\/\/blog.edu.turku.fi\/monikulttuurinenopetus\/wp-json\/wp\/v2\/comments?post=162"}],"version-history":[{"count":39,"href":"https:\/\/blog.edu.turku.fi\/monikulttuurinenopetus\/wp-json\/wp\/v2\/pages\/162\/revisions"}],"predecessor-version":[{"id":2213,"href":"https:\/\/blog.edu.turku.fi\/monikulttuurinenopetus\/wp-json\/wp\/v2\/pages\/162\/revisions\/2213"}],"wp:attachment":[{"href":"https:\/\/blog.edu.turku.fi\/monikulttuurinenopetus\/wp-json\/wp\/v2\/media?parent=162"}],"curies":[{"name":"wp","href":"https:\/\/api.w.org\/{rel}","templated":true}]}}