{"id":1607,"date":"2023-06-21T12:37:44","date_gmt":"2023-06-21T09:37:44","guid":{"rendered":"https:\/\/blog.edu.turku.fi\/monikulttuurinenopetus\/?page_id=1607"},"modified":"2026-02-10T12:03:50","modified_gmt":"2026-02-10T10:03:50","slug":"ylakoulusta-toiselle-asteelle","status":"publish","type":"page","link":"https:\/\/blog.edu.turku.fi\/monikulttuurinenopetus\/ylakoulusta-toiselle-asteelle\/","title":{"rendered":"Yl\u00e4koulusta toiselle asteelle"},"content":{"rendered":"<p><strong>Yl\u00e4koulusta lukioon<\/strong><\/p>\n<p><a href=\"https:\/\/blog.edu.turku.fi\/monikulttuurinenopetus\/files\/2023\/11\/Myohaan-perusopetukseen-siirtyneen-monikielisen-oppilaan-hakeutuminen-lukioon.pdf\">My\u00f6h\u00e4\u00e4n perusopetukseen siirtyneen monikielisen oppilaan hakeutuminen lukioon<\/a><\/p>\n<p>&nbsp;<\/p>\n<p><strong>Yl\u00e4koulusta ammatilliselle tai TUVA:an<\/strong><\/p>\n<p><a href=\"https:\/\/blog.edu.turku.fi\/monikulttuurinenopetus\/files\/2023\/12\/Myohaan-perusopetukseen-siirtyneen-monikielisen-oppilaan-hakeutuminen-ammatillisiin-opintoihin.pdf\">My\u00f6h\u00e4\u00e4n perusopetukseen siirtyneen monikielisen oppilaan hakeutuminen ammatillisiin opintoihin<\/a><\/p>\n<p>&nbsp;<\/p>\n<p><strong>Yl\u00e4koulusta aikuisten perusopetukseen<\/strong><\/p>\n<p>Tiedonsiirtolomakkeen lis\u00e4ksi oppilaalle annetaan aina erotodistus.<\/p>\n<p><a href=\"https:\/\/edumailturku-my.sharepoint.com\/:w:\/g\/personal\/juudit_hurtig_edu_turku_fi\/IQC5kOKW64uOSq-JaKQb-BDmAeHkZa-a2uJnzHQ0UQ3jmNY?e=fi4DH4\">Ohje aikuisten perusopetukseen siirtymisest\u00e4<\/a><\/p>\n<p><a href=\"https:\/\/edumailturku-my.sharepoint.com\/:w:\/g\/personal\/juudit_hurtig_edu_turku_fi\/IQDTNEOs-6-XS7le4eeliENiAW-lwc4gOtSu14CwMFCb7wQ?e=NFM2Ib\">Aikuisten perusopetukseen siirtyv\u00e4 oppilas &#8211; tiedonsiirtolomake<\/a><\/p>\n","protected":false},"excerpt":{"rendered":"<p>Yl\u00e4koulusta lukioon My\u00f6h\u00e4\u00e4n perusopetukseen siirtyneen monikielisen oppilaan hakeutuminen lukioon &nbsp; Yl\u00e4koulusta ammatilliselle tai TUVA:an My\u00f6h\u00e4\u00e4n perusopetukseen siirtyneen monikielisen oppilaan hakeutuminen ammatillisiin opintoihin &nbsp; Yl\u00e4koulusta aikuisten perusopetukseen Tiedonsiirtolomakkeen lis\u00e4ksi oppilaalle annetaan aina erotodistus. Ohje aikuisten perusopetukseen siirtymisest\u00e4 Aikuisten perusopetukseen siirtyv\u00e4 oppilas &#8211; tiedonsiirtolomake<\/p>\n","protected":false},"author":3328,"featured_media":0,"parent":0,"menu_order":0,"comment_status":"closed","ping_status":"closed","template":"","meta":{"footnotes":""},"class_list":["post-1607","page","type-page","status-publish","hentry"],"_links":{"self":[{"href":"https:\/\/blog.edu.turku.fi\/monikulttuurinenopetus\/wp-json\/wp\/v2\/pages\/1607","targetHints":{"allow":["GET"]}}],"collection":[{"href":"https:\/\/blog.edu.turku.fi\/monikulttuurinenopetus\/wp-json\/wp\/v2\/pages"}],"about":[{"href":"https:\/\/blog.edu.turku.fi\/monikulttuurinenopetus\/wp-json\/wp\/v2\/types\/page"}],"author":[{"embeddable":true,"href":"https:\/\/blog.edu.turku.fi\/monikulttuurinenopetus\/wp-json\/wp\/v2\/users\/3328"}],"replies":[{"embeddable":true,"href":"https:\/\/blog.edu.turku.fi\/monikulttuurinenopetus\/wp-json\/wp\/v2\/comments?post=1607"}],"version-history":[{"count":12,"href":"https:\/\/blog.edu.turku.fi\/monikulttuurinenopetus\/wp-json\/wp\/v2\/pages\/1607\/revisions"}],"predecessor-version":[{"id":2326,"href":"https:\/\/blog.edu.turku.fi\/monikulttuurinenopetus\/wp-json\/wp\/v2\/pages\/1607\/revisions\/2326"}],"wp:attachment":[{"href":"https:\/\/blog.edu.turku.fi\/monikulttuurinenopetus\/wp-json\/wp\/v2\/media?parent=1607"}],"curies":[{"name":"wp","href":"https:\/\/api.w.org\/{rel}","templated":true}]}}