{"id":1522,"date":"2023-05-03T12:56:47","date_gmt":"2023-05-03T09:56:47","guid":{"rendered":"https:\/\/blog.edu.turku.fi\/monikulttuurinenopetus\/?page_id=1522"},"modified":"2023-08-16T16:08:38","modified_gmt":"2023-08-16T13:08:38","slug":"suomen-kielen-ja-kirjallisuuden-oppimaaran-valinta","status":"publish","type":"page","link":"https:\/\/blog.edu.turku.fi\/monikulttuurinenopetus\/ohjet-ja-linjaukset\/suomen-kielen-ja-kirjallisuuden-oppimaaran-valinta\/","title":{"rendered":"suomen kielen ja kirjallisuuden oppim\u00e4\u00e4r\u00e4n valinta"},"content":{"rendered":"<p><a href=\"https:\/\/blog.edu.turku.fi\/monikulttuurinenopetus\/files\/2023\/06\/Suomi-toisena-kielena-ja-kirjallisuus-oppimaaran-valinta.pdf\">Suomi toisena kielen\u00e4 ja kirjallisuus -oppim\u00e4\u00e4r\u00e4n valinta<\/a><\/p>\n<p><a href=\"https:\/\/blog.edu.turku.fi\/monikulttuurinenopetus\/files\/2023\/06\/Ohje-opettajalle-suomen-kielen-oppimaaran-vaihtamiseen.pdf\">Ohje opettajalle suomen kielen oppim\u00e4\u00e4r\u00e4n vaihtamiseen<\/a><\/p>\n<p>Oppim\u00e4\u00e4r\u00e4st\u00e4 tulee keskustella huoltajan kanssa. T\u00e4lt\u00e4 alasivulta l\u00f6yd\u00e4t palaverimallin keskustelun tueksi sek\u00e4 S2-oppim\u00e4\u00e4r\u00e4n huoltajatiedotteen yleisimmill\u00e4 kielill\u00e4:<\/p>\n<p><a href=\"https:\/\/blog.edu.turku.fi\/monikulttuurinenopetus\/oppimaaran-valinta\/\">Keskustelu huoltajan kanssa<\/a><\/p>\n<p>&nbsp;<\/p>\n<p>&nbsp;<\/p>\n<p>&nbsp;<\/p>\n","protected":false},"excerpt":{"rendered":"<p>Suomi toisena kielen\u00e4 ja kirjallisuus -oppim\u00e4\u00e4r\u00e4n valinta Ohje opettajalle suomen kielen oppim\u00e4\u00e4r\u00e4n vaihtamiseen Oppim\u00e4\u00e4r\u00e4st\u00e4 tulee keskustella huoltajan kanssa. T\u00e4lt\u00e4 alasivulta l\u00f6yd\u00e4t palaverimallin keskustelun tueksi sek\u00e4 S2-oppim\u00e4\u00e4r\u00e4n huoltajatiedotteen yleisimmill\u00e4 kielill\u00e4: Keskustelu huoltajan kanssa &nbsp; &nbsp; &nbsp;<\/p>\n","protected":false},"author":3328,"featured_media":0,"parent":1507,"menu_order":0,"comment_status":"closed","ping_status":"closed","template":"","meta":{"footnotes":""},"class_list":["post-1522","page","type-page","status-publish","hentry"],"_links":{"self":[{"href":"https:\/\/blog.edu.turku.fi\/monikulttuurinenopetus\/wp-json\/wp\/v2\/pages\/1522","targetHints":{"allow":["GET"]}}],"collection":[{"href":"https:\/\/blog.edu.turku.fi\/monikulttuurinenopetus\/wp-json\/wp\/v2\/pages"}],"about":[{"href":"https:\/\/blog.edu.turku.fi\/monikulttuurinenopetus\/wp-json\/wp\/v2\/types\/page"}],"author":[{"embeddable":true,"href":"https:\/\/blog.edu.turku.fi\/monikulttuurinenopetus\/wp-json\/wp\/v2\/users\/3328"}],"replies":[{"embeddable":true,"href":"https:\/\/blog.edu.turku.fi\/monikulttuurinenopetus\/wp-json\/wp\/v2\/comments?post=1522"}],"version-history":[{"count":6,"href":"https:\/\/blog.edu.turku.fi\/monikulttuurinenopetus\/wp-json\/wp\/v2\/pages\/1522\/revisions"}],"predecessor-version":[{"id":1888,"href":"https:\/\/blog.edu.turku.fi\/monikulttuurinenopetus\/wp-json\/wp\/v2\/pages\/1522\/revisions\/1888"}],"up":[{"embeddable":true,"href":"https:\/\/blog.edu.turku.fi\/monikulttuurinenopetus\/wp-json\/wp\/v2\/pages\/1507"}],"wp:attachment":[{"href":"https:\/\/blog.edu.turku.fi\/monikulttuurinenopetus\/wp-json\/wp\/v2\/media?parent=1522"}],"curies":[{"name":"wp","href":"https:\/\/api.w.org\/{rel}","templated":true}]}}