{"id":1437,"date":"2022-08-22T14:08:21","date_gmt":"2022-08-22T11:08:21","guid":{"rendered":"https:\/\/blog.edu.turku.fi\/monikulttuurinenopetus\/?page_id=1437"},"modified":"2023-08-16T16:12:07","modified_gmt":"2023-08-16T13:12:07","slug":"oppimaaran-valinta","status":"publish","type":"page","link":"https:\/\/blog.edu.turku.fi\/monikulttuurinenopetus\/oppimaaran-valinta\/","title":{"rendered":"Keskustelu huoltajan kanssa"},"content":{"rendered":"<p>Suomen kielen oppim\u00e4\u00e4r\u00e4 puhuttaa aina tasaisin v\u00e4liajoin. Ohessa materiaalia huoltajien kanssa k\u00e4yt\u00e4vien keskustelujen tueksi. Oppim\u00e4\u00e4r\u00e4n valinnasta lis\u00e4tietoa my\u00f6s alavalikossa ohjeet ja linjaukset <a href=\"https:\/\/blog.edu.turku.fi\/monikulttuurinenopetus\/ohjeistukset-monikielisten-oppilaiden-opetuksen-jarjestamiseen\/suomen-kielen-ja-kirjallisuuden-oppimaaran-valinta\/\">suomen kielen ja kirjallisuuden oppim\u00e4\u00e4r\u00e4n valinta \u2013 Monikulttuurinen opetus (turku.fi)<\/a>.<\/p>\n<p><a href=\"https:\/\/blog.edu.turku.fi\/monikulttuurinenopetus\/files\/2022\/08\/TIETOA-HUOLTAJILLE-SUOMI-TOISENA-KIELENA-S2-OPINNOISTA-PERUSKOULUSSA-1.pdf\">TIETOA HUOLTAJILLE SUOMI TOISENA KIELEN\u00c4 (S2) OPINNOISTA PERUSKOULUSSA<\/a>:\u00a0Huoltajatiedotteessa esitell\u00e4\u00e4n tiivistetysti, mist\u00e4 oppim\u00e4\u00e4r\u00e4ss\u00e4 on kyse ja mill\u00e4 perusteella oppim\u00e4\u00e4r\u00e4n valinta Turussa tehd\u00e4\u00e4n.<\/p>\n<p><a href=\"https:\/\/blog.edu.turku.fi\/monikulttuurinenopetus\/files\/2022\/08\/Oppimaaranvalintakeskustelu-perusopetuksessa_18.5.2022.pdf\">Oppim\u00e4\u00e4r\u00e4nvalintakeskustelun malli<\/a> perusopetukseen: Malli on tarkoitettu tueksi huoltajan kanssa k\u00e4yt\u00e4v\u00e4\u00e4n palaveriin, jossa keskustellaan suomen kielen oppim\u00e4\u00e4r\u00e4n valinnasta ja mahdollisesta vaihtamisesta seurauksineen. \u00c4ven p\u00e5 svenska: <a href=\"https:\/\/blog.edu.turku.fi\/monikulttuurinenopetus\/files\/2022\/08\/Svenska2_Oppimaaranvalintakeskustelu_perusopetuksessa_SV.pdf\">Svenska2_Oppim\u00e4\u00e4r\u00e4nvalintakeskustelu_perusopetuksessa_SV<\/a><\/p>\n<p><a href=\"https:\/\/blog.edu.turku.fi\/monikulttuurinenopetus\/files\/2022\/08\/Oppimaaranvalintakeskustelu-esiopetuksessa_S2.pdf\">Oppim\u00e4\u00e4r\u00e4nvalintakeskustelu esiopetuksessa_S2<\/a>: Malli on tarkoitettu tueksi huoltajan kanssa k\u00e4yt\u00e4v\u00e4\u00e4n palaveriin, jossa keskustellaan suomen kielen oppim\u00e4\u00e4r\u00e4n valinnasta perusopetuksessa.<\/p>\n<p>Huoltajatiedotteen kieliversiot:<\/p>\n<p>Arabia:<a href=\"https:\/\/blog.edu.turku.fi\/monikulttuurinenopetus\/files\/2022\/08\/ARABIA_TIETOA-HUOLTAJILLE-SUOMI-TOISENA-KIELENA-S2-OPINNOISTA-PERUSKOULUSSA.pdf\">ARABIA_TIETOA HUOLTAJILLE SUOMI TOISENA KIELEN\u00c4 (S2) OPINNOISTA PERUSKOULUSSA<\/a><\/p>\n<p>Englanti: <a href=\"https:\/\/blog.edu.turku.fi\/monikulttuurinenopetus\/files\/2022\/08\/ENGLANTI_TIETOA-HUOLTAJILLE-SUOMI-TOISENA-KIELENA-S2-OPINNOISTA-PERUSKOULUSSA.pdf\">ENGLANTI_TIETOA HUOLTAJILLE SUOMI TOISENA KIELEN\u00c4 (S2) OPINNOISTA PERUSKOULUSSA<\/a><\/p>\n<p>Ruotsi: <a href=\"https:\/\/blog.edu.turku.fi\/monikulttuurinenopetus\/files\/2022\/08\/RUOTSI_TIETOA-HUOLTAJILLE-RUOTSI-TOISENA-KIELENA-OPINNOISTA-PERUSKOULUSSA.pdf\">RUOTSI_TIETOA HUOLTAJILLE RUOTSI TOISENA KIELEN\u00c4 OPINNOISTA (PERUSKOULUSSA)<\/a><\/p>\n<p>Somali:<a href=\"https:\/\/blog.edu.turku.fi\/monikulttuurinenopetus\/files\/2022\/08\/SOMALI_TIETOA-HUOLTAJILLE-SUOMI-TOISENA-KIELENA-S2-OPINNOISTA-PERUSKOULUSSA.pdf\">SOMALI_TIETOA HUOLTAJILLE SUOMI TOISENA KIELEN\u00c4 (S2) OPINNOISTA PERUSKOULUSSA<\/a><\/p>\n<p>Sorani (kurdi): <a href=\"https:\/\/blog.edu.turku.fi\/monikulttuurinenopetus\/files\/2022\/08\/SORANI_TIETOA-HUOLTAJILLE-SUOMI-TOISENA-KIELENA-S2-OPINNOISTA-PERUSKOULUSSA.pdf\">SORANI_TIETOA HUOLTAJILLE SUOMI TOISENA KIELEN\u00c4 (S2) OPINNOISTA PERUSKOULUSSA<\/a><\/p>\n<p>Ukraina:<a href=\"https:\/\/blog.edu.turku.fi\/monikulttuurinenopetus\/files\/2022\/08\/UKRAINA_TIETOA-HUOLTAJILLE-SUOMI-TOISENA-KIELENA-S2-OPINNOISTA-PERUSKOULUSSA.pdf\">UKRAINA_TIETOA HUOLTAJILLE SUOMI TOISENA KIELEN\u00c4 (S2) OPINNOISTA PERUSKOULUSSA<\/a><\/p>\n<p>Ven\u00e4j\u00e4:<a href=\"https:\/\/blog.edu.turku.fi\/monikulttuurinenopetus\/files\/2022\/08\/VENAJA_TIETOA-HUOLTAJILLE-SUOMI-TOISENA-KIELENA-S2-OPINNOISTA-PERUSKOULUSSA.pdf\">VEN\u00c4J\u00c4_TIETOA HUOLTAJILLE SUOMI TOISENA KIELEN\u00c4 (S2) OPINNOISTA PERUSKOULUSSA<\/a><\/p>\n<p>Jos kaipaat lis\u00e4tietoa oppim\u00e4\u00e4r\u00e4n valintaan tai mihin vain muuhun S2-opetukseen liittyv\u00e4\u00e4n asiaan, olethan yhteydess\u00e4:<\/p>\n<p>Lotta Ilmasti<\/p>\n<p>Projektikoordinaattori, ALUSTA-hanke<\/p>\n<p>S2-opetuksen yhdysopettaja<\/p>\n<p>040 168 9343<\/p>\n<p><a href=\"mailto:lotta.ilmasti@edu.turku.fi\">lotta.ilmasti@turku.fi<\/a><\/p>\n","protected":false},"excerpt":{"rendered":"<p>Suomen kielen oppim\u00e4\u00e4r\u00e4 puhuttaa aina tasaisin v\u00e4liajoin. Ohessa materiaalia huoltajien kanssa k\u00e4yt\u00e4vien keskustelujen tueksi. Oppim\u00e4\u00e4r\u00e4n valinnasta lis\u00e4tietoa my\u00f6s alavalikossa ohjeet ja linjaukset suomen kielen ja kirjallisuuden oppim\u00e4\u00e4r\u00e4n valinta \u2013 Monikulttuurinen opetus (turku.fi). TIETOA HUOLTAJILLE SUOMI TOISENA KIELEN\u00c4 (S2) OPINNOISTA PERUSKOULUSSA:\u00a0Huoltajatiedotteessa esitell\u00e4\u00e4n tiivistetysti, mist\u00e4 oppim\u00e4\u00e4r\u00e4ss\u00e4 on kyse ja mill\u00e4 perusteella oppim\u00e4\u00e4r\u00e4n valinta Turussa tehd\u00e4\u00e4n. Oppim\u00e4\u00e4r\u00e4nvalintakeskustelun malli &hellip; <a href=\"https:\/\/blog.edu.turku.fi\/monikulttuurinenopetus\/oppimaaran-valinta\/\" class=\"more-link\">Jatka lukemista<span class=\"screen-reader-text\"> &#8221;Keskustelu huoltajan kanssa&#8221;<\/span><\/a><\/p>\n","protected":false},"author":1827,"featured_media":0,"parent":0,"menu_order":0,"comment_status":"closed","ping_status":"closed","template":"","meta":{"footnotes":""},"class_list":["post-1437","page","type-page","status-publish","hentry"],"_links":{"self":[{"href":"https:\/\/blog.edu.turku.fi\/monikulttuurinenopetus\/wp-json\/wp\/v2\/pages\/1437","targetHints":{"allow":["GET"]}}],"collection":[{"href":"https:\/\/blog.edu.turku.fi\/monikulttuurinenopetus\/wp-json\/wp\/v2\/pages"}],"about":[{"href":"https:\/\/blog.edu.turku.fi\/monikulttuurinenopetus\/wp-json\/wp\/v2\/types\/page"}],"author":[{"embeddable":true,"href":"https:\/\/blog.edu.turku.fi\/monikulttuurinenopetus\/wp-json\/wp\/v2\/users\/1827"}],"replies":[{"embeddable":true,"href":"https:\/\/blog.edu.turku.fi\/monikulttuurinenopetus\/wp-json\/wp\/v2\/comments?post=1437"}],"version-history":[{"count":15,"href":"https:\/\/blog.edu.turku.fi\/monikulttuurinenopetus\/wp-json\/wp\/v2\/pages\/1437\/revisions"}],"predecessor-version":[{"id":1890,"href":"https:\/\/blog.edu.turku.fi\/monikulttuurinenopetus\/wp-json\/wp\/v2\/pages\/1437\/revisions\/1890"}],"wp:attachment":[{"href":"https:\/\/blog.edu.turku.fi\/monikulttuurinenopetus\/wp-json\/wp\/v2\/media?parent=1437"}],"curies":[{"name":"wp","href":"https:\/\/api.w.org\/{rel}","templated":true}]}}