{"id":1402,"date":"2022-05-18T14:41:34","date_gmt":"2022-05-18T11:41:34","guid":{"rendered":"https:\/\/blog.edu.turku.fi\/monikulttuurinenopetus\/?page_id=1402"},"modified":"2024-08-16T09:15:33","modified_gmt":"2024-08-16T06:15:33","slug":"s2-oppimaaran-arviointilausekkeet-vuosiluokille-1-3","status":"publish","type":"page","link":"https:\/\/blog.edu.turku.fi\/monikulttuurinenopetus\/s2-oppimaaran-arviointilausekkeet-vuosiluokille-1-3\/","title":{"rendered":"S2-oppim\u00e4\u00e4r\u00e4n arviointi"},"content":{"rendered":"<div class=\"entry-content\">\n<p>S2-oppim\u00e4\u00e4r\u00e4 on itsess\u00e4\u00e4n hyvin joustava ja kumulatiivinen. Opetussuunnitelman perusteissa on lis\u00e4ksi voimassa kompensaatioperiaate, joka tarkoittaa sit\u00e4, ett\u00e4 toisen osa-alueen osaaminen kompensoi jonkin osa-alueen heikkoa tai hyl\u00e4tty\u00e4 suoritusta.<\/p>\n<p>S2-oppim\u00e4\u00e4r\u00e4 arvioidaan kaikkien oppilaiden kohdalla sanallisesti vuosiluokilla 1 &#8211; 3 Turun perusopetuksen yhteisen k\u00e4yt\u00e4nn\u00f6n mukaan. Muilla vuosiluokilla lukuun ottamatta p\u00e4\u00e4tt\u00f6arviointia sanallinen arviointi on tarpeen vaatiessa edelleen mahdollinen.<\/p>\n<p>S2-oppim\u00e4\u00e4r\u00e4n arviointilausekkeet vuosiluokille 1 -3 eroavat suomen kieli ja kirjallisuus -oppim\u00e4\u00e4r\u00e4n arviointilausekkeista. Oppim\u00e4\u00e4r\u00e4n arvioinnissa painottuu funktionaalinen kielitaito koulun arjessa.<\/p>\n<p><em>S2-arvioinnin apu vuosiluokille 1-3:<\/em> <a href=\"https:\/\/blog.edu.turku.fi\/monikulttuurinenopetus\/files\/2023\/12\/S2-oppimaaran-arviointi-vuosiluokilla-1-3.pdf\">S2-oppim\u00e4\u00e4r\u00e4n arviointi vuosiluokilla 1 &#8211; 3<\/a><\/p>\n<p><em>S2-arviointi Wilmassa vuosiluokilla 1\u20133:<\/em>\u00a0<a href=\"https:\/\/youtu.be\/DcGv7ZrHXiQ\">https:\/\/youtu.be\/DcGv7ZrHXiQ<\/a><\/p>\n<p>&nbsp;<\/p>\n<\/div>\n","protected":false},"excerpt":{"rendered":"<p>S2-oppim\u00e4\u00e4r\u00e4 on itsess\u00e4\u00e4n hyvin joustava ja kumulatiivinen. Opetussuunnitelman perusteissa on lis\u00e4ksi voimassa kompensaatioperiaate, joka tarkoittaa sit\u00e4, ett\u00e4 toisen osa-alueen osaaminen kompensoi jonkin osa-alueen heikkoa tai hyl\u00e4tty\u00e4 suoritusta. S2-oppim\u00e4\u00e4r\u00e4 arvioidaan kaikkien oppilaiden kohdalla sanallisesti vuosiluokilla 1 &#8211; 3 Turun perusopetuksen yhteisen k\u00e4yt\u00e4nn\u00f6n mukaan. Muilla vuosiluokilla lukuun ottamatta p\u00e4\u00e4tt\u00f6arviointia sanallinen arviointi on tarpeen vaatiessa edelleen mahdollinen. S2-oppim\u00e4\u00e4r\u00e4n &hellip; <a href=\"https:\/\/blog.edu.turku.fi\/monikulttuurinenopetus\/s2-oppimaaran-arviointilausekkeet-vuosiluokille-1-3\/\" class=\"more-link\">Jatka lukemista<span class=\"screen-reader-text\"> &#8221;S2-oppim\u00e4\u00e4r\u00e4n arviointi&#8221;<\/span><\/a><\/p>\n","protected":false},"author":1827,"featured_media":0,"parent":0,"menu_order":0,"comment_status":"closed","ping_status":"closed","template":"","meta":{"footnotes":""},"class_list":["post-1402","page","type-page","status-publish","hentry"],"_links":{"self":[{"href":"https:\/\/blog.edu.turku.fi\/monikulttuurinenopetus\/wp-json\/wp\/v2\/pages\/1402","targetHints":{"allow":["GET"]}}],"collection":[{"href":"https:\/\/blog.edu.turku.fi\/monikulttuurinenopetus\/wp-json\/wp\/v2\/pages"}],"about":[{"href":"https:\/\/blog.edu.turku.fi\/monikulttuurinenopetus\/wp-json\/wp\/v2\/types\/page"}],"author":[{"embeddable":true,"href":"https:\/\/blog.edu.turku.fi\/monikulttuurinenopetus\/wp-json\/wp\/v2\/users\/1827"}],"replies":[{"embeddable":true,"href":"https:\/\/blog.edu.turku.fi\/monikulttuurinenopetus\/wp-json\/wp\/v2\/comments?post=1402"}],"version-history":[{"count":5,"href":"https:\/\/blog.edu.turku.fi\/monikulttuurinenopetus\/wp-json\/wp\/v2\/pages\/1402\/revisions"}],"predecessor-version":[{"id":2115,"href":"https:\/\/blog.edu.turku.fi\/monikulttuurinenopetus\/wp-json\/wp\/v2\/pages\/1402\/revisions\/2115"}],"wp:attachment":[{"href":"https:\/\/blog.edu.turku.fi\/monikulttuurinenopetus\/wp-json\/wp\/v2\/media?parent=1402"}],"curies":[{"name":"wp","href":"https:\/\/api.w.org\/{rel}","templated":true}]}}