{"id":1395,"date":"2022-05-18T14:26:20","date_gmt":"2022-05-18T11:26:20","guid":{"rendered":"https:\/\/blog.edu.turku.fi\/monikulttuurinenopetus\/?page_id=1395"},"modified":"2025-12-23T11:59:48","modified_gmt":"2025-12-23T09:59:48","slug":"arvioinnin-muistilista-todistusarvioinnin-tueksi","status":"publish","type":"page","link":"https:\/\/blog.edu.turku.fi\/monikulttuurinenopetus\/arvioinnin-muistilista-todistusarvioinnin-tueksi\/","title":{"rendered":"Monikielisen oppilaan sanallinen lukuvuosiarviointi"},"content":{"rendered":"<p><span data-contrast=\"none\">Monikielinen oppilas perusopetuksessa<\/span><span data-ccp-props=\"{&quot;201341983&quot;:0,&quot;335559739&quot;:160,&quot;335559740&quot;:259}\">\u00a0<\/span><\/p>\n<p><span data-contrast=\"none\">Numero vai S-merkint\u00e4?<\/span><span data-ccp-props=\"{&quot;201341983&quot;:0,&quot;335559739&quot;:160,&quot;335559740&quot;:259}\">\u00a0<\/span><\/p>\n<ul>\n<li data-leveltext=\"\uf0b7\" data-font=\"Symbol\" data-listid=\"3\" data-aria-posinset=\"1\" data-aria-level=\"1\"><span data-contrast=\"none\">Oppilaalle ei tarvitse antaa numeroarvosanaa ennen p\u00e4\u00e4tt\u00f6arviointia.<\/span><span data-ccp-props=\"{&quot;201341983&quot;:0,&quot;335559739&quot;:160,&quot;335559740&quot;:259}\">\u00a0<\/span><\/li>\n<li data-leveltext=\"\uf0b7\" data-font=\"Symbol\" data-listid=\"3\" data-aria-posinset=\"2\" data-aria-level=\"1\"><span data-contrast=\"none\">Todistuksessa voi k\u00e4ytt\u00e4\u00e4 <\/span><b><span data-contrast=\"none\">suoritusmerkint\u00e4\u00e4 S<\/span><\/b><span data-contrast=\"none\">.<\/span><span data-ccp-props=\"{&quot;201341983&quot;:0,&quot;335559739&quot;:160,&quot;335559740&quot;:259}\">\u00a0<\/span><\/li>\n<li data-leveltext=\"\uf0b7\" data-font=\"Symbol\" data-listid=\"3\" data-aria-posinset=\"3\" data-aria-level=\"1\"><span data-contrast=\"none\">Suoritusmerkinn\u00e4n S tukena k\u00e4ytet\u00e4\u00e4n <\/span><b><span data-contrast=\"none\">sanallisen arvioinnin lauseketta<\/span><\/b><span data-contrast=\"none\"> lausepankista.<\/span><span data-ccp-props=\"{&quot;201341983&quot;:0,&quot;335559739&quot;:160,&quot;335559740&quot;:259}\">\u00a0<\/span><\/li>\n<li data-leveltext=\"\uf0b7\" data-font=\"Symbol\" data-listid=\"3\" data-aria-posinset=\"3\" data-aria-level=\"1\"><span data-contrast=\"none\">S-merkint\u00e4 <\/span><b><\/b><span data-contrast=\"none\"> edellytt\u00e4\u00e4, ett\u00e4 oppilas on saavuttanut h\u00e4nelle asetetut tavoitteet.<\/span><span data-ccp-props=\"{&quot;201341983&quot;:0,&quot;335559739&quot;:160,&quot;335559740&quot;:259}\"> Paremman osaamisen tason saavuttaminen jonkin tavoitteen osalta voi kompensoida hyl\u00e4tyn suoriutumisen jonkin muun tavoitteen osalta.<\/span><\/li>\n<li>Sanallista arviointia voidaan k\u00e4ytt\u00e4\u00e4 my\u00f6s numeerisen arvioinnin tukena.<\/li>\n<li data-leveltext=\"\uf0b7\" data-font=\"Symbol\" data-listid=\"3\" data-aria-posinset=\"8\" data-aria-level=\"1\"><span data-contrast=\"none\">Oppilaan tulee saada tavoitteiden mukaista opetusta ja arvioinnin kohteen tulee olla opetettu sis\u00e4lt\u00f6.<\/span><span data-ccp-props=\"{&quot;201341983&quot;:0,&quot;335551550&quot;:1,&quot;335551620&quot;:1,&quot;335559737&quot;:0,&quot;335559739&quot;:160,&quot;335559740&quot;:259}\"> Oppilaan tulee saada opetusta sill\u00e4 tasolla, jonka tavoitteet h\u00e4nen on mahdollista saavuttaa.<\/span><\/li>\n<li data-leveltext=\"\uf0b7\" data-font=\"Symbol\" data-listid=\"3\" data-aria-posinset=\"8\" data-aria-level=\"1\">Jokainen opettaja on oman oppiaineensa osalta vastuussa tavoitteiden m\u00e4\u00e4rittelyst\u00e4 ja oikean tasoisen opetuksen toteuttamisesta.<\/li>\n<li>Suomen kielen taidon puute ei saa vaikuttaa arviointiin. Arvioinnissa tulee ottaa huomioon oppilaan kielitaidon taso koulun opetuskieless\u00e4 sek\u00e4 arvioinnin kohteena olevan oppiaineen tiedonalan kieless\u00e4. Osaamista tulee voida n\u00e4ytt\u00e4\u00e4 monella eri tavalla.<\/li>\n<\/ul>\n<p>Lausepankin lausekkeet:<br \/>\n1. Osoitat osaamistasi oppimistilanteissa tuetusti.<br \/>\n(Oppilaan antama kokonaisn\u00e4ytt\u00f6 on hyvin niukkaa.)<br \/>\n2. Osoitat osaamistasi oppimistilanteissa vaihtelevasti.<br \/>\n(Oppilas osallistuu oppimistilanteisiin vaihtelevasti ja osoittaa joskus osaamistaan.)<br \/>\n3. Osoitat osaamistasi oppimistilanteissa hyvin.<br \/>\n(Oppilas pyrkii useimmiten osallistumaan oppimistilanteisiin ja<br \/>\nn\u00e4ytt\u00e4m\u00e4\u00e4n osaamistaan.)<br \/>\n4. Osoitat osaamistasi oppimistilanteissa erinomaisesti.<br \/>\n(Oppilas osallistuu oppimistilanteisiin ja n\u00e4ytt\u00e4\u00e4 osaamistaan aktiivisesti.)<\/p>\n<p>Ks. erillinen ohje p\u00e4\u00e4tt\u00f6arvointiin toiselta alasivulta.<\/p>\n","protected":false},"excerpt":{"rendered":"<p>Monikielinen oppilas perusopetuksessa\u00a0 Numero vai S-merkint\u00e4?\u00a0 Oppilaalle ei tarvitse antaa numeroarvosanaa ennen p\u00e4\u00e4tt\u00f6arviointia.\u00a0 Todistuksessa voi k\u00e4ytt\u00e4\u00e4 suoritusmerkint\u00e4\u00e4 S.\u00a0 Suoritusmerkinn\u00e4n S tukena k\u00e4ytet\u00e4\u00e4n sanallisen arvioinnin lauseketta lausepankista.\u00a0 S-merkint\u00e4 edellytt\u00e4\u00e4, ett\u00e4 oppilas on saavuttanut h\u00e4nelle asetetut tavoitteet. Paremman osaamisen tason saavuttaminen jonkin tavoitteen osalta voi kompensoida hyl\u00e4tyn suoriutumisen jonkin muun tavoitteen osalta. Sanallista arviointia voidaan k\u00e4ytt\u00e4\u00e4 my\u00f6s &hellip; <a href=\"https:\/\/blog.edu.turku.fi\/monikulttuurinenopetus\/arvioinnin-muistilista-todistusarvioinnin-tueksi\/\" class=\"more-link\">Jatka lukemista<span class=\"screen-reader-text\"> &#8221;Monikielisen oppilaan sanallinen lukuvuosiarviointi&#8221;<\/span><\/a><\/p>\n","protected":false},"author":1827,"featured_media":0,"parent":0,"menu_order":0,"comment_status":"closed","ping_status":"closed","template":"","meta":{"footnotes":""},"class_list":["post-1395","page","type-page","status-publish","hentry"],"_links":{"self":[{"href":"https:\/\/blog.edu.turku.fi\/monikulttuurinenopetus\/wp-json\/wp\/v2\/pages\/1395","targetHints":{"allow":["GET"]}}],"collection":[{"href":"https:\/\/blog.edu.turku.fi\/monikulttuurinenopetus\/wp-json\/wp\/v2\/pages"}],"about":[{"href":"https:\/\/blog.edu.turku.fi\/monikulttuurinenopetus\/wp-json\/wp\/v2\/types\/page"}],"author":[{"embeddable":true,"href":"https:\/\/blog.edu.turku.fi\/monikulttuurinenopetus\/wp-json\/wp\/v2\/users\/1827"}],"replies":[{"embeddable":true,"href":"https:\/\/blog.edu.turku.fi\/monikulttuurinenopetus\/wp-json\/wp\/v2\/comments?post=1395"}],"version-history":[{"count":15,"href":"https:\/\/blog.edu.turku.fi\/monikulttuurinenopetus\/wp-json\/wp\/v2\/pages\/1395\/revisions"}],"predecessor-version":[{"id":2302,"href":"https:\/\/blog.edu.turku.fi\/monikulttuurinenopetus\/wp-json\/wp\/v2\/pages\/1395\/revisions\/2302"}],"wp:attachment":[{"href":"https:\/\/blog.edu.turku.fi\/monikulttuurinenopetus\/wp-json\/wp\/v2\/media?parent=1395"}],"curies":[{"name":"wp","href":"https:\/\/api.w.org\/{rel}","templated":true}]}}