{"id":1392,"date":"2022-05-18T14:25:09","date_gmt":"2022-05-18T11:25:09","guid":{"rendered":"https:\/\/blog.edu.turku.fi\/monikulttuurinenopetus\/?page_id=1392"},"modified":"2024-06-05T16:13:08","modified_gmt":"2024-06-05T13:13:08","slug":"monikielisen-oppilaan-arviointi-2","status":"publish","type":"page","link":"https:\/\/blog.edu.turku.fi\/monikulttuurinenopetus\/monikielisen-oppilaan-arviointi-2\/","title":{"rendered":"Monikielisen oppilaan arviointi"},"content":{"rendered":"<p>N\u00e4ilt\u00e4 alasivuilta l\u00f6yd\u00e4t tietoa monikielisen oppilaan arvioinnista.<\/p>\n<p>Lis\u00e4\u00e4 vinkkej\u00e4 my\u00f6s osiosssa\u00a0<a href=\"https:\/\/blog.edu.turku.fi\/monikulttuurinenopetus\/kielitietoinen-arviointi\/\">Kielitietoinen arviointi<\/a><\/p>\n<p>&nbsp;<\/p>\n","protected":false},"excerpt":{"rendered":"<p>N\u00e4ilt\u00e4 alasivuilta l\u00f6yd\u00e4t tietoa monikielisen oppilaan arvioinnista. Lis\u00e4\u00e4 vinkkej\u00e4 my\u00f6s osiosssa\u00a0Kielitietoinen arviointi &nbsp;<\/p>\n","protected":false},"author":1827,"featured_media":0,"parent":0,"menu_order":0,"comment_status":"closed","ping_status":"closed","template":"","meta":{"footnotes":""},"class_list":["post-1392","page","type-page","status-publish","hentry"],"_links":{"self":[{"href":"https:\/\/blog.edu.turku.fi\/monikulttuurinenopetus\/wp-json\/wp\/v2\/pages\/1392","targetHints":{"allow":["GET"]}}],"collection":[{"href":"https:\/\/blog.edu.turku.fi\/monikulttuurinenopetus\/wp-json\/wp\/v2\/pages"}],"about":[{"href":"https:\/\/blog.edu.turku.fi\/monikulttuurinenopetus\/wp-json\/wp\/v2\/types\/page"}],"author":[{"embeddable":true,"href":"https:\/\/blog.edu.turku.fi\/monikulttuurinenopetus\/wp-json\/wp\/v2\/users\/1827"}],"replies":[{"embeddable":true,"href":"https:\/\/blog.edu.turku.fi\/monikulttuurinenopetus\/wp-json\/wp\/v2\/comments?post=1392"}],"version-history":[{"count":7,"href":"https:\/\/blog.edu.turku.fi\/monikulttuurinenopetus\/wp-json\/wp\/v2\/pages\/1392\/revisions"}],"predecessor-version":[{"id":2081,"href":"https:\/\/blog.edu.turku.fi\/monikulttuurinenopetus\/wp-json\/wp\/v2\/pages\/1392\/revisions\/2081"}],"wp:attachment":[{"href":"https:\/\/blog.edu.turku.fi\/monikulttuurinenopetus\/wp-json\/wp\/v2\/media?parent=1392"}],"curies":[{"name":"wp","href":"https:\/\/api.w.org\/{rel}","templated":true}]}}