{"id":1371,"date":"2022-04-05T10:59:50","date_gmt":"2022-04-05T07:59:50","guid":{"rendered":"https:\/\/blog.edu.turku.fi\/monikulttuurinenopetus\/?page_id=1371"},"modified":"2025-06-17T13:41:27","modified_gmt":"2025-06-17T10:41:27","slug":"monikulttuurinen-kalenteri","status":"publish","type":"page","link":"https:\/\/blog.edu.turku.fi\/monikulttuurinenopetus\/monikulttuurinen-kalenteri\/","title":{"rendered":"Monikulttuurinen kalenteri"},"content":{"rendered":"<p>Kalenteriin on koottuna listaus eri kielten, maiden ja kulttuureiden juhlapyhist\u00e4.<\/p>\n<p>Huomioithan, ett\u00e4 kalenteri on p\u00e4ivitetty viimeksi vuonna 2022, joten kaikki juhlat eiv\u00e4t ole oikeiden p\u00e4ivien kohdalla.<\/p>\n<p>Kalenteri aukeaa t\u00e4st\u00e4 linkist\u00e4: <a href=\"https:\/\/blog.edu.turku.fi\/monikulttuurinenopetus\/files\/2022\/04\/MONIKULTTUURINEN-KALENTERI-4.docx\">MONIKULTTUURINEN KALENTERI<\/a><\/p>\n<p><em>T\u00e4m\u00e4 kalenteri on yksinkertaistettu versio t\u00e4rkeist\u00e4 juhlista ja se ei pid\u00e4 sis\u00e4ll\u00e4\u00e4n kaikkia maailman eri kulttuurisia juhlia. Turun perusopetuksen OMO- ja MAI-opettajat kertovat mielell\u00e4\u00e4n lis\u00e4\u00e4 juhlap\u00e4ivist\u00e4.<\/em><\/p>\n","protected":false},"excerpt":{"rendered":"<p>Kalenteriin on koottuna listaus eri kielten, maiden ja kulttuureiden juhlapyhist\u00e4. Huomioithan, ett\u00e4 kalenteri on p\u00e4ivitetty viimeksi vuonna 2022, joten kaikki juhlat eiv\u00e4t ole oikeiden p\u00e4ivien kohdalla. Kalenteri aukeaa t\u00e4st\u00e4 linkist\u00e4: MONIKULTTUURINEN KALENTERI T\u00e4m\u00e4 kalenteri on yksinkertaistettu versio t\u00e4rkeist\u00e4 juhlista ja se ei pid\u00e4 sis\u00e4ll\u00e4\u00e4n kaikkia maailman eri kulttuurisia juhlia. Turun perusopetuksen OMO- ja MAI-opettajat kertovat &hellip; <a href=\"https:\/\/blog.edu.turku.fi\/monikulttuurinenopetus\/monikulttuurinen-kalenteri\/\" class=\"more-link\">Jatka lukemista<span class=\"screen-reader-text\"> &#8221;Monikulttuurinen kalenteri&#8221;<\/span><\/a><\/p>\n","protected":false},"author":1827,"featured_media":0,"parent":0,"menu_order":0,"comment_status":"closed","ping_status":"closed","template":"","meta":{"footnotes":""},"class_list":["post-1371","page","type-page","status-publish","hentry"],"_links":{"self":[{"href":"https:\/\/blog.edu.turku.fi\/monikulttuurinenopetus\/wp-json\/wp\/v2\/pages\/1371","targetHints":{"allow":["GET"]}}],"collection":[{"href":"https:\/\/blog.edu.turku.fi\/monikulttuurinenopetus\/wp-json\/wp\/v2\/pages"}],"about":[{"href":"https:\/\/blog.edu.turku.fi\/monikulttuurinenopetus\/wp-json\/wp\/v2\/types\/page"}],"author":[{"embeddable":true,"href":"https:\/\/blog.edu.turku.fi\/monikulttuurinenopetus\/wp-json\/wp\/v2\/users\/1827"}],"replies":[{"embeddable":true,"href":"https:\/\/blog.edu.turku.fi\/monikulttuurinenopetus\/wp-json\/wp\/v2\/comments?post=1371"}],"version-history":[{"count":6,"href":"https:\/\/blog.edu.turku.fi\/monikulttuurinenopetus\/wp-json\/wp\/v2\/pages\/1371\/revisions"}],"predecessor-version":[{"id":2187,"href":"https:\/\/blog.edu.turku.fi\/monikulttuurinenopetus\/wp-json\/wp\/v2\/pages\/1371\/revisions\/2187"}],"wp:attachment":[{"href":"https:\/\/blog.edu.turku.fi\/monikulttuurinenopetus\/wp-json\/wp\/v2\/media?parent=1371"}],"curies":[{"name":"wp","href":"https:\/\/api.w.org\/{rel}","templated":true}]}}