{"id":1353,"date":"2021-11-29T10:46:31","date_gmt":"2021-11-29T08:46:31","guid":{"rendered":"https:\/\/blog.edu.turku.fi\/monikulttuurinenopetus\/?page_id=1353"},"modified":"2024-11-19T11:10:23","modified_gmt":"2024-11-19T09:10:23","slug":"kielitietoisen-opettajan-huoneentaulu","status":"publish","type":"page","link":"https:\/\/blog.edu.turku.fi\/monikulttuurinenopetus\/kielitietoisen-opettajan-huoneentaulu\/","title":{"rendered":"Kielitietoisen opettajan huoneentaulu"},"content":{"rendered":"<p>Alla olevasta linkist\u00e4 p\u00e4\u00e4set laataamaan itsellesi huoneentaulun oman kielitietoisen opetuksesi tueksi: <a href=\"https:\/\/blog.edu.turku.fi\/monikulttuurinenopetus\/files\/2021\/11\/Kielitietoisen-opettajan-huoneentaulu.pdf\">Kielitietoisen opettajan huoneentaulu<\/a><\/p>\n<p>Svensk version: <a href=\"https:\/\/blog.edu.turku.fi\/monikulttuurinenopetus\/files\/2022\/01\/Rumstavla-for-den-sprakmedvetna-lararen.pdf\">Rumstavla f\u00f6r den spr\u00e5kmedvetna l\u00e4raren<\/a><\/p>\n<p><em>Huoneentaulu on luotu Turun peruskoulujen opettajille mukaillen Ota koppi-ohjelman materiaaleista (linkki poistunut), <\/em><em>\u00a0Kielitietoisen opettajan oppaasta (e-norssi, toim. Tarja Ruohonen 2019.) <\/em><a href=\"https:\/\/enorssi.fi\/kielitietoisen-opettajan-opas\/\"><em>https:\/\/enorssi.fi\/kielitietoisen-opettajan-opas\/<\/em><\/a><em> sek\u00e4 DivED-kehitt\u00e4mishankkeen materiaaleista <\/em><a href=\"https:\/\/dived.fi\/kielitietoisia-kaytanteita-opettajille\/\">https:\/\/dived.fi\/kielitietoisia-kaytanteita-opettajille\/<\/a><\/p>\n","protected":false},"excerpt":{"rendered":"<p>Alla olevasta linkist\u00e4 p\u00e4\u00e4set laataamaan itsellesi huoneentaulun oman kielitietoisen opetuksesi tueksi: Kielitietoisen opettajan huoneentaulu Svensk version: Rumstavla f\u00f6r den spr\u00e5kmedvetna l\u00e4raren Huoneentaulu on luotu Turun peruskoulujen opettajille mukaillen Ota koppi-ohjelman materiaaleista (linkki poistunut), \u00a0Kielitietoisen opettajan oppaasta (e-norssi, toim. Tarja Ruohonen 2019.) https:\/\/enorssi.fi\/kielitietoisen-opettajan-opas\/ sek\u00e4 DivED-kehitt\u00e4mishankkeen materiaaleista https:\/\/dived.fi\/kielitietoisia-kaytanteita-opettajille\/<\/p>\n","protected":false},"author":1827,"featured_media":0,"parent":0,"menu_order":0,"comment_status":"closed","ping_status":"closed","template":"","meta":{"footnotes":""},"class_list":["post-1353","page","type-page","status-publish","hentry"],"_links":{"self":[{"href":"https:\/\/blog.edu.turku.fi\/monikulttuurinenopetus\/wp-json\/wp\/v2\/pages\/1353","targetHints":{"allow":["GET"]}}],"collection":[{"href":"https:\/\/blog.edu.turku.fi\/monikulttuurinenopetus\/wp-json\/wp\/v2\/pages"}],"about":[{"href":"https:\/\/blog.edu.turku.fi\/monikulttuurinenopetus\/wp-json\/wp\/v2\/types\/page"}],"author":[{"embeddable":true,"href":"https:\/\/blog.edu.turku.fi\/monikulttuurinenopetus\/wp-json\/wp\/v2\/users\/1827"}],"replies":[{"embeddable":true,"href":"https:\/\/blog.edu.turku.fi\/monikulttuurinenopetus\/wp-json\/wp\/v2\/comments?post=1353"}],"version-history":[{"count":3,"href":"https:\/\/blog.edu.turku.fi\/monikulttuurinenopetus\/wp-json\/wp\/v2\/pages\/1353\/revisions"}],"predecessor-version":[{"id":2136,"href":"https:\/\/blog.edu.turku.fi\/monikulttuurinenopetus\/wp-json\/wp\/v2\/pages\/1353\/revisions\/2136"}],"wp:attachment":[{"href":"https:\/\/blog.edu.turku.fi\/monikulttuurinenopetus\/wp-json\/wp\/v2\/media?parent=1353"}],"curies":[{"name":"wp","href":"https:\/\/api.w.org\/{rel}","templated":true}]}}