{"id":1217,"date":"2020-11-17T13:22:42","date_gmt":"2020-11-17T11:22:42","guid":{"rendered":"https:\/\/blog.edu.turku.fi\/monikulttuurinenopetus\/?page_id=1217"},"modified":"2025-06-17T14:09:02","modified_gmt":"2025-06-17T11:09:02","slug":"koulumentorointimateriaalit","status":"publish","type":"page","link":"https:\/\/blog.edu.turku.fi\/monikulttuurinenopetus\/koulumentorointimateriaalit\/","title":{"rendered":"Koulunk\u00e4ynnin tueksi"},"content":{"rendered":"<p><strong>Nelj\u00e4 faktaa suomalaisesta peruskoulusta <\/strong>ja<strong> Kodin ja koulun yhteisty\u00f6<\/strong>. Videot on suunnattu huoltajille, jotka puhuvat tai ymm\u00e4rt\u00e4v\u00e4t arabiaa, somaliaa, kurdia, ven\u00e4j\u00e4\u00e4 ja englantia. Niiden lis\u00e4ksi yksi versio on tehty selkosuomeksi.\u00a0 Peruskoulu on parasta -hankkeen monikieliset videot:\u00a0<a href=\"https:\/\/youtube.com\/playlist?list=PLNZfcYaWFhFgRuW9zSgIozomw0yt4WnkS\">https:\/\/youtube.com\/playlist?list=PLNZfcYaWFhFgRuW9zSgIozomw0yt4WnkS<\/a><\/p>\n<p><strong>Koulujen palvelut -videosarja<\/strong>: Turun kaupungin kymmenosainen videosarja , jossa luokanopettaja, koulukuraattori ja monet muut kouluilla ty\u00f6skentelev\u00e4t ammattilaiset kertovat, mink\u00e4laisissa tilanteissa oppilas tai huoltaja voi k\u00e4\u00e4nty\u00e4 h\u00e4nen puoleensa ja mit\u00e4 h\u00e4n tekee ty\u00f6kseen. Videoihin voi valita tekstityksen suomeksi, ruotsiksi, englanniksi, viroksi, ven\u00e4j\u00e4ksi, arabiaksi, somaliksi ja farsiksi.\u00a0 Kaikki videot l\u00f6ytyv\u00e4t t\u00e4lt\u00e4 soittolistalta: <a href=\"https:\/\/youtube.com\/playlist?list=PLNZfcYaWFhFi55EvVrMxHytlAssSWN6d2\">https:\/\/youtube.com\/playlist?list=PLNZfcYaWFhFi55EvVrMxHytlAssSWN6d2<\/a><\/p>\n<p><strong>Materiaalia oppimisvaikeuksista<\/strong> eri kielill\u00e4 (suomi, englanti, ruotsi, ven\u00e4j\u00e4, somali, arabia, ranska): <a href=\"https:\/\/www.hdl.fi\/trauma-ja-oppiminen-pakolaislapsi-ja-nuori-koulussa\/\">Pakolaislapsi ja -nuori koulussa | Diakonissalaitos<\/a><\/p>\n<p>Sivustolta l\u00f6ytyy my\u00f6s paljon muuta tietoa pakolais- ja turvapaikkahakijalasten ja -nuorten oppimisen tueksi.<\/p>\n<p><strong>Linkkikioski<\/strong>-hanke tarjoa Turun alakoulujen oppilaille ja heid\u00e4n perheilleen tukea integroitumiseen ja tasapainoisen kulttuuri-identiteetin muodostamiseen. Hankkeen ty\u00f6ntekij\u00e4t ohjeistavat huoltajia mm. Wilman k\u00e4yt\u00f6ss\u00e4. Kioski toimii vuosina 2021-2025. Lis\u00e4tiedot: <a href=\"https:\/\/mvkk.fi\/linkkikioski\/\">https:\/\/mvkk.fi\/linkkikioski\/<\/a><\/p>\n<p><strong>Kiusaamisen vastainen ty\u00f6:<\/strong> <a href=\"https:\/\/kotouttaminen.fi\/-\/etno-julkaisi-vieraskielisille-selkokielisen-oppaan-koulukiusaamisesta\">Tietoa koulukiusaamisesta vieraskielisille vanhemmille -oppaassa<\/a> annetaan tietoa kiusaamisesta, h\u00e4irinn\u00e4st\u00e4 ja syrjinn\u00e4st\u00e4 sek\u00e4 niihin puuttumisesta. Opas on julkaistu selkokielell\u00e4 ja lis\u00e4ksi oppaasta on tehty kieliversiot: selkoruotsi, ven\u00e4j\u00e4, viro, somali, arabia, kurdi ja englanti.<\/p>\n<p>OPH:n kiusaamisen vastainen aineisto:\u00a0 albania, arabia, englanti, kurdi, somali, ven\u00e4j\u00e4 ja viro. Huoneentaulut ja muun kiusaamisen vastaisen ty\u00f6n aineistot l\u00f6yd\u00e4t <a href=\"https:\/\/www.oph.fi\/fi\/koulutus-ja-tutkinnot\/kiusaamisen-vastainen-tyo\">t\u00e4\u00e4lt\u00e4.<\/a><\/p>\n<p><strong>Faktoja suomalaisesta koulusta<\/strong> hauskalla, mutta rennolla tavalla yhdess\u00e4 lapsen kanssa luettavaksi. Tekstit on kirjoitettu huomioiden opetuksen j\u00e4rjest\u00e4jien teht\u00e4v\u00e4t ja erilaiset toteuttamistavat. Sivusto on tarkoitettu monikielisille oppilaille ja heid\u00e4n perheilleen: <a href=\"https:\/\/thisworks.fi\/moving-to-finland\/\">Schools in Finland &#8211; This Works!<\/a><\/p>\n<p><a href=\"https:\/\/luelapselle.fi\/parents-guide\/\">Parent&#8217;s Guide in 16 Languages &#8211; Lue Lapselle<\/a><\/p>\n","protected":false},"excerpt":{"rendered":"<p>Nelj\u00e4 faktaa suomalaisesta peruskoulusta ja Kodin ja koulun yhteisty\u00f6. Videot on suunnattu huoltajille, jotka puhuvat tai ymm\u00e4rt\u00e4v\u00e4t arabiaa, somaliaa, kurdia, ven\u00e4j\u00e4\u00e4 ja englantia. Niiden lis\u00e4ksi yksi versio on tehty selkosuomeksi.\u00a0 Peruskoulu on parasta -hankkeen monikieliset videot:\u00a0https:\/\/youtube.com\/playlist?list=PLNZfcYaWFhFgRuW9zSgIozomw0yt4WnkS Koulujen palvelut -videosarja: Turun kaupungin kymmenosainen videosarja , jossa luokanopettaja, koulukuraattori ja monet muut kouluilla ty\u00f6skentelev\u00e4t ammattilaiset kertovat, mink\u00e4laisissa &hellip; <a href=\"https:\/\/blog.edu.turku.fi\/monikulttuurinenopetus\/koulumentorointimateriaalit\/\" class=\"more-link\">Jatka lukemista<span class=\"screen-reader-text\"> &#8221;Koulunk\u00e4ynnin tueksi&#8221;<\/span><\/a><\/p>\n","protected":false},"author":1827,"featured_media":0,"parent":0,"menu_order":0,"comment_status":"closed","ping_status":"closed","template":"","meta":{"footnotes":""},"class_list":["post-1217","page","type-page","status-publish","hentry"],"_links":{"self":[{"href":"https:\/\/blog.edu.turku.fi\/monikulttuurinenopetus\/wp-json\/wp\/v2\/pages\/1217","targetHints":{"allow":["GET"]}}],"collection":[{"href":"https:\/\/blog.edu.turku.fi\/monikulttuurinenopetus\/wp-json\/wp\/v2\/pages"}],"about":[{"href":"https:\/\/blog.edu.turku.fi\/monikulttuurinenopetus\/wp-json\/wp\/v2\/types\/page"}],"author":[{"embeddable":true,"href":"https:\/\/blog.edu.turku.fi\/monikulttuurinenopetus\/wp-json\/wp\/v2\/users\/1827"}],"replies":[{"embeddable":true,"href":"https:\/\/blog.edu.turku.fi\/monikulttuurinenopetus\/wp-json\/wp\/v2\/comments?post=1217"}],"version-history":[{"count":14,"href":"https:\/\/blog.edu.turku.fi\/monikulttuurinenopetus\/wp-json\/wp\/v2\/pages\/1217\/revisions"}],"predecessor-version":[{"id":2192,"href":"https:\/\/blog.edu.turku.fi\/monikulttuurinenopetus\/wp-json\/wp\/v2\/pages\/1217\/revisions\/2192"}],"wp:attachment":[{"href":"https:\/\/blog.edu.turku.fi\/monikulttuurinenopetus\/wp-json\/wp\/v2\/media?parent=1217"}],"curies":[{"name":"wp","href":"https:\/\/api.w.org\/{rel}","templated":true}]}}