{"id":120,"date":"2016-06-09T15:05:06","date_gmt":"2016-06-09T12:05:06","guid":{"rendered":"https:\/\/blog.edu.turku.fi\/monikulttuurinenopetus\/?page_id=120"},"modified":"2025-07-01T12:36:21","modified_gmt":"2025-07-01T09:36:21","slug":"lomakkeita","status":"publish","type":"page","link":"https:\/\/blog.edu.turku.fi\/monikulttuurinenopetus\/lomakkeita\/","title":{"rendered":"Lomakkeita"},"content":{"rendered":"<p>MAI-opetukseen ilmoittautuminen muille kuin Turun kaupungin koulujen oppilaille:<\/p>\n<p><a href=\"https:\/\/blog.edu.turku.fi\/monikulttuurinenopetus\/files\/2025\/07\/Turun-kaupunki-hakemus-MAI_englanti-1.pdf\">Turun kaupunki enrolment form MAI_English<\/a><\/p>\n<p><a href=\"https:\/\/blog.edu.turku.fi\/monikulttuurinenopetus\/files\/2025\/07\/Turun-kaupunki-hakemus-MAI_opetus-2025.pdf\">Turun kaupunki hakemus MAI_opetus 2025<\/a><\/p>\n<p><a href=\"https:\/\/blog.edu.turku.fi\/monikulttuurinenopetus\/files\/2016\/06\/ANM\u00c4LAN-TILL-UNDERVISNING-I-DET-EGNA-MODERSM\u00c5LET-MAI.doc\">ANM\u00c4LAN TILL UNDERVISNING I DET EGNA MODERSM\u00c5LET (MAI)<\/a><\/p>\n<p>HUOM! Turun kaupungin koulujen oppilaat ilmoittautuvat Wilmassa kohdassa hakemukset ja p\u00e4\u00e4t\u00f6kset eik\u00e4 paperisia ilmoittautumisia en\u00e4\u00e4 vastaanoteta!<\/p>\n<p>MAI-opetuksen lopettaminen: <a href=\"https:\/\/blog.edu.turku.fi\/monikulttuurinenopetus\/files\/2025\/07\/Turun-kaupunki-MAI-lopetus.pdf\">Turun kaupunki MAI lopetus<\/a><\/p>\n<p>MAI-opettajan kopiointitilauslomake\u00a0Painatuspalveluihin: <a href=\"https:\/\/blog.edu.turku.fi\/monikulttuurinenopetus\/files\/2016\/06\/MAI-opettajien-kopiointitilaus.pdf\">mai-opettajien-kopiointitilaus<\/a><\/p>\n<p>HUOM! Kopiointeihin on aina ensin kysytt\u00e4v\u00e4 lupa monikulttuurisen opetuksen suunnittelijalta.<\/p>\n<p>&nbsp;<\/p>\n","protected":false},"excerpt":{"rendered":"<p>MAI-opetukseen ilmoittautuminen muille kuin Turun kaupungin koulujen oppilaille: Turun kaupunki enrolment form MAI_English Turun kaupunki hakemus MAI_opetus 2025 ANM\u00c4LAN TILL UNDERVISNING I DET EGNA MODERSM\u00c5LET (MAI) HUOM! Turun kaupungin koulujen oppilaat ilmoittautuvat Wilmassa kohdassa hakemukset ja p\u00e4\u00e4t\u00f6kset eik\u00e4 paperisia ilmoittautumisia en\u00e4\u00e4 vastaanoteta! MAI-opetuksen lopettaminen: Turun kaupunki MAI lopetus MAI-opettajan kopiointitilauslomake\u00a0Painatuspalveluihin: mai-opettajien-kopiointitilaus HUOM! Kopiointeihin on aina &hellip; <a href=\"https:\/\/blog.edu.turku.fi\/monikulttuurinenopetus\/lomakkeita\/\" class=\"more-link\">Jatka lukemista<span class=\"screen-reader-text\"> &#8221;Lomakkeita&#8221;<\/span><\/a><\/p>\n","protected":false},"author":1827,"featured_media":0,"parent":0,"menu_order":0,"comment_status":"closed","ping_status":"closed","template":"","meta":{"footnotes":""},"class_list":["post-120","page","type-page","status-publish","hentry"],"_links":{"self":[{"href":"https:\/\/blog.edu.turku.fi\/monikulttuurinenopetus\/wp-json\/wp\/v2\/pages\/120","targetHints":{"allow":["GET"]}}],"collection":[{"href":"https:\/\/blog.edu.turku.fi\/monikulttuurinenopetus\/wp-json\/wp\/v2\/pages"}],"about":[{"href":"https:\/\/blog.edu.turku.fi\/monikulttuurinenopetus\/wp-json\/wp\/v2\/types\/page"}],"author":[{"embeddable":true,"href":"https:\/\/blog.edu.turku.fi\/monikulttuurinenopetus\/wp-json\/wp\/v2\/users\/1827"}],"replies":[{"embeddable":true,"href":"https:\/\/blog.edu.turku.fi\/monikulttuurinenopetus\/wp-json\/wp\/v2\/comments?post=120"}],"version-history":[{"count":17,"href":"https:\/\/blog.edu.turku.fi\/monikulttuurinenopetus\/wp-json\/wp\/v2\/pages\/120\/revisions"}],"predecessor-version":[{"id":2204,"href":"https:\/\/blog.edu.turku.fi\/monikulttuurinenopetus\/wp-json\/wp\/v2\/pages\/120\/revisions\/2204"}],"wp:attachment":[{"href":"https:\/\/blog.edu.turku.fi\/monikulttuurinenopetus\/wp-json\/wp\/v2\/media?parent=120"}],"curies":[{"name":"wp","href":"https:\/\/api.w.org\/{rel}","templated":true}]}}