{"id":107,"date":"2016-06-09T13:44:14","date_gmt":"2016-06-09T10:44:14","guid":{"rendered":"https:\/\/blog.edu.turku.fi\/monikulttuurinenopetus\/?page_id=107"},"modified":"2026-03-25T19:41:50","modified_gmt":"2026-03-25T17:41:50","slug":"linkkeja-2","status":"publish","type":"page","link":"https:\/\/blog.edu.turku.fi\/monikulttuurinenopetus\/linkkeja-2\/","title":{"rendered":"Linkkej\u00e4"},"content":{"rendered":"<p>Turun perusopetuksen ohjeet (2023)<a href=\"https:\/\/blog.edu.turku.fi\/monikulttuurinenopetus\/files\/2023\/06\/VALMOsta-siirtyminen-perusopetukseen.pdf\">VALMOsta siirtyminen perusopetukseen<\/a><\/p>\n<p>ja <a href=\"https:\/\/blog.edu.turku.fi\/monikulttuurinenopetus\/files\/2023\/06\/Kun-opetusryhmaani-tulee-monikielinen-oppilas.pdf\">Kun opetusryhm\u00e4\u00e4ni tulee monikielinen oppilas<\/a><\/p>\n<p>Turun perusopetukseen valmistavan opetuksen opetussuunnitelma 1.8.2016: <a href=\"https:\/\/blog.edu.turku.fi\/monikulttuurinenopetus\/files\/2016\/06\/Turun-VALMO-OPS-.pdf\">Turun VALMO OPS<\/a><\/p>\n<p><a href=\"https:\/\/blog.edu.turku.fi\/valmistavaopetusturku\/\" target=\"_blank\" rel=\"noopener noreferrer\">Turun kaupungin perusopetukseen valmistavan opetuksen blogi<\/a> (Ei en\u00e4\u00e4 p\u00e4ivitet\u00e4)<\/p>\n<p>OPH:n opas 2017: <a href=\"https:\/\/blog.edu.turku.fi\/monikulttuurinenopetus\/files\/2016\/06\/Perusopetukseen-valmistava-opetus_opas-OPH-2017.pdf\">Perusopetukseen valmistava opetus<\/a><\/p>\n<p>Tampereen kaupungin luoma <a href=\"https:\/\/opi.tampere.fi\/uploads\/sites\/9\/2024\/07\/51563e27-valmistavan-opetuksen-vuosikello.pdf\">VUOSIKELLO<\/a> valmistavaan opetukseen. Sis\u00e4lt\u00e4\u00e4 teemat sek\u00e4 aiheet erikseen 1.-3.lk, 4.-6.lk ja 7.-9.lk oppilaiden opetukseen. Tampereen kaupungin muut materiaalit valmistavaan opetukseen l\u00f6ytyv\u00e4t t\u00e4\u00e4lt\u00e4: <a href=\"https:\/\/opi.tampere.fi\/ilmiomainentampere\/valmistava-opetus\/\">VALMISTAVA OPETUS &#8211; Ilmi\u00f6m\u00e4inen Tampere -blogi<\/a><\/p>\n<p><a href=\"https:\/\/www.oph.fi\/fi\/koulutus-ja-tutkinnot\/perusopetukseen-valmistava-opetus\">Perusopetukseen valmistava opetus | Opetushallitus<\/a> Opetushallituksen tuottama hy\u00f6dyllinen sivusto valmistavaan opetukseen liittyvist\u00e4 asioista<\/p>\n<p>Sivustolta l\u00f6ytyy my\u00f6s <strong>VOITTO-ty\u00f6v\u00e4line,<\/strong> joka on\u00a0kehitetty tarpeeseen tukea yl\u00e4kouluun valmistavassa opetuksessa opiskelevien, vasta maahan saapuneiden monikielisten oppilaiden suomen kielen sek\u00e4 tiedonala- ja opiskelutaitojen oppimista. Ty\u00f6v\u00e4line tuottaa opettajille tietoa oppilaiden tekstitaitojen kehittymisen seuraamiseen, arviointiin ja tukemiseen.\u00a0VOITTO-ty\u00f6v\u00e4lineen tuottamaa tietoa voi hy\u00f6dynt\u00e4\u00e4 paitsi valmistavan opetuksen suunnittelussa, my\u00f6s arvioitaessa oppilaan tarvetta perusopetuksessa j\u00e4rjestett\u00e4v\u00e4\u00e4n valmistavan opetuksen lis\u00e4opetukseen (lis\u00e4VALO).<\/p>\n<p>Mahdollisuuksien matkalaukut on Joensuun kaupungin hanke, jonka tavoitteena on tukea monikielisten oppilaiden parempia oppimisedellytyksi\u00e4 sek\u00e4 vahvistaa yhteis\u00f6llisyytt\u00e4. Videoita voi hy\u00f6dynt\u00e4\u00e4 suomen kielen opetuksessa. Sanastovideoiden alta l\u00f6ytyy tulostettavaa materiaalia eri kielill\u00e4. <a href=\"https:\/\/www.youtube.com\/channel\/UCjPq9nXEJsTKilzoOQCDiXA\">Mahdollisuuksien Matkalaukut &#8211; YouTube<\/a><\/p>\n<p class=\"Typography-sc-8becf565-0 Banner__Lead-sc-ff5ce010-3 bNliKB lkrpVI\">T\u00e4lt\u00e4 sivustolta l\u00f6yd\u00e4t monenlaista sis\u00e4lt\u00f6\u00e4 kielenopiskelun tueksi: <a href=\"https:\/\/yle.fi\/oppiminen\/suomen-kieli\">Yle.fi | Oppiminen<\/a><\/p>\n<header class=\"entry-header\"><a href=\"https:\/\/blogs.helsinki.fi\/vastaantulo\/materiaalipankki\/\">Vastaantulo-hankkeen materiaalipankki\u00a0<\/a><em>\u00a0<\/em>sis\u00e4lt\u00e4\u00e4 valmistavan opetuksen suunnitteluun tarkoitettua materiaalia sek\u00e4 \u00a0valmistavan vuoden huoneentauluja ja valmistavan opetuksen opetuslauluja\u00a0opetuskuvineen.<\/header>\n<p>Turun El\u00e4myspolun sivustolla on pitk\u00e4 lista &#8221;valinnaisista kohteista&#8221;, joista osa on maksuttomia ja VALMO-ryhmien hy\u00f6dynnett\u00e4viss\u00e4: <a href=\"https:\/\/blog.edu.turku.fi\/elamyspolku\/valinnainen-tarjonta\/\">https:\/\/blog.edu.turku.fi\/elamyspolku\/valinnainen-tarjonta\/<\/a> Lis\u00e4ksi kannattaa seurata El\u00e4myspolun uusimmat vinkit-sivua: <a href=\"https:\/\/blog.edu.turku.fi\/elamyspolku\/uusimmat-vinkit\/\">https:\/\/blog.edu.turku.fi\/elamyspolku\/uusimmat-vinkit\/<\/a><\/p>\n<p><span class=\"wixui-rich-text__text\">Selkokielisi\u00e4 ruokareseptej\u00e4 ja ruokatietoa<\/span><span class=\"wixui-rich-text__text\"><span class=\"inherit-font-size wixui-rich-text__text\">\u00a0<\/span><\/span><span class=\"wixui-rich-text__text\">suomen kielen opetukseen: <\/span>Lukisoppa on oppimateriaali, joka auttaa suomen kielen opettajia yhdist\u00e4m\u00e4\u00e4n ruoanlaitto suomen kielen opetukseen. Materiaalia voi hy\u00f6dynt\u00e4\u00e4 esim. toiminnallisessa suomen kielen opetuksessa ja perusopetuksen valmistavassa opetuksessa. Resepteihin liittyy my\u00f6s lis\u00e4materiaaleja, kuten sanasto- ja verbiharjoituksia. Aineiston voi ladata halutessaan kokonaisena pdf-pakettina <a class=\"wixui-rich-text__text\" href=\"https:\/\/www.lukiarki.fi\/post\/ladattavat-materiaalipaketit\" target=\"_blank\" rel=\"noreferrer noopener\">t\u00e4\u00e4lt\u00e4 .<\/a><\/p>\n<p><a href=\"https:\/\/maistuvakoulu.fi\/mita-ruokakasvatus-on\/ruokakasvatusta-monikulttuurisessa-koulussa\/kouluruokailu-tutuksi\/\">Kouluruokailu tutuksi &#8211; Maistuva koulu<\/a>: Erilaista materiaalia kouluruokailusta ja ruokakasvatuksesta. My\u00f6s kieliversioita.<\/p>\n<p><a href=\"https:\/\/valoavalmoon.wordpress.com\/\" target=\"_blank\" rel=\"noopener noreferrer\">Valoa valmoon<\/a>:\u00a0Turun ja Oulun yliopistojen yhteinen perusopetukseen valmistavan opetuksen kehitt\u00e4misen, ideoiden jakamisen ja keskustelun foorumi.<\/p>\n<p><a href=\"http:\/\/suomitaskussa.eu\/\">Suomi taskussa<\/a> &#8211; ilmainen mobiilioppimisalusta maahanmuuttajille<\/p>\n<p><a href=\"https:\/\/kotisuomessa.fi\/web\/site-155213\/state-jurdkmbrei\/front-page\" target=\"_blank\" rel=\"noopener noreferrer\">Koti Suomessa<\/a> -sivusto suomen tai ruotsin kielen opiskeluun<\/p>\n<p><a href=\"http:\/\/sanapaja.edu.fi\/\" target=\"_blank\" rel=\"noopener noreferrer\">Sanapaja<\/a> on palvelu, joka tukee opiskelua suomen kielell\u00e4. Sanapajaan ker\u00e4t\u00e4\u00e4n valikoidusti eri oppiaineissa esiintyvi\u00e4 vaikeita sanoja ja k\u00e4sitteit\u00e4, jotka on selitetty ja osin my\u00f6s havainnollistettu. Sanoista on saatavilla k\u00e4\u00e4nn\u00f6ksi\u00e4 usealla eri kielell\u00e4.<\/p>\n<p><a href=\"http:\/\/www.suomenvuosisata.fi\/\"><u><span style=\"color: #0066cc\">Monikielinen video suomalaisen yhteiskunnan kehityksest\u00e4<\/span><\/u><\/a>:\u00a0Hyvinvointia rakentamassa: Suomen ja Virtasten vuosisata-niminen monikielinen opetusvideo valaisee suomalaisen yhteiskunnan kehittymist\u00e4 ja avaa sen taustoja. Sen on tarkoitus auttaa maahanmuuttajaa hahmottamaan joitakin kriittisi\u00e4 menestystekij\u00f6it\u00e4, jotka ovat vaikuttaneet Suomen kehittymiseen perifeerisest\u00e4 ja k\u00f6yh\u00e4st\u00e4 agraaritaloudesta nykyiseksi moderniksi hyvinvointivaltioksi. Videossa kerrotaan Suomen historian keskeisimmist\u00e4 vaiheista 1900-luvun alusta nykyp\u00e4iv\u00e4\u00e4n. Lis\u00e4ksi siin\u00e4 kuvataan muun muassa seuraavien asioiden kehittyminen Suomessa: yleinen oppivelvollisuus ja peruskoulu, yleinen \u00e4\u00e4nioikeus, sukupuolten tasa-arvo sek\u00e4 \u00e4itien ja lasten terveydenhoito. Aihepiiri\u00e4 l\u00e4hestyt\u00e4\u00e4n kuvitteellisen Virtasen suvun kautta. <strong>Video on toteutettu selkosuomeksi sek\u00e4 englanniksi, ven\u00e4j\u00e4ksi, thaiksi, arabiaksi, somaliksi, soraniksi ja farsiksi puhuttuna.\u00a0<\/strong><\/p>\n<p><a href=\"https:\/\/www.kielibuusti.fi\/fi\">Kielibuusti sivustolta\u00a0<\/a>l\u00f6yd\u00e4t neuvot ja materiaalit kaikkiin suomen ja ruotsin oppimiseen liittyviin kysymyksiin. Sivustolla on muun muassa itseopiskelumateriaaleja, vinkkej\u00e4 kielenoppimiseen ty\u00f6ss\u00e4, kielenoppimisen suunnittelun ja ohjauksen v\u00e4lineit\u00e4 sek\u00e4 pedagogisia materiaaleja.<\/p>\n<p>Turun yliopiston kehitt\u00e4m\u00e4 Suomipassi-sovellus, jossa voi harjoitella puhekielt\u00e4 arkip\u00e4iv\u00e4n tilanteissa. Sopii parhaiten tasolle A1-A2, siihen vaiheeseen, kun oppija jo osaa v\u00e4h\u00e4n suomea, mutta ei ole rohkaistunut viel\u00e4 k\u00e4ytt\u00e4m\u00e4\u00e4n suomea enemp\u00e4\u00e4 luokkahuoneen ulkopuolella.\u202f Useita apukieli\u00e4. <a href=\"https:\/\/eur04.safelinks.protection.outlook.com\/?url=https%3A%2F%2Fsuomipassi.utu.fi%2Ffi%2Fetusivu%2F&amp;data=05%7C02%7C%7C45e275cec4614799988008dd36dddff3%7C6c5e2c8ad3f04a0b965842502c73e17b%7C0%7C0%7C638727048774416481%7CUnknown%7CTWFpbGZsb3d8eyJFbXB0eU1hcGkiOnRydWUsIlYiOiIwLjAuMDAwMCIsIlAiOiJXaW4zMiIsIkFOIjoiTWFpbCIsIldUIjoyfQ%3D%3D%7C0%7C%7C%7C&amp;sdata=HBn4tgdBxck4MMH4vOpa%2FP8RBslEafET2mj%2FwNM2BQo%3D&amp;reserved=0\">https:\/\/suomipassi.utu.fi\/fi\/etusivu\/<\/a><\/p>\n<p><em>Kieliverkosto julkaisee <\/em><a href=\"https:\/\/www.kieliverkosto.fi\/fi\/journals\"><em>Kieli, koulutus ja yhteiskunta<\/em><\/a> -verkkolehte\u00e4,\u00a0jonka\u00a0artikkelit\u00a0k\u00e4sittelev\u00e4t\u00a0monipuolisesti\u00a0kielikoulutusta.<\/p>\n<p>V\u00e4est\u00f6liiton &#8221;<a href=\"https:\/\/youtu.be\/o3wtBvWojWg\">Seksuaalisuudesta turvapaikanhakijoille<\/a>&#8221; on\u00a0seksuaalikasvatuksen opetusvideo selkosuomeksi, farssiksi, arabiaksi, somaliksi, kurdin soraniksi ja englanniksi. Gimaran tekem\u00e4 <a href=\"https:\/\/www.youtube.com\/watch?v=QHeUjhcCLmo\">opetusvideo<\/a> samasta aiheesta on tehty eritt\u00e4in helpolla selkosuomella.<\/p>\n<p>&nbsp;<\/p>\n<p>Lis\u00e4\u00e4 linkkej\u00e4 l\u00f6ytyy Ajankohtaista- sivulta kohdasta \u201dHy\u00f6dyllisi\u00e4 linkkej\u00e4 arkeen\u201d.<\/p>\n","protected":false},"excerpt":{"rendered":"<p>Turun perusopetuksen ohjeet (2023)VALMOsta siirtyminen perusopetukseen ja Kun opetusryhm\u00e4\u00e4ni tulee monikielinen oppilas Turun perusopetukseen valmistavan opetuksen opetussuunnitelma 1.8.2016: Turun VALMO OPS Turun kaupungin perusopetukseen valmistavan opetuksen blogi (Ei en\u00e4\u00e4 p\u00e4ivitet\u00e4) OPH:n opas 2017: Perusopetukseen valmistava opetus Tampereen kaupungin luoma VUOSIKELLO valmistavaan opetukseen. Sis\u00e4lt\u00e4\u00e4 teemat sek\u00e4 aiheet erikseen 1.-3.lk, 4.-6.lk ja 7.-9.lk oppilaiden opetukseen. Tampereen kaupungin &hellip; <a href=\"https:\/\/blog.edu.turku.fi\/monikulttuurinenopetus\/linkkeja-2\/\" class=\"more-link\">Jatka lukemista<span class=\"screen-reader-text\"> &#8221;Linkkej\u00e4&#8221;<\/span><\/a><\/p>\n","protected":false},"author":1827,"featured_media":0,"parent":0,"menu_order":0,"comment_status":"closed","ping_status":"closed","template":"","meta":{"footnotes":""},"class_list":["post-107","page","type-page","status-publish","hentry"],"_links":{"self":[{"href":"https:\/\/blog.edu.turku.fi\/monikulttuurinenopetus\/wp-json\/wp\/v2\/pages\/107","targetHints":{"allow":["GET"]}}],"collection":[{"href":"https:\/\/blog.edu.turku.fi\/monikulttuurinenopetus\/wp-json\/wp\/v2\/pages"}],"about":[{"href":"https:\/\/blog.edu.turku.fi\/monikulttuurinenopetus\/wp-json\/wp\/v2\/types\/page"}],"author":[{"embeddable":true,"href":"https:\/\/blog.edu.turku.fi\/monikulttuurinenopetus\/wp-json\/wp\/v2\/users\/1827"}],"replies":[{"embeddable":true,"href":"https:\/\/blog.edu.turku.fi\/monikulttuurinenopetus\/wp-json\/wp\/v2\/comments?post=107"}],"version-history":[{"count":49,"href":"https:\/\/blog.edu.turku.fi\/monikulttuurinenopetus\/wp-json\/wp\/v2\/pages\/107\/revisions"}],"predecessor-version":[{"id":2333,"href":"https:\/\/blog.edu.turku.fi\/monikulttuurinenopetus\/wp-json\/wp\/v2\/pages\/107\/revisions\/2333"}],"wp:attachment":[{"href":"https:\/\/blog.edu.turku.fi\/monikulttuurinenopetus\/wp-json\/wp\/v2\/media?parent=107"}],"curies":[{"name":"wp","href":"https:\/\/api.w.org\/{rel}","templated":true}]}}