{"id":860,"date":"2012-12-14T16:38:27","date_gmt":"2012-12-14T14:38:27","guid":{"rendered":"https:\/\/blog.edu.turku.fi\/molla\/?page_id=860"},"modified":"2018-12-17T10:15:13","modified_gmt":"2018-12-17T08:15:13","slug":"tuokiovinkit","status":"publish","type":"page","link":"https:\/\/blog.edu.turku.fi\/molla\/materiaalit\/tuokiovinkit\/","title":{"rendered":"Tuokiovinkit"},"content":{"rendered":"<p>T\u00e4lt\u00e4 sivulta l\u00f6yd\u00e4t hankkeen aikana ty\u00f6stetyt esiopetuksen pedagogiset tvt-mallit eli tuokiovinkit. Mallit ovat apuv\u00e4lineit\u00e4 ensisijaisesti esiopetuksen suunnittelun tueksi, mutta osa niist\u00e4 soveltuu k\u00e4ytett\u00e4v\u00e4ksi varhaiskasvatuksessa my\u00f6s pienempien lasten kanssa sek\u00e4 osa my\u00f6s alkuopetuksen puolella. Mallit on ty\u00f6stetty yhteisty\u00f6ss\u00e4 opettajien ja hankety\u00f6ntekij\u00f6iden kanssa.<\/p>\n<p>Tuokiovinkit:<\/p>\n<ul>\n<li><a href=\"https:\/\/blog.edu.turku.fi\/molla\/files\/2012\/12\/Aamustartti-esiopetuksessa.pdf\" target=\"_blank\" rel=\"noopener\">Aamustartti esiopetuksessa<\/a><\/li>\n<li><a href=\"https:\/\/blog.edu.turku.fi\/molla\/files\/2012\/12\/Alkukartoitus_kosketustaululla.pdf\" target=\"_blank\" rel=\"noopener\">Alkukartoitus kosketustaululla<\/a><\/li>\n<li><a href=\"https:\/\/blog.edu.turku.fi\/molla\/files\/2012\/12\/Blogi_paivakodin_viestintakanavana.pdf\">Blogi p\u00e4iv\u00e4kodin viestint\u00e4kanavana<\/a><\/li>\n<li><a href=\"https:\/\/blog.edu.turku.fi\/molla\/files\/2012\/12\/Elokuva-saduttamalla.pdf\">Elokuva saduttamalla<\/a><\/li>\n<li><a href=\"https:\/\/blog.edu.turku.fi\/molla\/files\/2012\/12\/Et\u00e4vierailu.pdf\" target=\"_blank\" rel=\"noopener\">Et\u00e4vierailu p\u00e4iv\u00e4kodissa<\/a><\/li>\n<li><a href=\"https:\/\/blog.edu.turku.fi\/molla\/files\/2012\/12\/Euroviikko.pdf\" target=\"_blank\" rel=\"noopener\">Euroviikko<\/a><\/li>\n<li><a href=\"https:\/\/blog.edu.turku.fi\/molla\/files\/2012\/12\/Kirjainsuunnistus.pdf\" target=\"_blank\" rel=\"noopener\">Kirjainsuunnistus<\/a><\/li>\n<li><a href=\"https:\/\/blog.edu.turku.fi\/molla\/files\/2012\/12\/Kirjoitusharjoituksia-opetusta-eheytt\u00e4en.pdf\" target=\"_blank\" rel=\"noopener\">Kirjoitusharjoituksia opetusta eheytt\u00e4en<\/a><\/li>\n<li><a href=\"https:\/\/blog.edu.turku.fi\/molla\/files\/2012\/12\/Ryhm\u00e4n-esittelyvideo.pdf\" target=\"_blank\" rel=\"noopener\">Ryhm\u00e4n esittelyvideo<\/a><\/li>\n<\/ul>\n<p>Kaikki em. mallit on koottu verkkojulkaisuksi:&nbsp;<a href=\"http:\/\/issuu.com\/sailav\/docs\/tuokiovinkkej___esiopetukseen\" target=\"_blank\" rel=\"noopener\">Tuokiovinkit esiopetukseen<\/a><\/p>\n<p>Videoidut vinkit:<\/p>\n<ul>\n<li><a href=\"https:\/\/blog.edu.turku.fi\/molla\/2015\/04\/15\/uusia-pedagogisia-malleja-videoina\/\" target=\"_blank\" rel=\"noopener\">Tablet-ajokortti<\/a><\/li>\n<li><a href=\"https:\/\/blog.edu.turku.fi\/molla\/2015\/04\/15\/uusia-pedagogisia-malleja-videoina\/\" target=\"_blank\" rel=\"noopener\">Viikon eskarilainen<\/a><\/li>\n<li><a href=\"https:\/\/blog.edu.turku.fi\/molla\/2015\/04\/15\/uusia-pedagogisia-malleja-videoina\/\" target=\"_blank\" rel=\"noopener\">Eriytt\u00e4mist\u00e4 QR-koodeilla<\/a><\/li>\n<\/ul>\n<p>Katso my\u00f6s idea hyvien k\u00e4yt\u00f6stapojen opetteluun:<\/p>\n<ul>\n<li><a href=\"https:\/\/blog.edu.turku.fi\/molla\/opetus\/hyvat-kaytostavat\/\" target=\"_blank\" rel=\"noopener\">Hyv\u00e4t k\u00e4yt\u00f6stavat -miniprojekti<\/a><\/li>\n<\/ul>\n<p>Mallien ty\u00f6st\u00e4misess\u00e4 k\u00e4ytettiin ty\u00f6skentelypohjia, jotka ovat vapaasti muidenkin hy\u00f6dynnett\u00e4viss\u00e4:<\/p>\n<ul>\n<li><a href=\"https:\/\/blog.edu.turku.fi\/molla\/files\/2012\/12\/Teht\u00e4v\u00e4_ideointi.pdf\" target=\"_blank\" rel=\"noopener\">mindmap-ideointipohja1<\/a> ja <a href=\"https:\/\/blog.edu.turku.fi\/molla\/files\/2012\/12\/Ty\u00f6skentelypohja.pdf\" target=\"_blank\" rel=\"noopener\">ideointipohja2<\/a><\/li>\n<li><a href=\"https:\/\/blog.edu.turku.fi\/molla\/files\/2012\/12\/Tuokiovinkkien-k\u00e4sikirjoitusrunko1.docx\">tuokiovinkkien k\u00e4sikirjoitusrunko<\/a><\/li>\n<\/ul>\n","protected":false},"excerpt":{"rendered":"<p>T\u00e4lt\u00e4 sivulta l\u00f6yd\u00e4t hankkeen aikana ty\u00f6stetyt esiopetuksen pedagogiset tvt-mallit eli tuokiovinkit. Mallit ovat apuv\u00e4lineit\u00e4 ensisijaisesti esiopetuksen suunnittelun tueksi, mutta osa niist\u00e4 soveltuu k\u00e4ytett\u00e4v\u00e4ksi varhaiskasvatuksessa my\u00f6s pienempien lasten kanssa sek\u00e4 osa my\u00f6s alkuopetuksen puolella. Mallit on ty\u00f6stetty yhteisty\u00f6ss\u00e4 opettajien ja hankety\u00f6ntekij\u00f6iden kanssa. Tuokiovinkit: Aamustartti esiopetuksessa Alkukartoitus kosketustaululla Blogi p\u00e4iv\u00e4kodin viestint\u00e4kanavana Elokuva saduttamalla Et\u00e4vierailu p\u00e4iv\u00e4kodissa Euroviikko Kirjainsuunnistus &hellip; <a href=\"https:\/\/blog.edu.turku.fi\/molla\/materiaalit\/tuokiovinkit\/\" class=\"more-link\">Jatka lukemista <span class=\"screen-reader-text\">Tuokiovinkit<\/span> <span class=\"meta-nav\">&rarr;<\/span><\/a><\/p>\n","protected":false},"author":9,"featured_media":0,"parent":3198,"menu_order":7,"comment_status":"closed","ping_status":"closed","template":"","meta":{"ngg_post_thumbnail":0,"footnotes":""},"class_list":["post-860","page","type-page","status-publish","hentry"],"_links":{"self":[{"href":"https:\/\/blog.edu.turku.fi\/molla\/wp-json\/wp\/v2\/pages\/860","targetHints":{"allow":["GET"]}}],"collection":[{"href":"https:\/\/blog.edu.turku.fi\/molla\/wp-json\/wp\/v2\/pages"}],"about":[{"href":"https:\/\/blog.edu.turku.fi\/molla\/wp-json\/wp\/v2\/types\/page"}],"author":[{"embeddable":true,"href":"https:\/\/blog.edu.turku.fi\/molla\/wp-json\/wp\/v2\/users\/9"}],"replies":[{"embeddable":true,"href":"https:\/\/blog.edu.turku.fi\/molla\/wp-json\/wp\/v2\/comments?post=860"}],"version-history":[{"count":39,"href":"https:\/\/blog.edu.turku.fi\/molla\/wp-json\/wp\/v2\/pages\/860\/revisions"}],"predecessor-version":[{"id":3201,"href":"https:\/\/blog.edu.turku.fi\/molla\/wp-json\/wp\/v2\/pages\/860\/revisions\/3201"}],"up":[{"embeddable":true,"href":"https:\/\/blog.edu.turku.fi\/molla\/wp-json\/wp\/v2\/pages\/3198"}],"wp:attachment":[{"href":"https:\/\/blog.edu.turku.fi\/molla\/wp-json\/wp\/v2\/media?parent=860"}],"curies":[{"name":"wp","href":"https:\/\/api.w.org\/{rel}","templated":true}]}}