{"id":638,"date":"2012-09-04T17:02:19","date_gmt":"2012-09-04T15:02:19","guid":{"rendered":"https:\/\/blog.edu.turku.fi\/molla\/?page_id=638"},"modified":"2014-02-27T13:41:21","modified_gmt":"2014-02-27T11:41:21","slug":"opetuskokemuksia","status":"publish","type":"page","link":"https:\/\/blog.edu.turku.fi\/molla\/opetus\/opetuskokemuksia\/","title":{"rendered":"Opetuskokemuksia"},"content":{"rendered":"<p>&nbsp;<\/p>\n<p><a href=\"https:\/\/blog.edu.turku.fi\/molla\/files\/2012\/09\/Molla-opettajien-yhteenvetoraportti_2013.pdf\">Kooste Molla-opettajien toimintaraporteista I-hankkeen loppuvaiheessa (kes\u00e4\/alkusyksy 2013)<\/a><\/p>\n<p><a href=\"https:\/\/blog.edu.turku.fi\/molla\/files\/2012\/09\/Esiopettajien-ja-lastenhoitajien-kokemuksia-kev\u00e4\u00e4lt\u00e4-2012.pdf\">Kooste esiopettajien ja lastenhoitajien kokemuksista I-hankkeen alkuvaiheessa (kev\u00e4t 2012)<\/a><\/p>\n<p>&nbsp;<\/p>\n<p>MOLLA &#8211; varhaiskasvatuksen verkkotaidot ja -menetelm\u00e4t -hankkeessa on toteutettu kaksi verkkojulkaisua esiopetuksen tvt-oppimisymp\u00e4rist\u00f6ist\u00e4:<\/p>\n<p><a href=\"http:\/\/issuu.com\/sailav\/docs\/ope_must_on_tullu_rohkee_eskarilain\/1 \" target=\"_blank\">\u201dOpe must on tullu rohkee eskarilaine!\u201d &#8211; esiopettajan kokemuksia TVT- oppimisymp\u00e4rist\u00f6n vaikutuksista<\/a><\/p>\n<p><a href=\"http:\/\/issuu.com\/sailav\/docs\/ope_must_on_tullu_rohkee_eskarilain\/1 \" target=\"_blank\"><img loading=\"lazy\" decoding=\"async\" class=\"aligncenter size-full wp-image-1565\" alt=\"issuu1\" src=\"https:\/\/blog.edu.turku.fi\/molla\/files\/2012\/09\/issuu1.png\" width=\"319\" height=\"309\" srcset=\"https:\/\/blog.edu.turku.fi\/molla\/files\/2012\/09\/issuu1.png 319w, https:\/\/blog.edu.turku.fi\/molla\/files\/2012\/09\/issuu1-300x290.png 300w\" sizes=\"auto, (max-width: 319px) 100vw, 319px\" \/><\/a><\/p>\n<p><a href=\"http:\/\/issuu.com\/sailav\/docs\/opettajan_nakokulma_esiopetuksen_me\/1 \" target=\"_blank\">Opettajan n\u00e4k\u00f6kulma esiopetuksen ja varhaiskasvatuksen mediakasvatuksesta &#8211; Sinin tarina Molla-hankkeen pilottiopettajana 2011- 2013<\/a><\/p>\n<p><a href=\"http:\/\/issuu.com\/sailav\/docs\/opettajan_nakokulma_esiopetuksen_me\/1 \" target=\"_blank\"><img loading=\"lazy\" decoding=\"async\" class=\"aligncenter size-full wp-image-1566\" alt=\"issuu2\" src=\"https:\/\/blog.edu.turku.fi\/molla\/files\/2012\/09\/issuu2.png\" width=\"315\" height=\"307\" srcset=\"https:\/\/blog.edu.turku.fi\/molla\/files\/2012\/09\/issuu2.png 315w, https:\/\/blog.edu.turku.fi\/molla\/files\/2012\/09\/issuu2-300x292.png 300w\" sizes=\"auto, (max-width: 315px) 100vw, 315px\" \/><\/a><\/p>\n<p><a title=\"Opettajan kokemuksia esiopetuksen TVT-oppimisymp\u00e4rist\u00f6n vaikutuksista\" href=\"https:\/\/blog.edu.turku.fi\/molla\/2013\/12\/20\/opettajan-kokemuksia-esiopetuksen-tvt-oppimisympariston-vaikutuksista\/\">\u00a0<\/a><\/p>\n<p>Lue lis\u00e4\u00e4:<\/p>\n<p><a href=\"https:\/\/blog.edu.turku.fi\/molla\/2013\/10\/07\/eskarin-tietotekniikkaa-ja-kokemuksia-mollan-kirjainpelista\/\">Eskarin tietotekniikkaa ja kokemuksia Mollan kirjainpelist\u00e4<\/a><\/p>\n","protected":false},"excerpt":{"rendered":"<p>&nbsp; Kooste Molla-opettajien toimintaraporteista I-hankkeen loppuvaiheessa (kes\u00e4\/alkusyksy 2013) Kooste esiopettajien ja lastenhoitajien kokemuksista I-hankkeen alkuvaiheessa (kev\u00e4t 2012) &nbsp; MOLLA &#8211; varhaiskasvatuksen verkkotaidot ja -menetelm\u00e4t -hankkeessa on toteutettu kaksi verkkojulkaisua esiopetuksen tvt-oppimisymp\u00e4rist\u00f6ist\u00e4: \u201dOpe must on tullu rohkee eskarilaine!\u201d &#8211; esiopettajan kokemuksia TVT- oppimisymp\u00e4rist\u00f6n vaikutuksista Opettajan n\u00e4k\u00f6kulma esiopetuksen ja varhaiskasvatuksen mediakasvatuksesta &#8211; Sinin tarina Molla-hankkeen pilottiopettajana 2011- &hellip; <a href=\"https:\/\/blog.edu.turku.fi\/molla\/opetus\/opetuskokemuksia\/\" class=\"more-link\">Jatka lukemista <span class=\"screen-reader-text\">Opetuskokemuksia<\/span> <span class=\"meta-nav\">&rarr;<\/span><\/a><\/p>\n","protected":false},"author":9,"featured_media":0,"parent":591,"menu_order":8,"comment_status":"closed","ping_status":"closed","template":"","meta":{"ngg_post_thumbnail":0,"footnotes":""},"class_list":["post-638","page","type-page","status-publish","hentry"],"_links":{"self":[{"href":"https:\/\/blog.edu.turku.fi\/molla\/wp-json\/wp\/v2\/pages\/638","targetHints":{"allow":["GET"]}}],"collection":[{"href":"https:\/\/blog.edu.turku.fi\/molla\/wp-json\/wp\/v2\/pages"}],"about":[{"href":"https:\/\/blog.edu.turku.fi\/molla\/wp-json\/wp\/v2\/types\/page"}],"author":[{"embeddable":true,"href":"https:\/\/blog.edu.turku.fi\/molla\/wp-json\/wp\/v2\/users\/9"}],"replies":[{"embeddable":true,"href":"https:\/\/blog.edu.turku.fi\/molla\/wp-json\/wp\/v2\/comments?post=638"}],"version-history":[{"count":39,"href":"https:\/\/blog.edu.turku.fi\/molla\/wp-json\/wp\/v2\/pages\/638\/revisions"}],"predecessor-version":[{"id":1575,"href":"https:\/\/blog.edu.turku.fi\/molla\/wp-json\/wp\/v2\/pages\/638\/revisions\/1575"}],"up":[{"embeddable":true,"href":"https:\/\/blog.edu.turku.fi\/molla\/wp-json\/wp\/v2\/pages\/591"}],"wp:attachment":[{"href":"https:\/\/blog.edu.turku.fi\/molla\/wp-json\/wp\/v2\/media?parent=638"}],"curies":[{"name":"wp","href":"https:\/\/api.w.org\/{rel}","templated":true}]}}