{"id":591,"date":"2012-09-04T16:27:21","date_gmt":"2012-09-04T14:27:21","guid":{"rendered":"https:\/\/blog.edu.turku.fi\/molla\/?page_id=591"},"modified":"2015-04-10T10:48:07","modified_gmt":"2015-04-10T08:48:07","slug":"opetus","status":"publish","type":"page","link":"https:\/\/blog.edu.turku.fi\/molla\/opetus\/","title":{"rendered":"Opetus"},"content":{"rendered":"<p><img loading=\"lazy\" decoding=\"async\" title=\"opetus\" src=\"https:\/\/blog.edu.turku.fi\/molla\/files\/2012\/09\/opetus.jpg\" alt=\"\" width=\"396\" height=\"100\" \/><\/p>\n<p>Turun Molla-hankkeen p\u00e4iv\u00e4kodeissa\u00a0kokeillaan erilaisia oppimisymp\u00e4rist\u00f6-, laite- ja tilaratkaisuja.<\/p>\n<p><a href=\"https:\/\/blog.edu.turku.fi\/molla\/opetus\/molla-abc-oppimispeli\/\">Molla ABC -oppimispeli<\/a><\/p>\n<p><a href=\"https:\/\/blog.edu.turku.fi\/molla\/opetus\/windows-tabletit\/\">Windows-tabletit<\/a><\/p>\n<p><a href=\"https:\/\/blog.edu.turku.fi\/molla\/opetus\/tabletit-2\/\">Android-tabletit<br \/>\n<\/a><br \/>\n<a title=\"iPad\" href=\"https:\/\/blog.edu.turku.fi\/molla\/opetus\/ipad-esiopetuksessa\/\">iPad<\/a><\/p>\n<p><a href=\"https:\/\/blog.edu.turku.fi\/molla\/opetus\/pc-ja-kosketustaulu\/\">PC ja kosketustaulu<\/a><\/p>\n<p><a href=\"https:\/\/blog.edu.turku.fi\/molla\/opetus\/muut-laitekokeilut\/\">Muut laitteet<\/a>\u00a0(dokumenttikamerat, piirtoalustat, Bee-Botit, digikamerat, iPodit)<\/p>\n<p><a href=\"https:\/\/blog.edu.turku.fi\/molla\/opetus\/tila-ja-laiteratkaisut\/\">Tila- ja laiteratkaisut<\/a><\/p>\n<p><a href=\"https:\/\/blog.edu.turku.fi\/molla\/opetus\/tuokiovinkit\/\">Tuokiovinkit<\/a>\u00a0(pedagogiset mallit)<\/p>\n<p><a href=\"https:\/\/blog.edu.turku.fi\/molla\/opetus\/opetuskokemuksia\/\">Opetuskokemuksia<\/a>\u00a0(opettajien raportit ja Molla-julkaisut)<\/p>\n<p><a href=\"https:\/\/blog.edu.turku.fi\/molla\/opetus\/videoita\/\">Videoita<\/a><\/p>\n<p><a title=\"Hyv\u00e4t k\u00e4yt\u00f6stavat -materiaali\" href=\"https:\/\/blog.edu.turku.fi\/molla\/opetus\/hyvat-kaytostavat\/\">Hyv\u00e4t k\u00e4yt\u00f6stavat -materiaali<\/a><\/p>\n<p>&nbsp;<\/p>\n<p>&nbsp;<\/p>\n<p><a href=\"https:\/\/blog.edu.turku.fi\/molla\/\">Etusivulle<\/a><\/p>\n","protected":false},"excerpt":{"rendered":"<p>Turun Molla-hankkeen p\u00e4iv\u00e4kodeissa\u00a0kokeillaan erilaisia oppimisymp\u00e4rist\u00f6-, laite- ja tilaratkaisuja. Molla ABC -oppimispeli Windows-tabletit Android-tabletit iPad PC ja kosketustaulu Muut laitteet\u00a0(dokumenttikamerat, piirtoalustat, Bee-Botit, digikamerat, iPodit) Tila- ja laiteratkaisut Tuokiovinkit\u00a0(pedagogiset mallit) Opetuskokemuksia\u00a0(opettajien raportit ja Molla-julkaisut) Videoita Hyv\u00e4t k\u00e4yt\u00f6stavat -materiaali &nbsp; &nbsp; Etusivulle<\/p>\n","protected":false},"author":9,"featured_media":0,"parent":0,"menu_order":3,"comment_status":"closed","ping_status":"closed","template":"","meta":{"ngg_post_thumbnail":0,"footnotes":""},"class_list":["post-591","page","type-page","status-publish","hentry"],"_links":{"self":[{"href":"https:\/\/blog.edu.turku.fi\/molla\/wp-json\/wp\/v2\/pages\/591","targetHints":{"allow":["GET"]}}],"collection":[{"href":"https:\/\/blog.edu.turku.fi\/molla\/wp-json\/wp\/v2\/pages"}],"about":[{"href":"https:\/\/blog.edu.turku.fi\/molla\/wp-json\/wp\/v2\/types\/page"}],"author":[{"embeddable":true,"href":"https:\/\/blog.edu.turku.fi\/molla\/wp-json\/wp\/v2\/users\/9"}],"replies":[{"embeddable":true,"href":"https:\/\/blog.edu.turku.fi\/molla\/wp-json\/wp\/v2\/comments?post=591"}],"version-history":[{"count":44,"href":"https:\/\/blog.edu.turku.fi\/molla\/wp-json\/wp\/v2\/pages\/591\/revisions"}],"predecessor-version":[{"id":2190,"href":"https:\/\/blog.edu.turku.fi\/molla\/wp-json\/wp\/v2\/pages\/591\/revisions\/2190"}],"wp:attachment":[{"href":"https:\/\/blog.edu.turku.fi\/molla\/wp-json\/wp\/v2\/media?parent=591"}],"curies":[{"name":"wp","href":"https:\/\/api.w.org\/{rel}","templated":true}]}}