{"id":3502,"date":"2013-03-06T13:35:25","date_gmt":"2013-03-06T11:35:25","guid":{"rendered":"https:\/\/blog.edu.turku.fi\/molla\/?page_id=3502"},"modified":"2018-12-20T13:37:40","modified_gmt":"2018-12-20T11:37:40","slug":"dokumenttikamera-apuna-rusettien-ja-solmujen-opettelussa-pernontien-paivakoti","status":"publish","type":"page","link":"https:\/\/blog.edu.turku.fi\/molla\/opetus\/muut-laitekokeilut\/dokumenttikamera-apuna-rusettien-ja-solmujen-opettelussa-pernontien-paivakoti\/","title":{"rendered":"Dokumenttikamera apuna rusettien ja solmujen opettelussa (Pernontien p\u00e4iv\u00e4koti)"},"content":{"rendered":"<h3>\u201dLuistelu on huippukivaa!\u201d<\/h3>\n<p><span style=\"color: #999999\">Filed under: Majavat \u2014 Sini Lehtom\u00e4ki at 5:19 pm on keskiviikko, maaliskuu 6, 2013 Tagged dokumenttikamera, k\u00e4dentaidot, kosketustaulu<\/span><\/p>\n<p><strong>\u201dLuistelu on huippukivaa!\u201d<\/strong><\/p>\n<p>Majavien ryhm\u00e4ss\u00e4 on treenattu tehokkaasti luistelua koko alkuvuosi. Olemme luistelleet viikoittain, v\u00e4lill\u00e4 Impivaaran j\u00e4\u00e4hallissa ja v\u00e4lill\u00e4 koulun kent\u00e4ll\u00e4. Vierailevia t\u00e4hti\u00e4kin on j\u00e4\u00e4ll\u00e4 n\u00e4hty: Jeren ja Riinan is\u00e4t sek\u00e4 Aavan \u00e4iti. =) Muutkin vanhemmat ovat tervetulleita mukaan eskariin!<\/p>\n<p>Jokaisella Majava- eskarilla on omat luistimet! Mahtavaa! Kaikki saavat omat luistimet jo itse jalkaan. Solmuja ja rusetteja on my\u00f6s treenailtu.<\/p>\n<p><img loading=\"lazy\" decoding=\"async\" class=\"alignnone size-medium wp-image-3503\" src=\"https:\/\/blog.edu.turku.fi\/molla\/files\/2018\/12\/a-1-300x225.jpg\" alt=\"\" width=\"300\" height=\"225\"><\/p>\n<p><strong><em><u>Molla-vinkki:<\/u><\/em><\/strong><strong><em> Dokumenttikameran avulla ope pystyy n\u00e4ytt\u00e4m\u00e4\u00e4n mallia, miten solmut tehd\u00e4\u00e4n. N\u00e4in solmuja voi harjoitella kerralla isompikin porukka. Muista tarpeeksi v\u00e4rikk\u00e4\u00e4t nauhat! <\/em><\/strong><\/p>\n<p>J\u00e4\u00e4hallissa aloitimme harjoittelun tukien kanssa, mik\u00e4 rohkaisi monet luistelemaan. Lapset keksiv\u00e4t itse leikin, miss\u00e4 ty\u00f6nnet\u00e4\u00e4n tuki pois ja luistellaan sitten se kiinni. Nyt jokainen pysyy jo pystyss\u00e4 ilman tukea.<\/p>\n<p><img loading=\"lazy\" decoding=\"async\" class=\"alignnone size-medium wp-image-3504\" src=\"https:\/\/blog.edu.turku.fi\/molla\/files\/2018\/12\/b-1-300x225.jpg\" alt=\"\" width=\"300\" height=\"225\"><\/p>\n","protected":false},"excerpt":{"rendered":"<p>\u201dLuistelu on huippukivaa!\u201d Filed under: Majavat \u2014 Sini Lehtom\u00e4ki at 5:19 pm on keskiviikko, maaliskuu 6, 2013 Tagged dokumenttikamera, k\u00e4dentaidot, kosketustaulu \u201dLuistelu on huippukivaa!\u201d Majavien ryhm\u00e4ss\u00e4 on treenattu tehokkaasti luistelua koko alkuvuosi. Olemme luistelleet viikoittain, v\u00e4lill\u00e4 Impivaaran j\u00e4\u00e4hallissa ja v\u00e4lill\u00e4 koulun kent\u00e4ll\u00e4. Vierailevia t\u00e4hti\u00e4kin on j\u00e4\u00e4ll\u00e4 n\u00e4hty: Jeren ja Riinan is\u00e4t sek\u00e4 Aavan \u00e4iti. =) &hellip; <a href=\"https:\/\/blog.edu.turku.fi\/molla\/opetus\/muut-laitekokeilut\/dokumenttikamera-apuna-rusettien-ja-solmujen-opettelussa-pernontien-paivakoti\/\" class=\"more-link\">Jatka lukemista <span class=\"screen-reader-text\">Dokumenttikamera apuna rusettien ja solmujen opettelussa (Pernontien p\u00e4iv\u00e4koti)<\/span> <span class=\"meta-nav\">&rarr;<\/span><\/a><\/p>\n","protected":false},"author":2568,"featured_media":0,"parent":1184,"menu_order":0,"comment_status":"closed","ping_status":"closed","template":"","meta":{"ngg_post_thumbnail":0,"footnotes":""},"class_list":["post-3502","page","type-page","status-publish","hentry"],"_links":{"self":[{"href":"https:\/\/blog.edu.turku.fi\/molla\/wp-json\/wp\/v2\/pages\/3502","targetHints":{"allow":["GET"]}}],"collection":[{"href":"https:\/\/blog.edu.turku.fi\/molla\/wp-json\/wp\/v2\/pages"}],"about":[{"href":"https:\/\/blog.edu.turku.fi\/molla\/wp-json\/wp\/v2\/types\/page"}],"author":[{"embeddable":true,"href":"https:\/\/blog.edu.turku.fi\/molla\/wp-json\/wp\/v2\/users\/2568"}],"replies":[{"embeddable":true,"href":"https:\/\/blog.edu.turku.fi\/molla\/wp-json\/wp\/v2\/comments?post=3502"}],"version-history":[{"count":1,"href":"https:\/\/blog.edu.turku.fi\/molla\/wp-json\/wp\/v2\/pages\/3502\/revisions"}],"predecessor-version":[{"id":3505,"href":"https:\/\/blog.edu.turku.fi\/molla\/wp-json\/wp\/v2\/pages\/3502\/revisions\/3505"}],"up":[{"embeddable":true,"href":"https:\/\/blog.edu.turku.fi\/molla\/wp-json\/wp\/v2\/pages\/1184"}],"wp:attachment":[{"href":"https:\/\/blog.edu.turku.fi\/molla\/wp-json\/wp\/v2\/media?parent=3502"}],"curies":[{"name":"wp","href":"https:\/\/api.w.org\/{rel}","templated":true}]}}