{"id":3467,"date":"2016-04-05T11:28:05","date_gmt":"2016-04-05T09:28:05","guid":{"rendered":"https:\/\/blog.edu.turku.fi\/molla\/?page_id=3467"},"modified":"2018-12-20T13:00:07","modified_gmt":"2018-12-20T11:00:07","slug":"kelloharjoituksia-bee-boteilla-arkeologinkadun-phy","status":"publish","type":"page","link":"https:\/\/blog.edu.turku.fi\/molla\/opetus\/muut-laitekokeilut\/kelloharjoituksia-bee-boteilla-arkeologinkadun-phy\/","title":{"rendered":"Kelloharjoituksia Bee-Boteilla (Arkeologinkadun phy)"},"content":{"rendered":"<div id=\"main\">\n<div id=\"content\">\n<div class=\"post\">\n<h3 id=\"post-823\" class=\"storytitle\">Bee-botit ovat t\u00e4\u00e4ll\u00e4 taas!<\/h3>\n<div class=\"meta\"><span style=\"color: #999999\">Filed under: Eskarin toimintaa \u2014 Niina Yl\u00f6nen at 6:07 pm on tiistai, huhtikuu 5, 2016<\/span><\/div>\n<div class=\"storycontent\">\n<p>Kuka olisi uskonut, ett\u00e4 Bee-botit saavat n\u00e4in l\u00e4mpim\u00e4n vastaanoton meilt\u00e4:<\/p>\n<div id=\"attachment_816\" class=\"wp-caption alignnone\">\n<p><a href=\"https:\/\/blog.edu.turku.fi\/jpk-eskarit\/files\/2016\/04\/ALTIN-e1459865905842.jpg\" rel=\"attachment wp-att-816\"><img loading=\"lazy\" decoding=\"async\" class=\"size-medium wp-image-816\" src=\"https:\/\/blog.edu.turku.fi\/jpk-eskarit\/files\/2016\/04\/ALTIN-169x300.jpg\" alt=\"Ihanaa! Ihanaa, ihanaa, ihanaa, Bee-bot, kyll\u00e4 teit\u00e4 on kaivattu!\" width=\"169\" height=\"300\"><\/a><\/p>\n<p class=\"wp-caption-text\">Ihanaa! Ihanaa, ihanaa, ihanaa, Bee-bot, kyll\u00e4 teit\u00e4 on kaivattu!<\/p>\n<\/div>\n<p>Bee-boteilla voi tehd\u00e4 monenmoista, mutta yksi ei muutu: Bee-bot pit\u00e4\u00e4 ohjelmoida, se tykk\u00e4\u00e4 kun sit\u00e4 m\u00e4\u00e4r\u00e4t\u00e4\u00e4n.<\/p>\n<p>T\u00e4ll\u00e4 viikoilla pienryhm\u00e4t ohjelmoivat vuorollaan Bee-boteja kulkemaan kellonaikojen mukaan.<\/p>\n<p><a href=\"https:\/\/blog.edu.turku.fi\/jpk-eskarit\/files\/2016\/04\/20160329_1452081-e1459866992734.jpg\" rel=\"attachment wp-att-817\"><img loading=\"lazy\" decoding=\"async\" class=\"alignnone size-medium wp-image-817\" src=\"https:\/\/blog.edu.turku.fi\/jpk-eskarit\/files\/2016\/04\/20160329_1452081-300x169.jpg\" alt=\"20160329_145208[1]\" width=\"300\" height=\"169\"><\/a><\/p>\n<p>Tyhj\u00e4\u00e4n Bee-bot mattoon voi tehd\u00e4 erilaisia kuvia. Meill\u00e4 on tasatunnit t\u00e4ss\u00e4 matossa, kiitos n\u00e4iden ty\u00f6st\u00e4misest\u00e4 opiskelija-Marialle joka leikkasi ja liimasi n\u00e4m\u00e4 kuvat!<\/p>\n<p>T\u00e4ss\u00e4 viel\u00e4 lyhyt video Bee-botin kulkemisesta tasatuntien mukaan. T\u00e4ss\u00e4 videossa ohje on \u201dihan l\u00e4lly\u201d eli meill\u00e4 lapset ohjelmoivat Bee-botinsa kulkemaan vaikka tasan kello kymmeneen siten, ett\u00e4 Bee-bot koukkaa my\u00f6s kello kahdeksan ja kello viiden kautta. N\u00e4m\u00e4 Bee-botit saa my\u00f6s joraamaan, mutta siit\u00e4 ei tullut videota.<\/p>\n<\/div>\n<\/div>\n<\/div>\n<\/div>\n","protected":false},"excerpt":{"rendered":"<p>Bee-botit ovat t\u00e4\u00e4ll\u00e4 taas! Filed under: Eskarin toimintaa \u2014 Niina Yl\u00f6nen at 6:07 pm on tiistai, huhtikuu 5, 2016 Kuka olisi uskonut, ett\u00e4 Bee-botit saavat n\u00e4in l\u00e4mpim\u00e4n vastaanoton meilt\u00e4: Ihanaa! Ihanaa, ihanaa, ihanaa, Bee-bot, kyll\u00e4 teit\u00e4 on kaivattu! Bee-boteilla voi tehd\u00e4 monenmoista, mutta yksi ei muutu: Bee-bot pit\u00e4\u00e4 ohjelmoida, se tykk\u00e4\u00e4 kun sit\u00e4 m\u00e4\u00e4r\u00e4t\u00e4\u00e4n. T\u00e4ll\u00e4 &hellip; <a href=\"https:\/\/blog.edu.turku.fi\/molla\/opetus\/muut-laitekokeilut\/kelloharjoituksia-bee-boteilla-arkeologinkadun-phy\/\" class=\"more-link\">Jatka lukemista <span class=\"screen-reader-text\">Kelloharjoituksia Bee-Boteilla (Arkeologinkadun phy)<\/span> <span class=\"meta-nav\">&rarr;<\/span><\/a><\/p>\n","protected":false},"author":2568,"featured_media":0,"parent":1184,"menu_order":0,"comment_status":"closed","ping_status":"closed","template":"","meta":{"ngg_post_thumbnail":0,"footnotes":""},"class_list":["post-3467","page","type-page","status-publish","hentry"],"_links":{"self":[{"href":"https:\/\/blog.edu.turku.fi\/molla\/wp-json\/wp\/v2\/pages\/3467","targetHints":{"allow":["GET"]}}],"collection":[{"href":"https:\/\/blog.edu.turku.fi\/molla\/wp-json\/wp\/v2\/pages"}],"about":[{"href":"https:\/\/blog.edu.turku.fi\/molla\/wp-json\/wp\/v2\/types\/page"}],"author":[{"embeddable":true,"href":"https:\/\/blog.edu.turku.fi\/molla\/wp-json\/wp\/v2\/users\/2568"}],"replies":[{"embeddable":true,"href":"https:\/\/blog.edu.turku.fi\/molla\/wp-json\/wp\/v2\/comments?post=3467"}],"version-history":[{"count":2,"href":"https:\/\/blog.edu.turku.fi\/molla\/wp-json\/wp\/v2\/pages\/3467\/revisions"}],"predecessor-version":[{"id":3470,"href":"https:\/\/blog.edu.turku.fi\/molla\/wp-json\/wp\/v2\/pages\/3467\/revisions\/3470"}],"up":[{"embeddable":true,"href":"https:\/\/blog.edu.turku.fi\/molla\/wp-json\/wp\/v2\/pages\/1184"}],"wp:attachment":[{"href":"https:\/\/blog.edu.turku.fi\/molla\/wp-json\/wp\/v2\/media?parent=3467"}],"curies":[{"name":"wp","href":"https:\/\/api.w.org\/{rel}","templated":true}]}}