{"id":3450,"date":"2013-01-16T11:03:10","date_gmt":"2013-01-16T09:03:10","guid":{"rendered":"https:\/\/blog.edu.turku.fi\/molla\/?page_id=3450"},"modified":"2018-12-20T11:12:36","modified_gmt":"2018-12-20T09:12:36","slug":"ensikosketus-animaation-tekoon-pernontien-paivakoti","status":"publish","type":"page","link":"https:\/\/blog.edu.turku.fi\/molla\/opetus\/pc-ja-kosketustaulu\/ensikosketus-animaation-tekoon-pernontien-paivakoti\/","title":{"rendered":"Ensikosketus animaation tekoon (Pernontien p\u00e4iv\u00e4koti)"},"content":{"rendered":"<h3>Ensikosketus animaation tekoon<\/h3>\n<p><span style=\"color: #999999\">Filed under: Majavat \u2014 Sini Lehtom\u00e4ki at 3:22 pm on keskiviikko, tammikuu 16, 2013 Tagged animaatio, elokuvat, elokuvaty\u00f6kalu, kamera, lapsil\u00e4ht\u00f6isyys, tietokone<\/span><\/p>\n<p><em><strong>Omat lelut liikkuviksi<\/strong><\/em><\/p>\n<p>Majavien uusi vuosi alkoi uusilla kujeilla. Tiistaina 8.1. oli vuoden ensimm\u00e4inen lelup\u00e4iv\u00e4. Lelup\u00e4iv\u00e4n tuokio-teht\u00e4v\u00e4n\u00e4 oli saada oma lelu liikkumaan. T\u00e4m\u00e4 oli Majavien ensikosketus\/motivointi animaation tekoon.<\/p>\n<p>Aluksi leikittiin omilla leluilla. Sen j\u00e4lkeen siirryttiin eskarituokiolle (45min). Ihmettelimme muutamia tuttuja lastenohjelmia. Sit\u00e4, miten Urpo ja Turpo liikkuvat itse? Miten se on mahdollista? T\u00e4m\u00e4n j\u00e4lkeen katsottiin Mollan ja M\u00e5nsin animaatio-opetusvideo.<\/p>\n<p>Sitten ryhdyttiin itse kuvaamaan. K\u00e4yt\u00f6ss\u00e4mme oli 3 kameraa, joten kuvausryhmiss\u00e4 oli 2-4 lasta. Kamerat teipattiin\/kiinnitettiin sinitarralla tuoleihin ja leluja liikuteltiin lattia- tai p\u00f6yt\u00e4tasolla. Jokaiselta kuvaustiimilt\u00e4 meni aikaa omien kuvien ottamiseen n. 10-20min. Tuokio kesti 45min.<\/p>\n<p><img loading=\"lazy\" decoding=\"async\" class=\"alignnone size-medium wp-image-3451\" src=\"https:\/\/blog.edu.turku.fi\/molla\/files\/2018\/12\/123-300x225.jpg\" alt=\"\" width=\"300\" height=\"225\"><\/p>\n<p>Sini-ope siirsi kuvat Windowsin omaan elokuvaty\u00f6kaluun ja hetkess\u00e4 oli \u201dpienet animaatiop\u00e4tk\u00e4t\u201d valmiita. Seuraavana p\u00e4iv\u00e4n\u00e4 katsoimme animaatiot aamupiiriss\u00e4. Eskarilaiset olivat riemua t\u00e4ynn\u00e4 n\u00e4hdess\u00e4\u00e4n omat sek\u00e4 toisten animaatiot. Jokainen halusi p\u00e4\u00e4st\u00e4 kuvaamaan lis\u00e4\u00e4 Tarkoitus on kev\u00e4\u00e4ll\u00e4 p\u00e4\u00e4st\u00e4 tekem\u00e4\u00e4n pidemp\u00e4\u00e4 animaatioelokuvaa\u2026<\/p>\n<p>Lapset esitteliv\u00e4t animaatio-harjoitukset P\u00e4iv\u00e4kodin muille ryhmille sek\u00e4 Turun Kaupungin Molla-hankkeen opettajille ja muille toimijoille.<\/p>\n<p>Lelup\u00e4iv\u00e4n valmiit tuotokset =)<\/p>\n<p><a href=\"http:\/\/youtu.be\/OfAzS2bgRZA\">Pehmolelut <\/a><\/p>\n<p><a href=\"http:\/\/youtu.be\/BdsX5b0vI_M\">Legot autoilee<\/a><\/p>\n<p><a href=\"http:\/\/youtu.be\/VrlS5IbOgPw\">Taistelu<\/a><\/p>\n<p><a href=\"http:\/\/youtu.be\/KDFF8umZUXw\">Helikopteri<\/a><\/p>\n<p><a href=\"http:\/\/youtu.be\/0_4l---7iKw\">Make<\/a><\/p>\n<p><a href=\"http:\/\/www.youtube.com\/watch?v=IxMUyYcuF20\">Tuhkimo<\/a><\/p>\n<p><a href=\"http:\/\/youtu.be\/qUv7cbH71zo\">Hello Kitty<\/a><\/p>\n<p><a href=\"http:\/\/youtu.be\/MdVRpYN3xFQ\">Tyt\u00f6t jumppaa<\/a><\/p>\n","protected":false},"excerpt":{"rendered":"<p>Ensikosketus animaation tekoon Filed under: Majavat \u2014 Sini Lehtom\u00e4ki at 3:22 pm on keskiviikko, tammikuu 16, 2013 Tagged animaatio, elokuvat, elokuvaty\u00f6kalu, kamera, lapsil\u00e4ht\u00f6isyys, tietokone Omat lelut liikkuviksi Majavien uusi vuosi alkoi uusilla kujeilla. Tiistaina 8.1. oli vuoden ensimm\u00e4inen lelup\u00e4iv\u00e4. Lelup\u00e4iv\u00e4n tuokio-teht\u00e4v\u00e4n\u00e4 oli saada oma lelu liikkumaan. T\u00e4m\u00e4 oli Majavien ensikosketus\/motivointi animaation tekoon. Aluksi leikittiin omilla &hellip; <a href=\"https:\/\/blog.edu.turku.fi\/molla\/opetus\/pc-ja-kosketustaulu\/ensikosketus-animaation-tekoon-pernontien-paivakoti\/\" class=\"more-link\">Jatka lukemista <span class=\"screen-reader-text\">Ensikosketus animaation tekoon (Pernontien p\u00e4iv\u00e4koti)<\/span> <span class=\"meta-nav\">&rarr;<\/span><\/a><\/p>\n","protected":false},"author":2568,"featured_media":0,"parent":1171,"menu_order":0,"comment_status":"closed","ping_status":"closed","template":"","meta":{"ngg_post_thumbnail":0,"footnotes":""},"class_list":["post-3450","page","type-page","status-publish","hentry"],"_links":{"self":[{"href":"https:\/\/blog.edu.turku.fi\/molla\/wp-json\/wp\/v2\/pages\/3450","targetHints":{"allow":["GET"]}}],"collection":[{"href":"https:\/\/blog.edu.turku.fi\/molla\/wp-json\/wp\/v2\/pages"}],"about":[{"href":"https:\/\/blog.edu.turku.fi\/molla\/wp-json\/wp\/v2\/types\/page"}],"author":[{"embeddable":true,"href":"https:\/\/blog.edu.turku.fi\/molla\/wp-json\/wp\/v2\/users\/2568"}],"replies":[{"embeddable":true,"href":"https:\/\/blog.edu.turku.fi\/molla\/wp-json\/wp\/v2\/comments?post=3450"}],"version-history":[{"count":2,"href":"https:\/\/blog.edu.turku.fi\/molla\/wp-json\/wp\/v2\/pages\/3450\/revisions"}],"predecessor-version":[{"id":3455,"href":"https:\/\/blog.edu.turku.fi\/molla\/wp-json\/wp\/v2\/pages\/3450\/revisions\/3455"}],"up":[{"embeddable":true,"href":"https:\/\/blog.edu.turku.fi\/molla\/wp-json\/wp\/v2\/pages\/1171"}],"wp:attachment":[{"href":"https:\/\/blog.edu.turku.fi\/molla\/wp-json\/wp\/v2\/media?parent=3450"}],"curies":[{"name":"wp","href":"https:\/\/api.w.org\/{rel}","templated":true}]}}