{"id":3433,"date":"2012-05-03T10:53:05","date_gmt":"2012-05-03T08:53:05","guid":{"rendered":"https:\/\/blog.edu.turku.fi\/molla\/?page_id=3433"},"modified":"2018-12-20T10:56:30","modified_gmt":"2018-12-20T08:56:30","slug":"aamupiiri-kosketustaululla-kello-saa-vuodenajat-ja-kuukaudet-paivan-ohjelma-pernontien-paivakoti","status":"publish","type":"page","link":"https:\/\/blog.edu.turku.fi\/molla\/opetus\/pc-ja-kosketustaulu\/aamupiiri-kosketustaululla-kello-saa-vuodenajat-ja-kuukaudet-paivan-ohjelma-pernontien-paivakoti\/","title":{"rendered":"Aamupiiri kosketustaululla (kello, s\u00e4\u00e4, vuodenajat ja kuukaudet, p\u00e4iv\u00e4n ohjelma) (Pernontien p\u00e4iv\u00e4koti)"},"content":{"rendered":"<h3>Kev\u00e4isi\u00e4 Molla-puuhia \u00e4lytaululla<\/h3>\n<p><span style=\"color: #999999\">Filed under: Majavat \u2014 Sini Lehtom\u00e4ki at 10:12 pm on torstai, toukokuu 3, 2012<\/span><\/p>\n<p><em><strong>Aamupiiri<\/strong><\/em><\/p>\n<p>Joka aamu puoli yhdeks\u00e4n soi kello ja Majavat hiljentyv\u00e4t aamupiiriin. \u00c4lytaulun avulla tutkitaan kalenteria (vuodenaika, kuukausi, viikonp\u00e4iv\u00e4 ja p\u00e4iv\u00e4m\u00e4\u00e4r\u00e4) sek\u00e4 kellonaikoja. Lis\u00e4ksi tutkimme p\u00e4iv\u00e4n s\u00e4\u00e4n ja l\u00e4mp\u00f6tilan. Kuvien avulla k\u00e4ymme p\u00e4ivitt\u00e4in l\u00e4pi eskarip\u00e4iv\u00e4n ohjelman.<\/p>\n<pre><img loading=\"lazy\" decoding=\"async\" class=\"alignnone size-medium wp-image-3436\" src=\"https:\/\/blog.edu.turku.fi\/molla\/files\/2018\/12\/1-9-300x225.jpg\" alt=\"\" width=\"300\" height=\"225\">\r\n\r\nMajavien aamupiiri<\/pre>\n<pre><img loading=\"lazy\" decoding=\"async\" class=\"alignnone size-medium wp-image-3434\" src=\"https:\/\/blog.edu.turku.fi\/molla\/files\/2018\/12\/2-9-300x225.jpg\" alt=\"\" width=\"300\" height=\"225\">\r\n\r\n\u00c4lytaulu apuna esiopetuksessa<\/pre>\n<p>(Matematiikka, kieli ja vuorovaikutus, ymp\u00e4rist\u00f6- ja luonnontieto, taide ja kulttuuri)<\/p>\n<pre><img loading=\"lazy\" decoding=\"async\" class=\"alignnone size-medium wp-image-3435\" src=\"https:\/\/blog.edu.turku.fi\/molla\/files\/2018\/12\/3-9-225x300.jpg\" alt=\"\" width=\"225\" height=\"300\">\r\n\r\nKuva opiskelija Iiron matikka-aamupiirist\u00e4<\/pre>\n","protected":false},"excerpt":{"rendered":"<p>Kev\u00e4isi\u00e4 Molla-puuhia \u00e4lytaululla Filed under: Majavat \u2014 Sini Lehtom\u00e4ki at 10:12 pm on torstai, toukokuu 3, 2012 Aamupiiri Joka aamu puoli yhdeks\u00e4n soi kello ja Majavat hiljentyv\u00e4t aamupiiriin. \u00c4lytaulun avulla tutkitaan kalenteria (vuodenaika, kuukausi, viikonp\u00e4iv\u00e4 ja p\u00e4iv\u00e4m\u00e4\u00e4r\u00e4) sek\u00e4 kellonaikoja. Lis\u00e4ksi tutkimme p\u00e4iv\u00e4n s\u00e4\u00e4n ja l\u00e4mp\u00f6tilan. Kuvien avulla k\u00e4ymme p\u00e4ivitt\u00e4in l\u00e4pi eskarip\u00e4iv\u00e4n ohjelman. Majavien aamupiiri \u00c4lytaulu &hellip; <a href=\"https:\/\/blog.edu.turku.fi\/molla\/opetus\/pc-ja-kosketustaulu\/aamupiiri-kosketustaululla-kello-saa-vuodenajat-ja-kuukaudet-paivan-ohjelma-pernontien-paivakoti\/\" class=\"more-link\">Jatka lukemista <span class=\"screen-reader-text\">Aamupiiri kosketustaululla (kello, s\u00e4\u00e4, vuodenajat ja kuukaudet, p\u00e4iv\u00e4n ohjelma) (Pernontien p\u00e4iv\u00e4koti)<\/span> <span class=\"meta-nav\">&rarr;<\/span><\/a><\/p>\n","protected":false},"author":2568,"featured_media":0,"parent":1171,"menu_order":0,"comment_status":"closed","ping_status":"closed","template":"","meta":{"ngg_post_thumbnail":0,"footnotes":""},"class_list":["post-3433","page","type-page","status-publish","hentry"],"_links":{"self":[{"href":"https:\/\/blog.edu.turku.fi\/molla\/wp-json\/wp\/v2\/pages\/3433","targetHints":{"allow":["GET"]}}],"collection":[{"href":"https:\/\/blog.edu.turku.fi\/molla\/wp-json\/wp\/v2\/pages"}],"about":[{"href":"https:\/\/blog.edu.turku.fi\/molla\/wp-json\/wp\/v2\/types\/page"}],"author":[{"embeddable":true,"href":"https:\/\/blog.edu.turku.fi\/molla\/wp-json\/wp\/v2\/users\/2568"}],"replies":[{"embeddable":true,"href":"https:\/\/blog.edu.turku.fi\/molla\/wp-json\/wp\/v2\/comments?post=3433"}],"version-history":[{"count":1,"href":"https:\/\/blog.edu.turku.fi\/molla\/wp-json\/wp\/v2\/pages\/3433\/revisions"}],"predecessor-version":[{"id":3438,"href":"https:\/\/blog.edu.turku.fi\/molla\/wp-json\/wp\/v2\/pages\/3433\/revisions\/3438"}],"up":[{"embeddable":true,"href":"https:\/\/blog.edu.turku.fi\/molla\/wp-json\/wp\/v2\/pages\/1171"}],"wp:attachment":[{"href":"https:\/\/blog.edu.turku.fi\/molla\/wp-json\/wp\/v2\/media?parent=3433"}],"curies":[{"name":"wp","href":"https:\/\/api.w.org\/{rel}","templated":true}]}}