{"id":3402,"date":"2012-12-20T10:06:13","date_gmt":"2012-12-20T08:06:13","guid":{"rendered":"https:\/\/blog.edu.turku.fi\/molla\/?page_id=3402"},"modified":"2018-12-20T10:52:01","modified_gmt":"2018-12-20T08:52:01","slug":"ryhman-oma-joulukalenteri-kosketustaululla-pernontien-paivakoti","status":"publish","type":"page","link":"https:\/\/blog.edu.turku.fi\/molla\/opetus\/pc-ja-kosketustaulu\/ryhman-oma-joulukalenteri-kosketustaululla-pernontien-paivakoti\/","title":{"rendered":"Ryhm\u00e4n oma joulukalenteri kosketustaululla (Pernontien p\u00e4iv\u00e4koti)"},"content":{"rendered":"<h3>L\u00e4mmint\u00e4 Joulua!<\/h3>\n<p><span style=\"color: #999999\">Filed under: Majavat \u2014 Sini Lehtom\u00e4ki at 11:40 pm on torstai, joulukuu 20, 2012 Tagged \u00e4idinkieli, kamera, kosketustaulu, lapsil\u00e4ht\u00f6isyys, leikki, osallisuus, tietokone, yhteisty\u00f6<\/span><\/p>\n<p><strong>Majavien Jouluterveiset<\/strong><\/p>\n<p>Joulu kolkuttelee jo ovella.. Syyslukukausi vier\u00e4hti vauhdilla, paljon opittiin ja koettiin yhdess\u00e4. Joulukuussa Majavat kohtasivat melkoisen yll\u00e4tyksen, kun tonttu oli j\u00e4tt\u00e4nyt Majavien ryhm\u00e4\u00e4n joulukalenterin \u2013 eik\u00e4 ihan mit\u00e4 tahansa kalenteria..<\/p>\n<p><img loading=\"lazy\" decoding=\"async\" class=\"alignnone size-medium wp-image-3407\" src=\"https:\/\/blog.edu.turku.fi\/molla\/files\/2018\/12\/1-7-300x225.jpg\" alt=\"\" width=\"300\" height=\"225\"><\/p>\n<p>Tonttu oli piilottanut joulukalenterin Majavien aamupiiriin (notebook-tiedosto). Joulukalenterista l\u00f6ytyi 24 lahjapakettia. Ensimm\u00e4isest\u00e4 paketista kuulimme tontun terveiset (audacity). Toisesta paketista kuulimme, ett\u00e4 yst\u00e4v\u00e4mme Molla ja M\u00e5ns ovat vihdoin saapuneet ihan oikeasti eskariin. Yst\u00e4v\u00e4mme ovat kuitenkin viel\u00e4 ujoja isossa ryhm\u00e4ss\u00e4, joten tonttu oli saanut loistoidean. Jokainen lapsi saa vuorollaan Mollan \/M\u00e5nsin kotiinsa ja mukaan digikameran, vihon muistiinpanoja varten sek\u00e4 tietenkin v\u00e4h\u00e4n joulusuklaata. \ud83d\ude00 Joulukalenterin lahjapaketeista tuli vuorotellen eskarilaisten kuvia ja jokainen sai vuorollaan eskarihahmot y\u00f6kyl\u00e4\u00e4n kotiinsa. My\u00f6s Majavien aikuisilla k\u00e4vi hyv\u00e4 tuuri, kun heid\u00e4nkin kuvat l\u00f6ytyiv\u00e4t kalentereista. \ud83d\ude00<\/p>\n<p><img loading=\"lazy\" decoding=\"async\" class=\"alignnone size-medium wp-image-3408\" src=\"https:\/\/blog.edu.turku.fi\/molla\/files\/2018\/12\/2-7-300x225.jpg\" alt=\"\" width=\"300\" height=\"225\"><\/p>\n<p>Molla ja M\u00e5ns olivat hurjan ilahtuneita, kun p\u00e4\u00e4siv\u00e4t tutustumaan Majavien eskarilaisiin, heid\u00e4n perheisiin ja koteihin. Samalla he p\u00e4\u00e4siv\u00e4t kurkistelemaan jouluvalmisteluja, leipomaan pipareita ja torttuja sek\u00e4 kokemaan muita j\u00e4nni\u00e4 seikkailuja.<\/p>\n<pre><img loading=\"lazy\" decoding=\"async\" class=\"alignnone size-medium wp-image-3403\" src=\"https:\/\/blog.edu.turku.fi\/molla\/files\/2018\/12\/3-7-225x300.jpg\" alt=\"\" width=\"225\" height=\"300\">\r\n\r\nM\u00e5ns pelaa Jeren kanssa pleikkaria<\/pre>\n<pre><img loading=\"lazy\" decoding=\"async\" class=\"alignnone size-medium wp-image-3404\" src=\"https:\/\/blog.edu.turku.fi\/molla\/files\/2018\/12\/4-7-300x225.jpg\" alt=\"\" width=\"300\" height=\"225\">\r\n\r\nMolla ja Sannu leipoivat ja maistelivat yhdess\u00e4 joulutorttuja<\/pre>\n<pre><img loading=\"lazy\" decoding=\"async\" class=\"alignnone size-medium wp-image-3405\" src=\"https:\/\/blog.edu.turku.fi\/molla\/files\/2018\/12\/5-6-225x300.jpg\" alt=\"\" width=\"225\" height=\"300\">\r\n\r\nM\u00e5ns p\u00e4\u00e4si Carinan mukana ostoksille<\/pre>\n<p><img loading=\"lazy\" decoding=\"async\" class=\"alignnone size-medium wp-image-3406\" src=\"https:\/\/blog.edu.turku.fi\/molla\/files\/2018\/12\/6-5-225x300.jpg\" alt=\"\" width=\"225\" height=\"300\"><\/p>\n<p>Molla p\u00e4\u00e4si Molla -koulutusristeilylle Marin ja Sinin sek\u00e4 Turun Molla-v\u00e4en kanssa 7.12. H\u00e4n sai olla itse risteilyn t\u00e4hti, mutta p\u00e4\u00e4si tapaamaan my\u00f6s toisen t\u00e4hden \u2013 Pete Parkkosen!<\/p>\n<p>Perjantaina 21.12. avaamme kalenterin loput lahjapaketit\u2026 j\u00e4nnityksell\u00e4 odotamme, mit\u00e4 tonttu on viel\u00e4 keksinyt..<\/p>\n<p><strong>L\u00e4mmint\u00e4 Joulua ja Onnellista Uutta Vuotta 2013!<\/strong><\/p>\n<p><strong>Majavat kiitt\u00e4v\u00e4t yhteisty\u00f6st\u00e4!<\/strong><\/p>\n<p>(Esiopetus jatkuu 7.1. 2013)<\/p>\n<p>T. Sini, Mari ja Elina<\/p>\n","protected":false},"excerpt":{"rendered":"<p>L\u00e4mmint\u00e4 Joulua! Filed under: Majavat \u2014 Sini Lehtom\u00e4ki at 11:40 pm on torstai, joulukuu 20, 2012 Tagged \u00e4idinkieli, kamera, kosketustaulu, lapsil\u00e4ht\u00f6isyys, leikki, osallisuus, tietokone, yhteisty\u00f6 Majavien Jouluterveiset Joulu kolkuttelee jo ovella.. Syyslukukausi vier\u00e4hti vauhdilla, paljon opittiin ja koettiin yhdess\u00e4. Joulukuussa Majavat kohtasivat melkoisen yll\u00e4tyksen, kun tonttu oli j\u00e4tt\u00e4nyt Majavien ryhm\u00e4\u00e4n joulukalenterin \u2013 eik\u00e4 ihan mit\u00e4 &hellip; <a href=\"https:\/\/blog.edu.turku.fi\/molla\/opetus\/pc-ja-kosketustaulu\/ryhman-oma-joulukalenteri-kosketustaululla-pernontien-paivakoti\/\" class=\"more-link\">Jatka lukemista <span class=\"screen-reader-text\">Ryhm\u00e4n oma joulukalenteri kosketustaululla (Pernontien p\u00e4iv\u00e4koti)<\/span> <span class=\"meta-nav\">&rarr;<\/span><\/a><\/p>\n","protected":false},"author":2568,"featured_media":0,"parent":1171,"menu_order":0,"comment_status":"closed","ping_status":"closed","template":"","meta":{"ngg_post_thumbnail":0,"footnotes":""},"class_list":["post-3402","page","type-page","status-publish","hentry"],"_links":{"self":[{"href":"https:\/\/blog.edu.turku.fi\/molla\/wp-json\/wp\/v2\/pages\/3402","targetHints":{"allow":["GET"]}}],"collection":[{"href":"https:\/\/blog.edu.turku.fi\/molla\/wp-json\/wp\/v2\/pages"}],"about":[{"href":"https:\/\/blog.edu.turku.fi\/molla\/wp-json\/wp\/v2\/types\/page"}],"author":[{"embeddable":true,"href":"https:\/\/blog.edu.turku.fi\/molla\/wp-json\/wp\/v2\/users\/2568"}],"replies":[{"embeddable":true,"href":"https:\/\/blog.edu.turku.fi\/molla\/wp-json\/wp\/v2\/comments?post=3402"}],"version-history":[{"count":2,"href":"https:\/\/blog.edu.turku.fi\/molla\/wp-json\/wp\/v2\/pages\/3402\/revisions"}],"predecessor-version":[{"id":3432,"href":"https:\/\/blog.edu.turku.fi\/molla\/wp-json\/wp\/v2\/pages\/3402\/revisions\/3432"}],"up":[{"embeddable":true,"href":"https:\/\/blog.edu.turku.fi\/molla\/wp-json\/wp\/v2\/pages\/1171"}],"wp:attachment":[{"href":"https:\/\/blog.edu.turku.fi\/molla\/wp-json\/wp\/v2\/media?parent=3402"}],"curies":[{"name":"wp","href":"https:\/\/api.w.org\/{rel}","templated":true}]}}