{"id":3393,"date":"2012-05-20T09:57:43","date_gmt":"2012-05-20T07:57:43","guid":{"rendered":"https:\/\/blog.edu.turku.fi\/molla\/?page_id=3393"},"modified":"2018-12-20T10:51:00","modified_gmt":"2018-12-20T08:51:00","slug":"elokuvaprojekti-pernontien-paivakoti","status":"publish","type":"page","link":"https:\/\/blog.edu.turku.fi\/molla\/opetus\/pc-ja-kosketustaulu\/elokuvaprojekti-pernontien-paivakoti\/","title":{"rendered":"Elokuvaprojekti (Pernontien p\u00e4iv\u00e4koti)"},"content":{"rendered":"<h3>Elokuvaprojekti<\/h3>\n<p>Majavien elokuva-projekti starttasi k\u00e4yntiin huhtikuussa. Aloitimme katselemalla elokuvan: Susikoira Roi.<\/p>\n<p><img loading=\"lazy\" decoding=\"async\" class=\"alignnone size-medium wp-image-3396\" src=\"https:\/\/blog.edu.turku.fi\/molla\/files\/2018\/12\/1-6-300x225.jpg\" alt=\"\" width=\"300\" height=\"225\"><\/p>\n<p>Katselimme elokuvan 4 eri osassa. N\u00e4in saimme paljon elokuviin liittyv\u00e4\u00e4 keskustelua aikaiseksi. Eik\u00e4 aihe pitk\u00e4stytt\u00e4nyt.. p\u00e4invastoin.. \ud83d\ude00<\/p>\n<p>T\u00e4m\u00e4n j\u00e4lkeen jakauduimme nelj\u00e4\u00e4n eri elokuva-tiimiin ja aloimme suunnitella omia elokuvia.<\/p>\n<pre><img loading=\"lazy\" decoding=\"async\" class=\"alignnone size-medium wp-image-3397\" src=\"https:\/\/blog.edu.turku.fi\/molla\/files\/2018\/12\/2-6-300x225.jpg\" alt=\"\" width=\"300\" height=\"225\"> <img loading=\"lazy\" decoding=\"async\" class=\"alignnone size-medium wp-image-3398\" src=\"https:\/\/blog.edu.turku.fi\/molla\/files\/2018\/12\/3-6-300x225.jpg\" alt=\"\" width=\"300\" height=\"225\">\r\n\r\nLEGO Indiana Jones ja villit seikkailut \u2013 elokuva Kuvassa: Aleksi, Matias, Eea, Sofie ja Abdallah.<\/pre>\n<pre><img loading=\"lazy\" decoding=\"async\" class=\"alignnone size-medium wp-image-3399\" src=\"https:\/\/blog.edu.turku.fi\/molla\/files\/2018\/12\/4-6-300x225.jpg\" alt=\"\" width=\"300\" height=\"225\">\r\n\r\nKauhu-Kalle elokuvan kuvauksista Kuvassa: Vilma, Rasmus, Jonna, Reneli ja Taiem.<\/pre>\n<pre><img loading=\"lazy\" decoding=\"async\" class=\"alignnone size-medium wp-image-3394\" src=\"https:\/\/blog.edu.turku.fi\/molla\/files\/2018\/12\/5-5-300x225.jpg\" alt=\"\" width=\"300\" height=\"225\">\r\n\r\nElokuva \u2013 Merirosvot jahtaavat N\u00e4yttelij\u00e4t: Lucas, Daniel, Matilda, Lilja ja Robin.<\/pre>\n<p><img loading=\"lazy\" decoding=\"async\" class=\"alignnone size-medium wp-image-3395\" src=\"https:\/\/blog.edu.turku.fi\/molla\/files\/2018\/12\/6-4-300x225.jpg\" alt=\"\" width=\"300\" height=\"225\"><\/p>\n<p><strong><em>Elokuvat ensi-illassa Majavien kev\u00e4tjuhlassa ti 29.5.2012! <\/em><\/strong><\/p>\n<blockquote class=\"wp-embedded-content\" data-secret=\"YuEVTMz6PI\"><p><a href=\"https:\/\/blog.edu.turku.fi\/molla\/2012\/07\/03\/eskarilaisten-elokuvaensi-ilta\/\">Eskarilaisten elokuvaensi-ilta<\/a><\/p><\/blockquote>\n<p><iframe loading=\"lazy\" class=\"wp-embedded-content\" sandbox=\"allow-scripts\" security=\"restricted\" style=\"position: absolute; clip: rect(1px, 1px, 1px, 1px);\" title=\"&#8221;Eskarilaisten elokuvaensi-ilta&#8221; &#8212; MOLLA\" src=\"https:\/\/blog.edu.turku.fi\/molla\/2012\/07\/03\/eskarilaisten-elokuvaensi-ilta\/embed\/#?secret=QWrRQRmH1t#?secret=YuEVTMz6PI\" data-secret=\"YuEVTMz6PI\" width=\"600\" height=\"338\" frameborder=\"0\" marginwidth=\"0\" marginheight=\"0\" scrolling=\"no\"><\/iframe><\/p>\n<p>Elokuvagaalassa jaoimme suorat linkit elokuviin. Linkkien avautumisessa on kuitenkin ollut ongelmia. Uudet linkkiosoitteet saat: sini.lehtomaki@turku.fi<\/p>\n","protected":false},"excerpt":{"rendered":"<p>Elokuvaprojekti Majavien elokuva-projekti starttasi k\u00e4yntiin huhtikuussa. Aloitimme katselemalla elokuvan: Susikoira Roi. Katselimme elokuvan 4 eri osassa. N\u00e4in saimme paljon elokuviin liittyv\u00e4\u00e4 keskustelua aikaiseksi. Eik\u00e4 aihe pitk\u00e4stytt\u00e4nyt.. p\u00e4invastoin.. \ud83d\ude00 T\u00e4m\u00e4n j\u00e4lkeen jakauduimme nelj\u00e4\u00e4n eri elokuva-tiimiin ja aloimme suunnitella omia elokuvia. LEGO Indiana Jones ja villit seikkailut \u2013 elokuva Kuvassa: Aleksi, Matias, Eea, Sofie ja Abdallah. Kauhu-Kalle &hellip; <a href=\"https:\/\/blog.edu.turku.fi\/molla\/opetus\/pc-ja-kosketustaulu\/elokuvaprojekti-pernontien-paivakoti\/\" class=\"more-link\">Jatka lukemista <span class=\"screen-reader-text\">Elokuvaprojekti (Pernontien p\u00e4iv\u00e4koti)<\/span> <span class=\"meta-nav\">&rarr;<\/span><\/a><\/p>\n","protected":false},"author":2568,"featured_media":0,"parent":1171,"menu_order":0,"comment_status":"closed","ping_status":"closed","template":"","meta":{"ngg_post_thumbnail":0,"footnotes":""},"class_list":["post-3393","page","type-page","status-publish","hentry"],"_links":{"self":[{"href":"https:\/\/blog.edu.turku.fi\/molla\/wp-json\/wp\/v2\/pages\/3393","targetHints":{"allow":["GET"]}}],"collection":[{"href":"https:\/\/blog.edu.turku.fi\/molla\/wp-json\/wp\/v2\/pages"}],"about":[{"href":"https:\/\/blog.edu.turku.fi\/molla\/wp-json\/wp\/v2\/types\/page"}],"author":[{"embeddable":true,"href":"https:\/\/blog.edu.turku.fi\/molla\/wp-json\/wp\/v2\/users\/2568"}],"replies":[{"embeddable":true,"href":"https:\/\/blog.edu.turku.fi\/molla\/wp-json\/wp\/v2\/comments?post=3393"}],"version-history":[{"count":2,"href":"https:\/\/blog.edu.turku.fi\/molla\/wp-json\/wp\/v2\/pages\/3393\/revisions"}],"predecessor-version":[{"id":3431,"href":"https:\/\/blog.edu.turku.fi\/molla\/wp-json\/wp\/v2\/pages\/3393\/revisions\/3431"}],"up":[{"embeddable":true,"href":"https:\/\/blog.edu.turku.fi\/molla\/wp-json\/wp\/v2\/pages\/1171"}],"wp:attachment":[{"href":"https:\/\/blog.edu.turku.fi\/molla\/wp-json\/wp\/v2\/media?parent=3393"}],"curies":[{"name":"wp","href":"https:\/\/api.w.org\/{rel}","templated":true}]}}