{"id":3339,"date":"2016-01-04T09:11:21","date_gmt":"2016-01-04T07:11:21","guid":{"rendered":"https:\/\/blog.edu.turku.fi\/molla\/?page_id=3339"},"modified":"2018-12-20T09:12:48","modified_gmt":"2018-12-20T07:12:48","slug":"kokoerojen-tarkastelua-arkeologinkadun-phy","status":"publish","type":"page","link":"https:\/\/blog.edu.turku.fi\/molla\/opetus\/pc-ja-kosketustaulu\/kokoerojen-tarkastelua-arkeologinkadun-phy\/","title":{"rendered":"Kokoerojen tarkastelua (Arkeologinkadun phy)"},"content":{"rendered":"<h3 id=\"post-694\" class=\"storytitle\">Ihan tavallinen eskarip\u00e4iv\u00e4<\/h3>\n<div class=\"meta\"><span style=\"color: #999999\">Filed under: Eskarin toimintaa \u2014 Niina Yl\u00f6nen at 7:50 pm on maanantai, tammikuu 4, 2016<\/span><\/div>\n<div class=\"storycontent\">\n<p>Vuoden ensimm\u00e4inen eskarip\u00e4iv\u00e4 oli ihan tavallinen eskarip\u00e4iv\u00e4. Juteltiin joululomasta, joululahjoista ja raketeista. Todettiin, ett\u00e4 ensimm\u00e4inen eskari on jo t\u00e4n\u00e4 vuonna ehtinyt t\u00e4ytt\u00e4\u00e4 7-vuotta. Syksyll\u00e4 odottaa koulu kaikkia eskareita!<\/p>\n<p>Joulun ajan p\u00e4ivystyksess\u00e4 yksi tuleva eskarilainen halusi tiet\u00e4\u00e4 millaista eskarissa on. No\u2026 Ihan tavallista, tehd\u00e4\u00e4n teht\u00e4vi\u00e4, ulkoillaan, sy\u00f6d\u00e4\u00e4n ja leikit\u00e4\u00e4n. T\u00e4m\u00e4 selitys ei viskarille riitt\u00e4nyt. Mitenk\u00e4 sit\u00e4 eskaria selitt\u00e4isi lapselle kun itselle eskari on sit\u00e4 tavallista arkea (matemaattisten taitojen osa-alueita tai kielentietoisuuden kasvattamisen hienouksia en edes yritt\u00e4nyt selitt\u00e4\u00e4). T\u00e4n\u00e4\u00e4n kun Miut miettiv\u00e4t pituuseroja ja tekiv\u00e4t siihen liittyv\u00e4\u00e4 teht\u00e4v\u00e4\u00e4, niin tulipahan mieleen ottaa videonp\u00e4tk\u00e4 meid\u00e4n puuhista. Eskariteht\u00e4vi\u00e4 ei aina tehd\u00e4 istuen tai sis\u00e4ll\u00e4, mutta juuri t\u00e4n\u00e4\u00e4n oli oikein mukava tekemisen meininki ja videossa n\u00e4kyy miten t\u00e4n\u00e4\u00e4n teht\u00e4vi\u00e4 tehtiin. Ehk\u00e4 pit\u00e4isi ottaa videoita enemm\u00e4nkin &#x1f642;<\/p>\n<div id=\"attachment_690\" class=\"wp-caption alignnone\"><a href=\"https:\/\/blog.edu.turku.fi\/jpk-eskarit\/files\/2016\/01\/BLOG_pituuseroja1.jpg\"><img loading=\"lazy\" decoding=\"async\" class=\"size-medium wp-image-690\" src=\"https:\/\/blog.edu.turku.fi\/jpk-eskarit\/files\/2016\/01\/BLOG_pituuseroja1-300x169.jpg\" alt=\"Etsit\u00e4\u00e4n samankokoiset kirjaimet ja yhdistet\u00e4\u00e4n ne viivalla. Tosi helppoa!\" width=\"300\" height=\"169\"><\/a><\/p>\n<p class=\"wp-caption-text\">Etsit\u00e4\u00e4n samankokoiset kirjaimet ja yhdistet\u00e4\u00e4n ne viivalla. Tosi helppoa!<\/p>\n<\/div>\n<div id=\"attachment_691\" class=\"wp-caption alignnone\"><a href=\"https:\/\/blog.edu.turku.fi\/jpk-eskarit\/files\/2016\/01\/BLOG_pituuseroja2.jpg\"><img loading=\"lazy\" decoding=\"async\" class=\"size-medium wp-image-691\" src=\"https:\/\/blog.edu.turku.fi\/jpk-eskarit\/files\/2016\/01\/BLOG_pituuseroja2-300x169.jpg\" alt=\"No niin. Hiiht\u00e4jill\u00e4 on sukset sekaisin. Kuka on lyhyin hiiht\u00e4j\u00e4, kuka pisin? Mitk\u00e4 suksista mahtavat kuulua pisimm\u00e4lle hiiht\u00e4j\u00e4lle? Koskahan me p\u00e4\u00e4st\u00e4isiin eskarissa hiiht\u00e4m\u00e4\u00e4n?\" width=\"300\" height=\"169\"><\/a><\/p>\n<p class=\"wp-caption-text\">No niin. Hiiht\u00e4jill\u00e4 on sukset sekaisin. Kuka on lyhyin hiiht\u00e4j\u00e4, kuka pisin? Mitk\u00e4 suksista mahtavat kuulua pisimm\u00e4lle hiiht\u00e4j\u00e4lle? Koskahan me p\u00e4\u00e4st\u00e4isiin eskarissa hiiht\u00e4m\u00e4\u00e4n?<\/p>\n<\/div>\n<div id=\"attachment_692\" class=\"wp-caption alignnone\"><a href=\"https:\/\/blog.edu.turku.fi\/jpk-eskarit\/files\/2016\/01\/BLOG_pituuseroja3.jpg\"><img loading=\"lazy\" decoding=\"async\" class=\"size-medium wp-image-692\" src=\"https:\/\/blog.edu.turku.fi\/jpk-eskarit\/files\/2016\/01\/BLOG_pituuseroja3-300x169.jpg\" alt=\"Hiiht\u00e4jien ja suksien v\u00e4ritt\u00e4mist\u00e4. \" width=\"300\" height=\"169\"><\/a><\/p>\n<p class=\"wp-caption-text\">Hiiht\u00e4jien ja suksien v\u00e4ritt\u00e4mist\u00e4.<\/p>\n<\/div>\n<div id=\"attachment_693\" class=\"wp-caption alignnone\"><a href=\"https:\/\/blog.edu.turku.fi\/jpk-eskarit\/files\/2016\/01\/BLOG_%C3%A5ituuseroja4.jpg\"><img loading=\"lazy\" decoding=\"async\" class=\"size-medium wp-image-693\" src=\"https:\/\/blog.edu.turku.fi\/jpk-eskarit\/files\/2016\/01\/BLOG_%C3%A5ituuseroja4-300x169.jpg\" alt=\"V\u00e4ritetyt hiiht\u00e4j\u00e4t ja sukset pit\u00e4\u00e4 leikata irti.\" width=\"300\" height=\"169\"><\/a><\/p>\n<p class=\"wp-caption-text\">V\u00e4ritetyt hiiht\u00e4j\u00e4t ja sukset pit\u00e4\u00e4 leikata irti.<\/p>\n<\/div>\n<\/div>\n","protected":false},"excerpt":{"rendered":"<p>Ihan tavallinen eskarip\u00e4iv\u00e4 Filed under: Eskarin toimintaa \u2014 Niina Yl\u00f6nen at 7:50 pm on maanantai, tammikuu 4, 2016 Vuoden ensimm\u00e4inen eskarip\u00e4iv\u00e4 oli ihan tavallinen eskarip\u00e4iv\u00e4. Juteltiin joululomasta, joululahjoista ja raketeista. Todettiin, ett\u00e4 ensimm\u00e4inen eskari on jo t\u00e4n\u00e4 vuonna ehtinyt t\u00e4ytt\u00e4\u00e4 7-vuotta. Syksyll\u00e4 odottaa koulu kaikkia eskareita! Joulun ajan p\u00e4ivystyksess\u00e4 yksi tuleva eskarilainen halusi tiet\u00e4\u00e4 millaista &hellip; <a href=\"https:\/\/blog.edu.turku.fi\/molla\/opetus\/pc-ja-kosketustaulu\/kokoerojen-tarkastelua-arkeologinkadun-phy\/\" class=\"more-link\">Jatka lukemista <span class=\"screen-reader-text\">Kokoerojen tarkastelua (Arkeologinkadun phy)<\/span> <span class=\"meta-nav\">&rarr;<\/span><\/a><\/p>\n","protected":false},"author":2568,"featured_media":0,"parent":1171,"menu_order":0,"comment_status":"closed","ping_status":"closed","template":"","meta":{"ngg_post_thumbnail":0,"footnotes":""},"class_list":["post-3339","page","type-page","status-publish","hentry"],"_links":{"self":[{"href":"https:\/\/blog.edu.turku.fi\/molla\/wp-json\/wp\/v2\/pages\/3339","targetHints":{"allow":["GET"]}}],"collection":[{"href":"https:\/\/blog.edu.turku.fi\/molla\/wp-json\/wp\/v2\/pages"}],"about":[{"href":"https:\/\/blog.edu.turku.fi\/molla\/wp-json\/wp\/v2\/types\/page"}],"author":[{"embeddable":true,"href":"https:\/\/blog.edu.turku.fi\/molla\/wp-json\/wp\/v2\/users\/2568"}],"replies":[{"embeddable":true,"href":"https:\/\/blog.edu.turku.fi\/molla\/wp-json\/wp\/v2\/comments?post=3339"}],"version-history":[{"count":1,"href":"https:\/\/blog.edu.turku.fi\/molla\/wp-json\/wp\/v2\/pages\/3339\/revisions"}],"predecessor-version":[{"id":3340,"href":"https:\/\/blog.edu.turku.fi\/molla\/wp-json\/wp\/v2\/pages\/3339\/revisions\/3340"}],"up":[{"embeddable":true,"href":"https:\/\/blog.edu.turku.fi\/molla\/wp-json\/wp\/v2\/pages\/1171"}],"wp:attachment":[{"href":"https:\/\/blog.edu.turku.fi\/molla\/wp-json\/wp\/v2\/media?parent=3339"}],"curies":[{"name":"wp","href":"https:\/\/api.w.org\/{rel}","templated":true}]}}