{"id":3252,"date":"2015-11-06T16:06:19","date_gmt":"2015-11-06T14:06:19","guid":{"rendered":"https:\/\/blog.edu.turku.fi\/molla\/?page_id=3252"},"modified":"2018-12-20T14:20:45","modified_gmt":"2018-12-20T12:20:45","slug":"lukujonoja-tabletilla-ja-kahootilla-arkeologinkadun-phy","status":"publish","type":"page","link":"https:\/\/blog.edu.turku.fi\/molla\/opetus\/windows-tabletit\/lukujonoja-tabletilla-ja-kahootilla-arkeologinkadun-phy\/","title":{"rendered":"Lukujonoja tabletilla ja kahootilla (Arkeologinkadun phy)"},"content":{"rendered":"<h3 id=\"post-614\" class=\"storytitle\">Is\u00e4np\u00e4iv\u00e4viikon kuulumisia<\/h3>\n<div class=\"meta\"><span style=\"color: #999999\">Filed under: Eskarin toimintaa \u2014 Niina Yl\u00f6nen at 1:14 pm on perjantai, marraskuu 6, 2015<\/span><\/div>\n<div class=\"storycontent\">\n<p>Ajankohtaan n\u00e4htyn\u00e4 l\u00e4mpim\u00e4t syysilmat ovat meit\u00e4 t\u00e4ll\u00e4 viikolla hellineet. Ulkoleikit ovat kivoja ja meill\u00e4 on se onni, ett\u00e4 voimme ulkoilla oikeastaan siell\u00e4 miss\u00e4 milloinkin sattuu huvittamaan. T\u00e4ll\u00e4 viikolla on ulkoiltu ns. H\u00e4m\u00e4h\u00e4kkipuistossa, Lampolankadun p\u00e4iv\u00e4kodin pihalla, Arkeologinkadun p\u00e4iv\u00e4kodin pihalla ja koulun kent\u00e4ll\u00e4.<\/p>\n<div id=\"attachment_611\" class=\"wp-caption alignnone\">\n<p><a href=\"https:\/\/blog.edu.turku.fi\/jpk-eskarit\/files\/2015\/11\/BLOG_31102015.jpg\"><img loading=\"lazy\" decoding=\"async\" class=\"size-medium wp-image-611\" src=\"https:\/\/blog.edu.turku.fi\/jpk-eskarit\/files\/2015\/11\/BLOG_31102015-169x300.jpg\" alt=\"Ihanat ulkoiluilmat :) \" width=\"169\" height=\"300\"><\/a><\/p>\n<p class=\"wp-caption-text\">Ihanat ulkoiluilmat &#x1f642;<\/p>\n<\/div>\n<div id=\"attachment_610\" class=\"wp-caption alignnone\">\n<p><a href=\"https:\/\/blog.edu.turku.fi\/jpk-eskarit\/files\/2015\/11\/BLOG_02112015_essiroikkuu.jpg\"><img loading=\"lazy\" decoding=\"async\" class=\"size-medium wp-image-610\" src=\"https:\/\/blog.edu.turku.fi\/jpk-eskarit\/files\/2015\/11\/BLOG_02112015_essiroikkuu-169x300.jpg\" alt=\"Arkeologinkadun p\u00e4iv\u00e4kodin pihalla ulkoilemassa. \" width=\"169\" height=\"300\"><\/a><\/p>\n<p class=\"wp-caption-text\">Arkeologinkadun p\u00e4iv\u00e4kodin pihalla ulkoilemassa.<\/p>\n<\/div>\n<p>Matematiikkateht\u00e4viss\u00e4 harjoiteltiin lukujonoa yhdest\u00e4 kymmeneen. Aika moni osaa luetella luvut p\u00f6tk\u00f6ss\u00e4, mutta yksitt\u00e4isen luvun irrottaminen lukujonosta on jo vaikeampaa hahmottaa. Lukujonoteht\u00e4v\u00e4\u00e4 harjoiteltiin yhdess\u00e4 pelaten. Teht\u00e4v\u00e4 oli tehty Kahoot -sivustolle. T\u00e4m\u00e4 olikin tosi hauskaa! Saimme t\u00e4ll\u00e4 viikolla lukujonoa tekem\u00e4\u00e4n my\u00f6s p\u00e4iv\u00e4kodinjohtaja Tuijan ja varhaiserityisopettaja Helin.<\/p>\n<div id=\"attachment_612\" class=\"wp-caption alignnone\">\n<p><a href=\"https:\/\/blog.edu.turku.fi\/jpk-eskarit\/files\/2015\/11\/BLOG_kahoot1.jpg\"><img loading=\"lazy\" decoding=\"async\" class=\"size-medium wp-image-612\" src=\"https:\/\/blog.edu.turku.fi\/jpk-eskarit\/files\/2015\/11\/BLOG_kahoot1-300x169.jpg\" alt=\"Lukujonoteht\u00e4vi\u00e4 kosketustaululla ja tableteilla\" width=\"300\" height=\"169\"><\/a><\/p>\n<p class=\"wp-caption-text\">Lukujonoteht\u00e4vi\u00e4 kosketustaululla ja tableteilla<\/p>\n<\/div>\n<div id=\"attachment_613\" class=\"wp-caption alignnone\">\n<p><a href=\"https:\/\/blog.edu.turku.fi\/jpk-eskarit\/files\/2015\/11\/BLOG_kahoot2.jpg\"><img loading=\"lazy\" decoding=\"async\" class=\"size-medium wp-image-613\" src=\"https:\/\/blog.edu.turku.fi\/jpk-eskarit\/files\/2015\/11\/BLOG_kahoot2-300x169.jpg\" alt=\"&quot;Mik\u00e4s n\u00e4ist\u00e4 vaihtoehdoista onkaan oikea vastaus?&quot;\" width=\"300\" height=\"169\"><\/a><\/p>\n<p class=\"wp-caption-text\">\u201dMik\u00e4s n\u00e4ist\u00e4 vaihtoehdoista onkaan oikea vastaus?\u201d<\/p>\n<\/div>\n<\/div>\n","protected":false},"excerpt":{"rendered":"<p>Is\u00e4np\u00e4iv\u00e4viikon kuulumisia Filed under: Eskarin toimintaa \u2014 Niina Yl\u00f6nen at 1:14 pm on perjantai, marraskuu 6, 2015 Ajankohtaan n\u00e4htyn\u00e4 l\u00e4mpim\u00e4t syysilmat ovat meit\u00e4 t\u00e4ll\u00e4 viikolla hellineet. Ulkoleikit ovat kivoja ja meill\u00e4 on se onni, ett\u00e4 voimme ulkoilla oikeastaan siell\u00e4 miss\u00e4 milloinkin sattuu huvittamaan. T\u00e4ll\u00e4 viikolla on ulkoiltu ns. H\u00e4m\u00e4h\u00e4kkipuistossa, Lampolankadun p\u00e4iv\u00e4kodin pihalla, Arkeologinkadun p\u00e4iv\u00e4kodin pihalla &hellip; <a href=\"https:\/\/blog.edu.turku.fi\/molla\/opetus\/windows-tabletit\/lukujonoja-tabletilla-ja-kahootilla-arkeologinkadun-phy\/\" class=\"more-link\">Jatka lukemista <span class=\"screen-reader-text\">Lukujonoja tabletilla ja kahootilla (Arkeologinkadun phy)<\/span> <span class=\"meta-nav\">&rarr;<\/span><\/a><\/p>\n","protected":false},"author":2568,"featured_media":0,"parent":1540,"menu_order":0,"comment_status":"closed","ping_status":"closed","template":"","meta":{"ngg_post_thumbnail":0,"footnotes":""},"class_list":["post-3252","page","type-page","status-publish","hentry"],"_links":{"self":[{"href":"https:\/\/blog.edu.turku.fi\/molla\/wp-json\/wp\/v2\/pages\/3252","targetHints":{"allow":["GET"]}}],"collection":[{"href":"https:\/\/blog.edu.turku.fi\/molla\/wp-json\/wp\/v2\/pages"}],"about":[{"href":"https:\/\/blog.edu.turku.fi\/molla\/wp-json\/wp\/v2\/types\/page"}],"author":[{"embeddable":true,"href":"https:\/\/blog.edu.turku.fi\/molla\/wp-json\/wp\/v2\/users\/2568"}],"replies":[{"embeddable":true,"href":"https:\/\/blog.edu.turku.fi\/molla\/wp-json\/wp\/v2\/comments?post=3252"}],"version-history":[{"count":4,"href":"https:\/\/blog.edu.turku.fi\/molla\/wp-json\/wp\/v2\/pages\/3252\/revisions"}],"predecessor-version":[{"id":3527,"href":"https:\/\/blog.edu.turku.fi\/molla\/wp-json\/wp\/v2\/pages\/3252\/revisions\/3527"}],"up":[{"embeddable":true,"href":"https:\/\/blog.edu.turku.fi\/molla\/wp-json\/wp\/v2\/pages\/1540"}],"wp:attachment":[{"href":"https:\/\/blog.edu.turku.fi\/molla\/wp-json\/wp\/v2\/media?parent=3252"}],"curies":[{"name":"wp","href":"https:\/\/api.w.org\/{rel}","templated":true}]}}