{"id":3198,"date":"2018-12-17T10:13:59","date_gmt":"2018-12-17T08:13:59","guid":{"rendered":"https:\/\/blog.edu.turku.fi\/molla\/?page_id=3198"},"modified":"2019-11-14T15:49:23","modified_gmt":"2019-11-14T13:49:23","slug":"materiaalit","status":"publish","type":"page","link":"https:\/\/blog.edu.turku.fi\/molla\/materiaalit\/","title":{"rendered":"Materiaalit"},"content":{"rendered":"<p><a href=\"https:\/\/blog.edu.turku.fi\/molla\/materiaalit\/tuokiovinkit\/?preview_id=860&amp;preview_nonce=19f32bf421&amp;_thumbnail_id=-1&amp;preview=true\">Tuokiovinkit<\/a><\/p>\n<p><a href=\"https:\/\/blog.edu.turku.fi\/molla\/opetus\/kosketustaulutehtavia\/\">Kosketustauluteht\u00e4vi\u00e4<\/a><\/p>\n<p><a href=\"https:\/\/blog.edu.turku.fi\/molla\/opetus\/hyvat-kaytostavat\/\">Hyv\u00e4t k\u00e4yt\u00f6stavat -materiaali<\/a><\/p>\n<p><a href=\"https:\/\/blog.edu.turku.fi\/molla\/materiaalit\/joulukalenteri-2019\/\" target=\"_blank\" rel=\"noopener\">Joulukalenteri 2019<\/a><\/p>\n<p><a href=\"https:\/\/blog.edu.turku.fi\/molla\/opetus\/eskarin-joulukalenteri-2017\/\">Joulukalenteri 2017<\/a><\/p>\n<p><a href=\"https:\/\/blog.edu.turku.fi\/molla\/opetus\/joulukalenteri\/\">Joulukalenteri 2016<\/a><\/p>\n","protected":false},"excerpt":{"rendered":"<p>Tuokiovinkit Kosketustauluteht\u00e4vi\u00e4 Hyv\u00e4t k\u00e4yt\u00f6stavat -materiaali Joulukalenteri 2019 Joulukalenteri 2017 Joulukalenteri 2016<\/p>\n","protected":false},"author":2568,"featured_media":0,"parent":0,"menu_order":3,"comment_status":"closed","ping_status":"closed","template":"","meta":{"ngg_post_thumbnail":0,"footnotes":""},"class_list":["post-3198","page","type-page","status-publish","hentry"],"_links":{"self":[{"href":"https:\/\/blog.edu.turku.fi\/molla\/wp-json\/wp\/v2\/pages\/3198","targetHints":{"allow":["GET"]}}],"collection":[{"href":"https:\/\/blog.edu.turku.fi\/molla\/wp-json\/wp\/v2\/pages"}],"about":[{"href":"https:\/\/blog.edu.turku.fi\/molla\/wp-json\/wp\/v2\/types\/page"}],"author":[{"embeddable":true,"href":"https:\/\/blog.edu.turku.fi\/molla\/wp-json\/wp\/v2\/users\/2568"}],"replies":[{"embeddable":true,"href":"https:\/\/blog.edu.turku.fi\/molla\/wp-json\/wp\/v2\/comments?post=3198"}],"version-history":[{"count":5,"href":"https:\/\/blog.edu.turku.fi\/molla\/wp-json\/wp\/v2\/pages\/3198\/revisions"}],"predecessor-version":[{"id":3693,"href":"https:\/\/blog.edu.turku.fi\/molla\/wp-json\/wp\/v2\/pages\/3198\/revisions\/3693"}],"wp:attachment":[{"href":"https:\/\/blog.edu.turku.fi\/molla\/wp-json\/wp\/v2\/media?parent=3198"}],"curies":[{"name":"wp","href":"https:\/\/api.w.org\/{rel}","templated":true}]}}