{"id":2559,"date":"2016-02-22T13:14:47","date_gmt":"2016-02-22T11:14:47","guid":{"rendered":"https:\/\/blog.edu.turku.fi\/molla\/?page_id=2559"},"modified":"2019-01-08T09:23:15","modified_gmt":"2019-01-08T07:23:15","slug":"mollan-logiikka-liiketunnistuspeli","status":"publish","type":"page","link":"https:\/\/blog.edu.turku.fi\/molla\/opetus\/mollan-logiikka-liiketunnistuspeli\/","title":{"rendered":"Mollan Logiikka -oppimispeli"},"content":{"rendered":"<p><em>Mollan Logiikka on oppimispeli, jossa harjoitellaan muotoja, v\u00e4rej\u00e4, lukujonoja sek\u00e4 eri vuodenaikoihin liittyvien esineiden ja asioiden tunnistamista!<\/em><\/p>\n<p><iframe loading=\"lazy\" title=\"Mollan Logiikka -liiketunnistuspeli (Molla-hanke)\" width=\"604\" height=\"340\" src=\"https:\/\/www.youtube.com\/embed\/_9OE6HukFfY?feature=oembed\" frameborder=\"0\" allow=\"accelerometer; autoplay; clipboard-write; encrypted-media; gyroscope; picture-in-picture; web-share\" referrerpolicy=\"strict-origin-when-cross-origin\" allowfullscreen><\/iframe><br \/>\nMollan Logiikka on kokoelma esiopetusik\u00e4isille suunnattuja minipelej\u00e4, joissa hy\u00f6dynnet\u00e4\u00e4n liiketunnistusta:<\/p>\n<p><strong>1) Muotojen ja v\u00e4rien tunnistuspeli<br \/>\n2) Lukujonopeli<br \/>\n3) Vuodenaikapeli<\/strong><\/p>\n<p><a href=\"https:\/\/blog.edu.turku.fi\/molla\/files\/2015\/04\/mollan-logiikka2.png\" rel=\"attachment wp-att-2204\"><img loading=\"lazy\" decoding=\"async\" class=\" wp-image-2204 size-full alignnone\" src=\"https:\/\/blog.edu.turku.fi\/molla\/files\/2015\/04\/mollan-logiikka2.png\" alt=\"mollan logiikka2\" width=\"516\" height=\"98\" srcset=\"https:\/\/blog.edu.turku.fi\/molla\/files\/2015\/04\/mollan-logiikka2.png 516w, https:\/\/blog.edu.turku.fi\/molla\/files\/2015\/04\/mollan-logiikka2-300x57.png 300w, https:\/\/blog.edu.turku.fi\/molla\/files\/2015\/04\/mollan-logiikka2-400x76.png 400w\" sizes=\"auto, (max-width: 516px) 100vw, 516px\" \/><\/a><\/p>\n<p>Peli\u00e4 pelataan Kinect-liiketunnistussensorin ja PC-tietokoneen avulla, lis\u00e4ksi tarvitaan videotykki tai kosketustaulu kuvan heijastamiseen. Kinectin k\u00e4ytt\u00f6 tukee lapsen aktiivista osallistumista ja motoristen taitojen kehittymist\u00e4.<\/p>\n<p>Peli on pelattavissa my\u00f6s ilman liiketunnistusta hiiren ja n\u00e4pp\u00e4imist\u00f6n avulla.<\/p>\n<p><strong>Muotojen ja v\u00e4rien tunnistuspeliss\u00e4<\/strong> harjoitellaan tunnistamaan samanlaisia ja samanv\u00e4risi\u00e4 muotoja. Valittavana on kaksi vaikeusastetta: 1) lajittelu muodon perusteella 2) lajittelu muodon ja v\u00e4rin perusteella. Lajittelu tapahtuu oikeaa k\u00e4tt\u00e4 liikuttamalla. Muodot, joille ei l\u00f6ydy samanlaista ja samanv\u00e4rist\u00e4 paria, sijoitetaan roskakoriin.<\/p>\n<p><strong>Lukujonopeliss\u00e4<\/strong> muodostetaan lukujonoja 1-10, 10-1, 11\u201320 ja 20\u201311. Valittavissa on my\u00f6s vapaalento, jossa opettaja voi ohjeistaa, mitk\u00e4 10 lukua ker\u00e4t\u00e4\u00e4n (v\u00e4lilt\u00e4 1-20) \u2013 esimerkiksi parilliset tai parittomat luvut, kaksinumeroiset tai yksinumeroiset jne. Numerot poimitaan taivaalla lent\u00e4vien pilvien joukosta lentokoneen avulla. Lentokonetta ohjataan levitt\u00e4m\u00e4ll\u00e4 k\u00e4det sivuille ja kallistamalla haluttuun suuntaan. Varo myrskypilvi\u00e4!<\/p>\n<p><strong>Vuodenaikapeliss\u00e4<\/strong> harjoitellaan eri vuodenaikoihin liittyvien esineiden ja asioiden tunnistamista. Ruudulla liikkuvien kuvien joukosta valitaan hypp\u00e4\u00e4m\u00e4ll\u00e4 kyseiseen vuodenaikaan liittyvi\u00e4 kuvia. Ponnistusvoimaa kannattaa hakea kyykyst\u00e4 asti!<\/p>\n<p>Pelin on kehitt\u00e4nyt <a href=\"http:\/\/nordicedu.com\/?lang=fi\" target=\"_blank\" rel=\"noopener\">NordicEdu<\/a> yhteisty\u00f6ss\u00e4 Molla-hankkeen kanssa. Pelin pedagogisen sis\u00e4ll\u00f6n ovat ideoineet Molla-opettajat.<\/p>\n<p><a href=\"http:\/\/nordicedu.com\/toita\/mollan-logiikka\" target=\"_blank\" rel=\"noopener\">Lataa peli<\/a>! Tarkempia tietoja teknisist\u00e4 vaatimuksista l\u00f6yd\u00e4t lataussivulta.<\/p>\n","protected":false},"excerpt":{"rendered":"<p>Mollan Logiikka on oppimispeli, jossa harjoitellaan muotoja, v\u00e4rej\u00e4, lukujonoja sek\u00e4 eri vuodenaikoihin liittyvien esineiden ja asioiden tunnistamista! Mollan Logiikka on kokoelma esiopetusik\u00e4isille suunnattuja minipelej\u00e4, joissa hy\u00f6dynnet\u00e4\u00e4n liiketunnistusta: 1) Muotojen ja v\u00e4rien tunnistuspeli 2) Lukujonopeli 3) Vuodenaikapeli Peli\u00e4 pelataan Kinect-liiketunnistussensorin ja PC-tietokoneen avulla, lis\u00e4ksi tarvitaan videotykki tai kosketustaulu kuvan heijastamiseen. Kinectin k\u00e4ytt\u00f6 tukee lapsen aktiivista osallistumista &hellip; <a href=\"https:\/\/blog.edu.turku.fi\/molla\/opetus\/mollan-logiikka-liiketunnistuspeli\/\" class=\"more-link\">Jatka lukemista <span class=\"screen-reader-text\">Mollan Logiikka -oppimispeli<\/span> <span class=\"meta-nav\">&rarr;<\/span><\/a><\/p>\n","protected":false},"author":9,"featured_media":0,"parent":591,"menu_order":2,"comment_status":"closed","ping_status":"closed","template":"","meta":{"ngg_post_thumbnail":0,"footnotes":""},"class_list":["post-2559","page","type-page","status-publish","hentry"],"_links":{"self":[{"href":"https:\/\/blog.edu.turku.fi\/molla\/wp-json\/wp\/v2\/pages\/2559","targetHints":{"allow":["GET"]}}],"collection":[{"href":"https:\/\/blog.edu.turku.fi\/molla\/wp-json\/wp\/v2\/pages"}],"about":[{"href":"https:\/\/blog.edu.turku.fi\/molla\/wp-json\/wp\/v2\/types\/page"}],"author":[{"embeddable":true,"href":"https:\/\/blog.edu.turku.fi\/molla\/wp-json\/wp\/v2\/users\/9"}],"replies":[{"embeddable":true,"href":"https:\/\/blog.edu.turku.fi\/molla\/wp-json\/wp\/v2\/comments?post=2559"}],"version-history":[{"count":6,"href":"https:\/\/blog.edu.turku.fi\/molla\/wp-json\/wp\/v2\/pages\/2559\/revisions"}],"predecessor-version":[{"id":3566,"href":"https:\/\/blog.edu.turku.fi\/molla\/wp-json\/wp\/v2\/pages\/2559\/revisions\/3566"}],"up":[{"embeddable":true,"href":"https:\/\/blog.edu.turku.fi\/molla\/wp-json\/wp\/v2\/pages\/591"}],"wp:attachment":[{"href":"https:\/\/blog.edu.turku.fi\/molla\/wp-json\/wp\/v2\/media?parent=2559"}],"curies":[{"name":"wp","href":"https:\/\/api.w.org\/{rel}","templated":true}]}}