{"id":248,"date":"2012-04-17T15:17:15","date_gmt":"2012-04-17T13:17:15","guid":{"rendered":"https:\/\/blog.edu.turku.fi\/molla\/?page_id=248"},"modified":"2018-12-18T15:09:35","modified_gmt":"2018-12-18T13:09:35","slug":"tabletit-2","status":"publish","type":"page","link":"https:\/\/blog.edu.turku.fi\/molla\/opetus\/tabletit-2\/","title":{"rendered":"Android-tabletit"},"content":{"rendered":"<figure style=\"width: 343px\" class=\"wp-caption alignnone\"><img loading=\"lazy\" decoding=\"async\" title=\"IMG_0167\" src=\"https:\/\/blog.edu.turku.fi\/molla\/files\/2012\/04\/IMG_0167.jpg\" alt=\"\" width=\"343\" height=\"226\"><figcaption class=\"wp-caption-text\">Lippujen v\u00e4rityst\u00e4 Zebra Paint -appsilla.<\/figcaption><\/figure>\n<p>Molla-hankkeessa toimiville Suotorpankujan ja It\u00e4harjun p\u00e4iv\u00e4hoitoyksik\u00f6ille hankittiin Android-pohjaisia Acer Iconia A500 -tabletteja.<\/p>\n<p>Laitteet muodostavat verkkoyhteyden wlan-tukiaseman avulla. Tableteille luotiin yksikk\u00f6kohtainen Gmail-tunnus, jonka avulla muun muassa Google Play -sovelluskaupan k\u00e4ytt\u00f6 sek\u00e4 tiedostojen jako ja yhteisk\u00e4ytt\u00f6 Dropboxin avulla on helppoa. Lis\u00e4ksi laitteisiin asennettiin tarvittavat p\u00e4ivitykset ja joitakin sovelluksia ennen luovutusta p\u00e4iv\u00e4kotik\u00e4ytt\u00f6\u00f6n. Alla tarkemmin laitteiden k\u00e4ytt\u00f6\u00f6notosta ja opetusk\u00e4yt\u00f6st\u00e4.<\/p>\n<p><a href=\"https:\/\/blog.edu.turku.fi\/molla\/2013\/04\/11\/molla-abc\/\">Molla ABC -kirjain ja numeropeli tableteille ja pc:lle<\/a>&nbsp;&#8211;&nbsp;<a href=\"http:\/\/nordicedu.com\/molla\/\" target=\"_blank\" rel=\"noopener\">LATAA PELI ILMAISEKSI T\u00c4ST\u00c4<\/a>!<\/p>\n<p><a href=\"https:\/\/blog.edu.turku.fi\/molla\/2013\/03\/27\/kirjain-ja-numeropeli-testauksessa\/\">Mollan kirjainpeli testauksessa<\/a><\/p>\n<p><a href=\"https:\/\/blog.edu.turku.fi\/molla\/2013\/03\/01\/kirjainpeli\/\">Molla ja NordicEdu kehitt\u00e4v\u00e4t kirjainpeli\u00e4 tekstauskirjainten harjoitteluun<\/a><\/p>\n<p><a href=\"https:\/\/blog.edu.turku.fi\/molla\/2012\/11\/09\/eskarit-mukaan-oppimispelien-kehittamiseen\/\">Eskarit mukaan tablet-oppimispelien kehitt\u00e4miseen<\/a><\/p>\n<p><a href=\"https:\/\/blog.edu.turku.fi\/molla\/2012\/05\/14\/tablet-kokemusten-jakamista-ja-ideointia\/\">Tablet-laitteet opetuksessa<\/a><\/p>\n<p><a href=\"https:\/\/blog.edu.turku.fi\/molla\/2012\/02\/22\/tablet-laitteet-paivakoteihin-2\/\">Tablet-laitteiden k\u00e4ytt\u00f6\u00f6notto p\u00e4iv\u00e4kodeissa<\/a><\/p>\n<p><a href=\"https:\/\/blog.edu.turku.fi\/molla\/2012\/01\/17\/laitteet-toimituksessa\/\">Laitteet toimituksessa<\/a><\/p>\n<p><a href=\"https:\/\/blog.edu.turku.fi\/molla\/2011\/10\/19\/tabletteja-testauksessa\/\">Tablet-laitteita testauksessa<\/a><\/p>\n<p>&nbsp;<\/p>\n<p>&nbsp;<\/p>\n<p>Hankkeessa on kokeiltu mm. seuraavia ilmaisia sovelluksia:<\/p>\n<p><strong>123s ABCs<\/strong> \u2013 kirjaimien ja numeroiden harjoittelu kosketusn\u00e4yt\u00f6n avulla\/kosketusn\u00e4ytt\u00f6\u00f6n piirt\u00e4m\u00e4ll\u00e4<strong><br \/>\nAndromedia<\/strong> &#8211; videoeditointi<strong><br \/>\nCartoon Camera<\/strong> &#8211; sarjakuvakamera (muuttaa kuvattavan n\u00e4kym\u00e4n piirroskuvaksi)<strong><br \/>\nDropBox<\/strong> \u2013 tiedostojen tallentaminen, jakaminen ja yhteisk\u00e4ytt\u00f6 tablettien ja muiden tietokoneiden v\u00e4lill\u00e4<strong><br \/>\nEasy Sound Recorder<\/strong> &#8211; \u00e4\u00e4ninauhuri<br \/>\n<strong><a href=\"http:\/\/www.lukimat.fi\/lukeminen\/materiaalit\/ekapeli\/ekapeli-alku\" target=\"_blank\" rel=\"noopener\">EkapeliAlku<\/a><\/strong> &#8211; esikouluik\u00e4isille suunnattu&nbsp;kirjain-\u00e4\u00e4nne -yhteyksien harjoitteluun kehitetty oppimispeli, maksuton<br \/>\n<strong>Elokuvastudio<\/strong> &#8211; kuvatarinoiden ja videoiden koostamiseen<strong><br \/>\nEvernote<\/strong> \u2013 ohjelma muistiinpanojen tekemiseen<strong><br \/>\nFireFox<\/strong> &#8211; selain<strong><br \/>\nGoogle Earth<\/strong> -tabletsovellus &#8211; karttapalvelu, joka yhdist\u00e4\u00e4 satelliitti- ja ilmakuvia sek\u00e4 paikkatietoja muodostaen maapallosta kolmiulotteisen kuvan<strong><br \/>\nGoogle Docs<\/strong> -tabletsovellus \u2013 luo, muokkaa, lataa ja jaa asiakirjoja<strong><br \/>\nKids Paint<\/strong> \u2013 piirto-ohjelma<strong><br \/>\nKultakutri ja kolme karhua<\/strong> \u2013 satukirja<br \/>\n<strong>Lolan Aakkosjuna (free)<br \/>\n<\/strong><strong>Lolan matikkajuna (Lite)<br \/>\n<\/strong><strong>Lolan Hedelm\u00e4sudoku<br \/>\n<\/strong><strong>Lola rannalla -palapeli (Lite)<br \/>\n<\/strong><strong>Molla ABC &#8211; <\/strong>kirjain- ja numeropeli tekstauskirjainten piirt\u00e4misen harjoitteluun<strong><br \/>\n<\/strong><strong>MX Video Player<\/strong> (+kodekki) \u2013 videoiden katselu<br \/>\n<strong>Opera<\/strong> &#8211; selain<br \/>\n<strong>Paint Joy<\/strong> \u2013 piirto-ohjelma, jonka avulla kuvantekoprosessin voi tallentaa ja toistaa<br \/>\n<strong>PicSay<\/strong> &#8211; kuvatarinoita kuvan, efektien ja puhekuplien avulla<br \/>\n<strong>Skitch<\/strong> \u2013 lis\u00e4\u00e4 kuviin nuolia, teksti\u00e4 ja muita omia merkint\u00f6j\u00e4<br \/>\n<strong>Zebra Paint<\/strong> \u2013 v\u00e4ritysohjelma, jossa paljon valmiita pohjia<\/p>\n<p>&nbsp;<\/p>\n<p>&nbsp;<\/p>\n<p><a href=\"https:\/\/blog.edu.turku.fi\/molla\/\">Etusivulle<\/a><\/p>\n<p>&nbsp;<\/p>\n<p>&nbsp;<\/p>\n<p>&nbsp;<\/p>\n<p>&nbsp;<\/p>\n","protected":false},"excerpt":{"rendered":"<p>Molla-hankkeessa toimiville Suotorpankujan ja It\u00e4harjun p\u00e4iv\u00e4hoitoyksik\u00f6ille hankittiin Android-pohjaisia Acer Iconia A500 -tabletteja. Laitteet muodostavat verkkoyhteyden wlan-tukiaseman avulla. Tableteille luotiin yksikk\u00f6kohtainen Gmail-tunnus, jonka avulla muun muassa Google Play -sovelluskaupan k\u00e4ytt\u00f6 sek\u00e4 tiedostojen jako ja yhteisk\u00e4ytt\u00f6 Dropboxin avulla on helppoa. Lis\u00e4ksi laitteisiin asennettiin tarvittavat p\u00e4ivitykset ja joitakin sovelluksia ennen luovutusta p\u00e4iv\u00e4kotik\u00e4ytt\u00f6\u00f6n. Alla tarkemmin laitteiden k\u00e4ytt\u00f6\u00f6notosta ja opetusk\u00e4yt\u00f6st\u00e4. &hellip; <a href=\"https:\/\/blog.edu.turku.fi\/molla\/opetus\/tabletit-2\/\" class=\"more-link\">Jatka lukemista <span class=\"screen-reader-text\">Android-tabletit<\/span> <span class=\"meta-nav\">&rarr;<\/span><\/a><\/p>\n","protected":false},"author":80,"featured_media":0,"parent":591,"menu_order":3,"comment_status":"closed","ping_status":"closed","template":"","meta":{"ngg_post_thumbnail":0,"footnotes":""},"class_list":["post-248","page","type-page","status-publish","hentry"],"_links":{"self":[{"href":"https:\/\/blog.edu.turku.fi\/molla\/wp-json\/wp\/v2\/pages\/248","targetHints":{"allow":["GET"]}}],"collection":[{"href":"https:\/\/blog.edu.turku.fi\/molla\/wp-json\/wp\/v2\/pages"}],"about":[{"href":"https:\/\/blog.edu.turku.fi\/molla\/wp-json\/wp\/v2\/types\/page"}],"author":[{"embeddable":true,"href":"https:\/\/blog.edu.turku.fi\/molla\/wp-json\/wp\/v2\/users\/80"}],"replies":[{"embeddable":true,"href":"https:\/\/blog.edu.turku.fi\/molla\/wp-json\/wp\/v2\/comments?post=248"}],"version-history":[{"count":45,"href":"https:\/\/blog.edu.turku.fi\/molla\/wp-json\/wp\/v2\/pages\/248\/revisions"}],"predecessor-version":[{"id":3301,"href":"https:\/\/blog.edu.turku.fi\/molla\/wp-json\/wp\/v2\/pages\/248\/revisions\/3301"}],"up":[{"embeddable":true,"href":"https:\/\/blog.edu.turku.fi\/molla\/wp-json\/wp\/v2\/pages\/591"}],"wp:attachment":[{"href":"https:\/\/blog.edu.turku.fi\/molla\/wp-json\/wp\/v2\/media?parent=248"}],"curies":[{"name":"wp","href":"https:\/\/api.w.org\/{rel}","templated":true}]}}