{"id":2365,"date":"2015-11-25T13:17:45","date_gmt":"2015-11-25T11:17:45","guid":{"rendered":"https:\/\/blog.edu.turku.fi\/molla\/?page_id=2365"},"modified":"2019-02-20T21:01:45","modified_gmt":"2019-02-20T19:01:45","slug":"joulukalenteri","status":"publish","type":"page","link":"https:\/\/blog.edu.turku.fi\/molla\/opetus\/joulukalenteri\/","title":{"rendered":"Joulukalenteri 2016"},"content":{"rendered":"<p style=\"text-align: center;\"><a href=\"https:\/\/www.youtube.com\/watch?v=DOqnTULtcTE\" target=\"_blank\" rel=\"noopener\"><img loading=\"lazy\" decoding=\"async\" class=\"alignnone wp-image-2374\" src=\"https:\/\/blog.edu.turku.fi\/molla\/files\/2015\/11\/2-150x150.png\" alt=\"2\" width=\"82\" height=\"82\" srcset=\"https:\/\/blog.edu.turku.fi\/molla\/files\/2015\/11\/2-150x150.png 150w, https:\/\/blog.edu.turku.fi\/molla\/files\/2015\/11\/2-300x298.png 300w, https:\/\/blog.edu.turku.fi\/molla\/files\/2015\/11\/2-80x80.png 80w, https:\/\/blog.edu.turku.fi\/molla\/files\/2015\/11\/2.png 328w\" sizes=\"auto, (max-width: 82px) 100vw, 82px\" \/><\/a>&nbsp;<a href=\"http:\/\/kirjasto.poytya.fi\/satuvisa13.html\" target=\"_blank\" rel=\"noopener\"><img loading=\"lazy\" decoding=\"async\" class=\"alignnone wp-image-2380\" src=\"https:\/\/blog.edu.turku.fi\/molla\/files\/2015\/11\/10-150x150.png\" alt=\"10\" width=\"82\" height=\"82\" srcset=\"https:\/\/blog.edu.turku.fi\/molla\/files\/2015\/11\/10-150x150.png 150w, https:\/\/blog.edu.turku.fi\/molla\/files\/2015\/11\/10-300x297.png 300w, https:\/\/blog.edu.turku.fi\/molla\/files\/2015\/11\/10-80x80.png 80w, https:\/\/blog.edu.turku.fi\/molla\/files\/2015\/11\/10.png 323w\" sizes=\"auto, (max-width: 82px) 100vw, 82px\" \/><\/a>&nbsp;<a href=\"http:\/\/oppiminen.yle.fi\/nisakkaat\/hirvielaimet\/poro-on-puolikesy-hirvielain\" target=\"_blank\" rel=\"noopener\"><img loading=\"lazy\" decoding=\"async\" class=\"wp-image-2375 alignnone\" src=\"https:\/\/blog.edu.turku.fi\/molla\/files\/2015\/11\/4-150x150.png\" alt=\"4\" width=\"81\" height=\"81\" srcset=\"https:\/\/blog.edu.turku.fi\/molla\/files\/2015\/11\/4-150x150.png 150w, https:\/\/blog.edu.turku.fi\/molla\/files\/2015\/11\/4-80x80.png 80w\" sizes=\"auto, (max-width: 81px) 100vw, 81px\" \/><\/a>&nbsp;<a href=\"http:\/\/vikki.pp.fi\/BirgitMummu\/Animaatiot\/Joulu\/Hauskat\/PukinRuoka.gif\" target=\"_blank\" rel=\"noopener\"><img loading=\"lazy\" decoding=\"async\" class=\"wp-image-2405 alignnone\" src=\"https:\/\/blog.edu.turku.fi\/molla\/files\/2015\/11\/20-150x150.png\" alt=\"20\" width=\"81\" height=\"81\" srcset=\"https:\/\/blog.edu.turku.fi\/molla\/files\/2015\/11\/20-150x150.png 150w, https:\/\/blog.edu.turku.fi\/molla\/files\/2015\/11\/20-300x300.png 300w, https:\/\/blog.edu.turku.fi\/molla\/files\/2015\/11\/20-80x80.png 80w, https:\/\/blog.edu.turku.fi\/molla\/files\/2015\/11\/20.png 323w\" sizes=\"auto, (max-width: 81px) 100vw, 81px\" \/>&nbsp;<\/a><\/p>\n<p style=\"text-align: center;\"><a href=\"http:\/\/res.freestockphotos.biz\/pictures\/9\/9160-christmas-shaped-gingerbread-cookies-pv.jpg\" target=\"_blank\" rel=\"noopener\"><img loading=\"lazy\" decoding=\"async\" class=\"alignnone wp-image-2376\" src=\"https:\/\/blog.edu.turku.fi\/molla\/files\/2015\/11\/5-150x150.png\" alt=\"5\" width=\"80\" height=\"81\" srcset=\"https:\/\/blog.edu.turku.fi\/molla\/files\/2015\/11\/5-150x150.png 150w, https:\/\/blog.edu.turku.fi\/molla\/files\/2015\/11\/5-80x80.png 80w\" sizes=\"auto, (max-width: 80px) 100vw, 80px\" \/><\/a>&nbsp;<a href=\"http:\/\/yle.fi\/aihe\/artikkeli\/2006\/12\/20\/hamalainen-joulusauna?page=2\" target=\"_blank\" rel=\"noopener\"><img loading=\"lazy\" decoding=\"async\" class=\"alignnone wp-image-2386\" src=\"https:\/\/blog.edu.turku.fi\/molla\/files\/2015\/11\/17-150x150.png\" alt=\"17\" width=\"81\" height=\"81\" srcset=\"https:\/\/blog.edu.turku.fi\/molla\/files\/2015\/11\/17-150x150.png 150w, https:\/\/blog.edu.turku.fi\/molla\/files\/2015\/11\/17-80x80.png 80w\" sizes=\"auto, (max-width: 81px) 100vw, 81px\" \/><\/a>&nbsp;<a href=\"https:\/\/www.turku.fi\/joulukaupunki\/joulurauha\" target=\"_blank\" rel=\"noopener\"><img loading=\"lazy\" decoding=\"async\" class=\"alignnone wp-image-2384\" src=\"https:\/\/blog.edu.turku.fi\/molla\/files\/2015\/11\/15-150x150.png\" alt=\"15\" width=\"81\" height=\"81\" srcset=\"https:\/\/blog.edu.turku.fi\/molla\/files\/2015\/11\/15-150x150.png 150w, https:\/\/blog.edu.turku.fi\/molla\/files\/2015\/11\/15-80x80.png 80w, https:\/\/blog.edu.turku.fi\/molla\/files\/2015\/11\/15.png 325w\" sizes=\"auto, (max-width: 81px) 100vw, 81px\" \/><\/a>&nbsp;<a href=\"https:\/\/www.turku.fi\/joulukaupunki\/lucian-paiva\" target=\"_blank\" rel=\"noopener\"><img loading=\"lazy\" decoding=\"async\" class=\"wp-image-2401 alignnone\" src=\"https:\/\/blog.edu.turku.fi\/molla\/files\/2015\/11\/13-150x150.png\" alt=\"13\" width=\"81\" height=\"81\" srcset=\"https:\/\/blog.edu.turku.fi\/molla\/files\/2015\/11\/13-150x150.png 150w, https:\/\/blog.edu.turku.fi\/molla\/files\/2015\/11\/13-300x295.png 300w, https:\/\/blog.edu.turku.fi\/molla\/files\/2015\/11\/13-80x80.png 80w, https:\/\/blog.edu.turku.fi\/molla\/files\/2015\/11\/13.png 329w\" sizes=\"auto, (max-width: 81px) 100vw, 81px\" \/><\/a>&nbsp;<\/p>\n<p style=\"text-align: center;\"><a href=\"http:\/\/www.satunetti.fi\/sadut\/satu13.mp3\" target=\"_blank\" rel=\"noopener\"><img loading=\"lazy\" decoding=\"async\" class=\"wp-image-2383 alignnone\" src=\"https:\/\/blog.edu.turku.fi\/molla\/files\/2015\/11\/14-150x150.png\" alt=\"14\" width=\"81\" height=\"81\" srcset=\"https:\/\/blog.edu.turku.fi\/molla\/files\/2015\/11\/14-150x150.png 150w, https:\/\/blog.edu.turku.fi\/molla\/files\/2015\/11\/14-300x296.png 300w, https:\/\/blog.edu.turku.fi\/molla\/files\/2015\/11\/14-80x80.png 80w, https:\/\/blog.edu.turku.fi\/molla\/files\/2015\/11\/14.png 326w\" sizes=\"auto, (max-width: 81px) 100vw, 81px\" \/>&nbsp;<\/a><a href=\"http:\/\/www.satunetti.fi\/sadut\/satu22.mp3\" target=\"_blank\" rel=\"noopener\"><img loading=\"lazy\" decoding=\"async\" class=\"wp-image-2392 alignnone\" src=\"https:\/\/blog.edu.turku.fi\/molla\/files\/2015\/11\/1-150x150.png\" alt=\"1\" width=\"80\" height=\"80\" srcset=\"https:\/\/blog.edu.turku.fi\/molla\/files\/2015\/11\/1-150x150.png 150w, https:\/\/blog.edu.turku.fi\/molla\/files\/2015\/11\/1-80x80.png 80w\" sizes=\"auto, (max-width: 80px) 100vw, 80px\" \/><\/a>&nbsp;<a href=\"http:\/\/www.tunturisusi.com\/joulu\/peli5.htm\"><img loading=\"lazy\" decoding=\"async\" class=\"alignnone wp-image-2388\" src=\"https:\/\/blog.edu.turku.fi\/molla\/files\/2015\/11\/19-150x150.png\" alt=\"19\" width=\"82\" height=\"82\" srcset=\"https:\/\/blog.edu.turku.fi\/molla\/files\/2015\/11\/19-150x150.png 150w, https:\/\/blog.edu.turku.fi\/molla\/files\/2015\/11\/19-300x295.png 300w, https:\/\/blog.edu.turku.fi\/molla\/files\/2015\/11\/19-80x80.png 80w, https:\/\/blog.edu.turku.fi\/molla\/files\/2015\/11\/19.png 326w\" sizes=\"auto, (max-width: 82px) 100vw, 82px\" \/><\/a>&nbsp;<a style=\"color: #ea9629; text-decoration-line: underline; outline: 0px;\" href=\"https:\/\/yle.fi\/uutiset\/3-9311042\" target=\"_blank\" rel=\"noopener\"><img loading=\"lazy\" decoding=\"async\" class=\"alignnone wp-image-2400\" src=\"https:\/\/blog.edu.turku.fi\/molla\/files\/2015\/11\/8-150x150.png\" alt=\"8\" width=\"83\" height=\"82\" srcset=\"https:\/\/blog.edu.turku.fi\/molla\/files\/2015\/11\/8-150x150.png 150w, https:\/\/blog.edu.turku.fi\/molla\/files\/2015\/11\/8-300x293.png 300w, https:\/\/blog.edu.turku.fi\/molla\/files\/2015\/11\/8-80x80.png 80w, https:\/\/blog.edu.turku.fi\/molla\/files\/2015\/11\/8.png 327w\" sizes=\"auto, (max-width: 83px) 100vw, 83px\" \/><\/a><\/p>\n<p style=\"text-align: center;\"><a href=\"http:\/\/www.tunturisusi.com\/joulu\/pelit.htm\" target=\"_blank\" rel=\"noopener\"><img loading=\"lazy\" decoding=\"async\" class=\"wp-image-2378 alignnone\" src=\"https:\/\/blog.edu.turku.fi\/molla\/files\/2015\/11\/7-150x150.png\" alt=\"7\" width=\"83\" height=\"83\" srcset=\"https:\/\/blog.edu.turku.fi\/molla\/files\/2015\/11\/7-150x150.png 150w, https:\/\/blog.edu.turku.fi\/molla\/files\/2015\/11\/7-80x80.png 80w\" sizes=\"auto, (max-width: 83px) 100vw, 83px\" \/><\/a>&nbsp;<a href=\"https:\/\/yle.fi\/aihe\/artikkeli\/2014\/12\/01\/karvakuonojen-ensimmainen-joulu\"><img loading=\"lazy\" decoding=\"async\" class=\"alignnone wp-image-2382\" src=\"https:\/\/blog.edu.turku.fi\/molla\/files\/2015\/11\/12-150x150.png\" alt=\"12\" width=\"81\" height=\"81\" srcset=\"https:\/\/blog.edu.turku.fi\/molla\/files\/2015\/11\/12-150x150.png 150w, https:\/\/blog.edu.turku.fi\/molla\/files\/2015\/11\/12-80x80.png 80w\" sizes=\"auto, (max-width: 81px) 100vw, 81px\" \/><\/a>&nbsp;<a href=\"http:\/\/oppiminen.yle.fi\/juhlapaivat\/itsenaisyyspaiva-612\" target=\"_blank\" rel=\"noopener\"><img loading=\"lazy\" decoding=\"async\" class=\"alignnone wp-image-2377\" src=\"https:\/\/blog.edu.turku.fi\/molla\/files\/2015\/11\/6-150x150.png\" alt=\"6\" width=\"82\" height=\"82\" srcset=\"https:\/\/blog.edu.turku.fi\/molla\/files\/2015\/11\/6-150x150.png 150w, https:\/\/blog.edu.turku.fi\/molla\/files\/2015\/11\/6-80x80.png 80w\" sizes=\"auto, (max-width: 82px) 100vw, 82px\" \/><\/a>&nbsp;<a href=\"https:\/\/blog.edu.turku.fi\/molla\/files\/2015\/11\/varityskuva.png\" target=\"_blank\" rel=\"noopener\"><img loading=\"lazy\" decoding=\"async\" class=\"wp-image-2402 alignnone\" src=\"https:\/\/blog.edu.turku.fi\/molla\/files\/2015\/11\/21-150x150.png\" alt=\"21\" width=\"82\" height=\"82\" srcset=\"https:\/\/blog.edu.turku.fi\/molla\/files\/2015\/11\/21-150x150.png 150w, https:\/\/blog.edu.turku.fi\/molla\/files\/2015\/11\/21-300x296.png 300w, https:\/\/blog.edu.turku.fi\/molla\/files\/2015\/11\/21-80x80.png 80w, https:\/\/blog.edu.turku.fi\/molla\/files\/2015\/11\/21.png 325w\" sizes=\"auto, (max-width: 82px) 100vw, 82px\" \/><\/a>&nbsp;<\/p>\n<p style=\"text-align: center;\"><a href=\"http:\/\/www.santaclausvillage.info\/fi\/videot\/joulupukki-poro-rekiajelu\/\" target=\"_blank\" rel=\"noopener\"><img loading=\"lazy\" decoding=\"async\" class=\"wp-image-2381 alignnone\" src=\"https:\/\/blog.edu.turku.fi\/molla\/files\/2015\/11\/11-150x150.png\" alt=\"11\" width=\"82\" height=\"81\" srcset=\"https:\/\/blog.edu.turku.fi\/molla\/files\/2015\/11\/11-150x150.png 150w, https:\/\/blog.edu.turku.fi\/molla\/files\/2015\/11\/11-300x293.png 300w, https:\/\/blog.edu.turku.fi\/molla\/files\/2015\/11\/11-80x80.png 80w, https:\/\/blog.edu.turku.fi\/molla\/files\/2015\/11\/11.png 326w\" sizes=\"auto, (max-width: 82px) 100vw, 82px\" \/><\/a>&nbsp;<a href=\"https:\/\/www.youtube.com\/watch?v=OvHmXgk2g6Y\" target=\"_blank\" rel=\"noopener\"><img loading=\"lazy\" decoding=\"async\" class=\"alignnone wp-image-2390\" src=\"https:\/\/blog.edu.turku.fi\/molla\/files\/2015\/11\/24-150x150.png\" alt=\"24\" width=\"82\" height=\"82\" srcset=\"https:\/\/blog.edu.turku.fi\/molla\/files\/2015\/11\/24-150x150.png 150w, https:\/\/blog.edu.turku.fi\/molla\/files\/2015\/11\/24-80x80.png 80w\" sizes=\"auto, (max-width: 82px) 100vw, 82px\" \/>&nbsp;<\/a><a href=\"http:\/\/birgitmummu.vikki.fi\/Joulu\/AnimaatioISOT\/Ikkuna\/Ikkuna3.gif\" target=\"_blank\" rel=\"noopener\"><img loading=\"lazy\" decoding=\"async\" class=\"wp-image-2387 alignnone\" src=\"https:\/\/blog.edu.turku.fi\/molla\/files\/2015\/11\/18-150x150.png\" alt=\"18\" width=\"83\" height=\"83\" srcset=\"https:\/\/blog.edu.turku.fi\/molla\/files\/2015\/11\/18-150x150.png 150w, https:\/\/blog.edu.turku.fi\/molla\/files\/2015\/11\/18-80x80.png 80w\" sizes=\"auto, (max-width: 83px) 100vw, 83px\" \/><\/a>&nbsp;<a href=\"https:\/\/santaclausvillage.info\/fi\/video\/joulupukin-tervehdys-napapiiri-pajakyla\/\"><img loading=\"lazy\" decoding=\"async\" class=\"alignnone wp-image-2403\" src=\"https:\/\/blog.edu.turku.fi\/molla\/files\/2015\/11\/23-150x150.png\" alt=\"23\" width=\"81\" height=\"81\" srcset=\"https:\/\/blog.edu.turku.fi\/molla\/files\/2015\/11\/23-150x150.png 150w, https:\/\/blog.edu.turku.fi\/molla\/files\/2015\/11\/23-300x298.png 300w, https:\/\/blog.edu.turku.fi\/molla\/files\/2015\/11\/23-80x80.png 80w, https:\/\/blog.edu.turku.fi\/molla\/files\/2015\/11\/23.png 325w\" sizes=\"auto, (max-width: 81px) 100vw, 81px\" \/><\/a>&nbsp;<\/p>\n<p style=\"text-align: center;\"><a href=\"http:\/\/www.luontoportti.com\/suomi\/fi\/linnut\/punatulkku\" target=\"_blank\" rel=\"noopener\"><img loading=\"lazy\" decoding=\"async\" class=\"wp-image-2379 alignnone\" src=\"https:\/\/blog.edu.turku.fi\/molla\/files\/2015\/11\/9-150x150.png\" alt=\"9\" width=\"83\" height=\"83\" srcset=\"https:\/\/blog.edu.turku.fi\/molla\/files\/2015\/11\/9-150x150.png 150w, https:\/\/blog.edu.turku.fi\/molla\/files\/2015\/11\/9-300x295.png 300w, https:\/\/blog.edu.turku.fi\/molla\/files\/2015\/11\/9-80x80.png 80w, https:\/\/blog.edu.turku.fi\/molla\/files\/2015\/11\/9.png 325w\" sizes=\"auto, (max-width: 83px) 100vw, 83px\" \/><\/a><a href=\"http:\/\/oppiminen.yle.fi\/juhlapaivat\/itsenaisyyspaiva-612\" target=\"_blank\" rel=\"noopener\">&nbsp;<\/a><a href=\"https:\/\/blog.edu.turku.fi\/molla\/files\/2015\/11\/lumiukko.png\"><img loading=\"lazy\" decoding=\"async\" class=\"alignnone wp-image-2385\" src=\"https:\/\/blog.edu.turku.fi\/molla\/files\/2015\/11\/16-150x150.png\" alt=\"16\" width=\"80\" height=\"80\" srcset=\"https:\/\/blog.edu.turku.fi\/molla\/files\/2015\/11\/16-150x150.png 150w, https:\/\/blog.edu.turku.fi\/molla\/files\/2015\/11\/16-300x295.png 300w, https:\/\/blog.edu.turku.fi\/molla\/files\/2015\/11\/16-80x80.png 80w, https:\/\/blog.edu.turku.fi\/molla\/files\/2015\/11\/16.png 325w\" sizes=\"auto, (max-width: 80px) 100vw, 80px\" \/><\/a>&nbsp;<a href=\"http:\/\/yle.fi\/aihe\/artikkeli\/2006\/12\/13\/tiernapojat\" target=\"_blank\" rel=\"noopener\"><img loading=\"lazy\" decoding=\"async\" class=\"wp-image-2389 alignnone\" src=\"https:\/\/blog.edu.turku.fi\/molla\/files\/2015\/11\/22-150x150.png\" alt=\"22\" width=\"83\" height=\"83\" srcset=\"https:\/\/blog.edu.turku.fi\/molla\/files\/2015\/11\/22-150x150.png 150w, https:\/\/blog.edu.turku.fi\/molla\/files\/2015\/11\/22-80x80.png 80w\" sizes=\"auto, (max-width: 83px) 100vw, 83px\" \/><\/a>&nbsp;<a href=\"http:\/\/joululaulut.blogspot.fi\/2010\/11\/petteri-punakuono-sanat-lyrics.html\" target=\"_blank\" rel=\"noopener\"><img loading=\"lazy\" decoding=\"async\" class=\"wp-image-2404 alignnone\" src=\"https:\/\/blog.edu.turku.fi\/molla\/files\/2015\/11\/3-150x150.png\" alt=\"3\" width=\"82\" height=\"82\" srcset=\"https:\/\/blog.edu.turku.fi\/molla\/files\/2015\/11\/3-150x150.png 150w, https:\/\/blog.edu.turku.fi\/molla\/files\/2015\/11\/3-80x80.png 80w\" sizes=\"auto, (max-width: 82px) 100vw, 82px\" \/><\/a><\/p>\n<p style=\"text-align: center;\">&nbsp;&nbsp;&nbsp;<\/p>\n<ol>\n<li>Tiina tonttutytt\u00f6 -\u00e4\u00e4nisatu (kuva tarinan taustalle, esim.&nbsp;<a href=\"http:\/\/2.bp.blogspot.com\/-mzbh62jOWzk\/VBFD-u2VqQI\/AAAAAAAAEpE\/wMvB5AqK2kM\/s1600\/tiina_tonttu.JPG\">t\u00e4\u00e4lt\u00e4<\/a>&nbsp;)<\/li>\n<li>Joulutontut (video)<\/li>\n<li>Petteri Punakuono -laulu<\/li>\n<li>Tietoa poroista + video<\/li>\n<li>Piparkakkukuva<\/li>\n<li>Tietoa itsen\u00e4isyysp\u00e4iv\u00e4st\u00e4<\/li>\n<li>Jouluinen minipeli (pelataan tietokoneen nuoli-n\u00e4pp\u00e4imill\u00e4)<\/li>\n<li>Turun tuomiokirkko ja joulukuusi (video kuusen pystytyksest\u00e4)<\/li>\n<li>Punatulkku (kuvia, \u00e4\u00e4ni, tietoa)<\/li>\n<li>Mets\u00e4n joulu \u2013 satu (teksti ja kuvat)<\/li>\n<li>Joulupukin rekiajelu -video<\/li>\n<li>Karvakuonojen joulu<\/li>\n<li>Lucian p\u00e4iv\u00e4 (tietoa ja kuvia)<\/li>\n<li>Pakkassatu (\u00e4\u00e4neen luettu)<\/li>\n<li>Tietoa joulurauhasta<\/li>\n<li>Kuinka monta ympyr\u00e4\u00e4 l\u00f6yd\u00e4t lumiukkokuvasta?<\/li>\n<li>Joulusauna (video ja tietoa)<\/li>\n<li>Lunta sataa (animaatio)<\/li>\n<li>Joulupeli (pelataan nuolin\u00e4pp\u00e4imill\u00e4)<\/li>\n<li>Joupukki ruokailee (animaatio)<\/li>\n<li>Jouluinen v\u00e4rityskuva (voidaan v\u00e4ritt\u00e4\u00e4 esim. kosketustaululla tai tulostaa)<\/li>\n<li>Tiernapojat (video)<\/li>\n<li>Joulupukin joulutervehdys (video)<\/li>\n<li>Soihdut sammuu (tip-tap, laulu ja video)<\/li>\n<\/ol>\n","protected":false},"excerpt":{"rendered":"<p>&nbsp;&nbsp;&nbsp;&nbsp; &nbsp;&nbsp;&nbsp;&nbsp; &nbsp;&nbsp;&nbsp; &nbsp;&nbsp;&nbsp;&nbsp; &nbsp;&nbsp;&nbsp;&nbsp; &nbsp;&nbsp;&nbsp; &nbsp;&nbsp;&nbsp; Tiina tonttutytt\u00f6 -\u00e4\u00e4nisatu (kuva tarinan taustalle, esim.&nbsp;t\u00e4\u00e4lt\u00e4&nbsp;) Joulutontut (video) Petteri Punakuono -laulu Tietoa poroista + video Piparkakkukuva Tietoa itsen\u00e4isyysp\u00e4iv\u00e4st\u00e4 Jouluinen minipeli (pelataan tietokoneen nuoli-n\u00e4pp\u00e4imill\u00e4) Turun tuomiokirkko ja joulukuusi (video kuusen pystytyksest\u00e4) Punatulkku (kuvia, \u00e4\u00e4ni, tietoa) Mets\u00e4n joulu \u2013 satu (teksti ja kuvat) Joulupukin rekiajelu -video Karvakuonojen joulu Lucian &hellip; <a href=\"https:\/\/blog.edu.turku.fi\/molla\/opetus\/joulukalenteri\/\" class=\"more-link\">Jatka lukemista <span class=\"screen-reader-text\">Joulukalenteri 2016<\/span> <span class=\"meta-nav\">&rarr;<\/span><\/a><\/p>\n","protected":false},"author":9,"featured_media":0,"parent":591,"menu_order":15,"comment_status":"closed","ping_status":"closed","template":"","meta":{"ngg_post_thumbnail":0,"footnotes":""},"class_list":["post-2365","page","type-page","status-publish","hentry"],"_links":{"self":[{"href":"https:\/\/blog.edu.turku.fi\/molla\/wp-json\/wp\/v2\/pages\/2365","targetHints":{"allow":["GET"]}}],"collection":[{"href":"https:\/\/blog.edu.turku.fi\/molla\/wp-json\/wp\/v2\/pages"}],"about":[{"href":"https:\/\/blog.edu.turku.fi\/molla\/wp-json\/wp\/v2\/types\/page"}],"author":[{"embeddable":true,"href":"https:\/\/blog.edu.turku.fi\/molla\/wp-json\/wp\/v2\/users\/9"}],"replies":[{"embeddable":true,"href":"https:\/\/blog.edu.turku.fi\/molla\/wp-json\/wp\/v2\/comments?post=2365"}],"version-history":[{"count":76,"href":"https:\/\/blog.edu.turku.fi\/molla\/wp-json\/wp\/v2\/pages\/2365\/revisions"}],"predecessor-version":[{"id":3665,"href":"https:\/\/blog.edu.turku.fi\/molla\/wp-json\/wp\/v2\/pages\/2365\/revisions\/3665"}],"up":[{"embeddable":true,"href":"https:\/\/blog.edu.turku.fi\/molla\/wp-json\/wp\/v2\/pages\/591"}],"wp:attachment":[{"href":"https:\/\/blog.edu.turku.fi\/molla\/wp-json\/wp\/v2\/media?parent=2365"}],"curies":[{"name":"wp","href":"https:\/\/api.w.org\/{rel}","templated":true}]}}