{"id":2310,"date":"2015-09-29T15:00:23","date_gmt":"2015-09-29T13:00:23","guid":{"rendered":"https:\/\/blog.edu.turku.fi\/molla\/?page_id=2310"},"modified":"2018-05-08T11:44:11","modified_gmt":"2018-05-08T09:44:11","slug":"kosketustaulutehtavia","status":"publish","type":"page","link":"https:\/\/blog.edu.turku.fi\/molla\/opetus\/kosketustaulutehtavia\/","title":{"rendered":"Kosketustauluteht\u00e4vi\u00e4"},"content":{"rendered":"<p>Alla olevat teht\u00e4v\u00e4pohjat on tehty Molla-esiopetusryhmiss\u00e4 ja ne ovat vapaasti ladattavissa opettajien k\u00e4ytt\u00f6\u00f6n, ei-kaupallisiin tarkoituksiin.<\/p>\n<p>&nbsp;<\/p>\n<p>Promethean-taululle (Active Inspiren flipchart-tiedosto):<\/p>\n<p><a href=\"https:\/\/edumailturku-my.sharepoint.com\/:u:\/g\/personal\/smvist_edu_turku_fi\/EVUYtn4of_pBmEqllUh82FQB6KT7jzOZOt2zGKGAh1Hpfw?e=icJUus\" target=\"_blank\" rel=\"noopener\">Aamutiimi<\/a> (yhteinen aamun aloitus, l\u00e4sn\u00e4olijat,&nbsp;s\u00e4\u00e4tila, p\u00e4iv\u00e4-kuukausi-vuodenaika,&nbsp;p\u00e4iv\u00e4n ohjelma,&nbsp;p\u00e4iv\u00e4j\u00e4rjestys)<\/p>\n<p><a href=\"https:\/\/edumailturku-my.sharepoint.com\/:u:\/g\/personal\/smvist_edu_turku_fi\/EROZoryHNMJOhlA0la4AzRwBNx6AyuIQNPHtZFw7QN6bhQ?e=VOc63j\" target=\"_blank\" rel=\"noopener\">Aamutiimi 2<\/a>&nbsp;(yhteinen aamun aloitus, l\u00e4sn\u00e4olijat,&nbsp;s\u00e4\u00e4tila, p\u00e4iv\u00e4-kuukausi-vuodenaika,&nbsp;p\u00e4iv\u00e4n ohjelma,&nbsp;lukum\u00e4\u00e4r\u00e4teht\u00e4v\u00e4, alkukirjainteht\u00e4v\u00e4, salasana-teht\u00e4v\u00e4, hahmotusteht\u00e4v\u00e4)<\/p>\n<p><a href=\"https:\/\/edumailturku-my.sharepoint.com\/:u:\/g\/personal\/smvist_edu_turku_fi\/EewT2plMuyFDrjS6Awf6wSoBGbnBKK5iRgGabXcIr-eo5Q?e=yhKMEI\" target=\"_blank\" rel=\"noopener\">AA-II -teht\u00e4v\u00e4 <\/a>(k\u00e4yt\u00e4 esim. Activ Inspiren kohdevalo-toiminnolla: ty\u00f6kalut -&gt; kohdevalo. Etsi kohdevalolla kirjaimia.)<\/p>\n<p><a href=\"https:\/\/edumailturku-my.sharepoint.com\/:u:\/g\/personal\/smvist_edu_turku_fi\/ESbtZG-oP8BMkrP1oK6czFgByLcL4PDNowI1Sm_44VUaHw?e=8LuRA6\" target=\"_blank\" rel=\"noopener\">A-kirjainharjoitus<\/a><\/p>\n<p><a href=\"https:\/\/edumailturku-my.sharepoint.com\/:u:\/g\/personal\/smvist_edu_turku_fi\/EaRVhIdUCABHrG6vLpW6Q_ABTa7PFS5rzS9EqBEKIZ47_g?e=Ojfgtj\" target=\"_blank\" rel=\"noopener\">A-tunnistusteht\u00e4v\u00e4<\/a><\/p>\n<p><a href=\"https:\/\/edumailturku-my.sharepoint.com\/:u:\/g\/personal\/smvist_edu_turku_fi\/EafPAMNbJtxGtBzuGqBC1VcBU4QLvuMDDDfUvIcWPkFEow?e=glFBdm\" target=\"_blank\" rel=\"noopener\">AISO-harjoitus<\/a> (kirjaimet A,I,S,O)<\/p>\n<p><a href=\"https:\/\/edumailturku-my.sharepoint.com\/:u:\/g\/personal\/smvist_edu_turku_fi\/EdB-USwrzJRKrA0srEH1n7gB57FyKxv4e94anlU0MdWZvA?e=gxp7bt\" target=\"_blank\" rel=\"noopener\">Alkukirjain-harjoitus (el\u00e4imet)<\/a><\/p>\n<p><a href=\"https:\/\/edumailturku-my.sharepoint.com\/:u:\/g\/personal\/smvist_edu_turku_fi\/EcGNErKNI-5DuuP18zGQTZ8BJFUBgmL9WpFKab_zO3BTRw?e=pU4bjr\" target=\"_blank\" rel=\"noopener\">Rahank\u00e4ytt\u00f6<\/a><\/p>\n<p><a href=\"https:\/\/edumailturku-my.sharepoint.com\/:u:\/g\/personal\/smvist_edu_turku_fi\/ERY8dr0L-z9JpAA6FLkl4OwBDDdWFVKbL_czUDFGad55eQ?e=Qhbpbm\" target=\"_blank\" rel=\"noopener\">Plus ja miinus -teht\u00e4v\u00e4<\/a><\/p>\n<p><a href=\"https:\/\/edumailturku-my.sharepoint.com\/:u:\/g\/personal\/smvist_edu_turku_fi\/EfJ_giw_bChLklBx2r9phEEBrWeArQD_z0tXiabmjiGzmQ?e=mnayJf\" target=\"_blank\" rel=\"noopener\">Enemm\u00e4n vai v\u00e4hemm\u00e4n?<\/a> -teht\u00e4v\u00e4<\/p>\n<p><a href=\"https:\/\/edumailturku-my.sharepoint.com\/:u:\/g\/personal\/smvist_edu_turku_fi\/EVG0R2sk5mtMtdmXCX4qm9wBCODsnj7NBCazDGBh5Lgq7w?e=h0AqMP\" target=\"_blank\" rel=\"noopener\">Kulkuneuvojen \u00e4\u00e4net<\/a> -teht\u00e4v\u00e4<\/p>\n<p><a href=\"https:\/\/edumailturku-my.sharepoint.com\/:u:\/g\/personal\/smvist_edu_turku_fi\/EZHV1byUIqZCiB-cNjqO5U8BvI3VZAT7blkKni3doR0Vsw?e=ypRiXz\" target=\"_blank\" rel=\"noopener\">El\u00e4inten \u00e4\u00e4net<\/a> -teht\u00e4v\u00e4<\/p>\n<p><a href=\"https:\/\/edumailturku-my.sharepoint.com\/:b:\/g\/personal\/smvist_edu_turku_fi\/EXsArrhYjHBGqZP_QOEBRT8Bz7ASfDqK4jvdNEZ-YnXwnA?e=nnT8p4\" target=\"_blank\" rel=\"noopener\">Mallikirjaimet 2016<\/a> (OPH, pdf)<\/p>\n<p><a href=\"https:\/\/edumailturku-my.sharepoint.com\/:b:\/g\/personal\/smvist_edu_turku_fi\/ESHbUSUT0iVOq68IDlpAoikB69WSrsaOm6VAchc-WfJTxw?e=8D91D4\" target=\"_blank\" rel=\"noopener\">Mallinumerot 2016<\/a> (OPH, pdf)<\/p>\n<p><a href=\"https:\/\/edumailturku-my.sharepoint.com\/:u:\/g\/personal\/smvist_edu_turku_fi\/EdGh1PW72ExIs2ddhP4IRnIBbwDQN7nA_6l1M33eDHkCyw?e=taM1fe\" target=\"_blank\" rel=\"noopener\">Kooditaulukko<\/a> (kirjaimet)<\/p>\n<p>&nbsp;<\/p>\n<p>SmartBoard-taululle (Notebook-tiedosto):<\/p>\n<p><a href=\"https:\/\/edumailturku-my.sharepoint.com\/:u:\/g\/personal\/smvist_edu_turku_fi\/EShpmf1RFKNBjsY0Z_2zEl0B9zQVonmtCEjuhg5I9vEqWA?e=dxZ5cZ\" target=\"_blank\" rel=\"noopener\">Aamupiiri<\/a><\/p>\n<p><a href=\"https:\/\/edumailturku-my.sharepoint.com\/:u:\/g\/personal\/smvist_edu_turku_fi\/EVj-2m4aoJNFoqpeXAAwaJYBfmDl9EP8wcd3nGtVhfjWyA?e=eFMKKt\" target=\"_blank\" rel=\"noopener\">Aamupiiri (syys)<\/a><\/p>\n<p><a href=\"https:\/\/edumailturku-my.sharepoint.com\/:u:\/g\/personal\/smvist_edu_turku_fi\/EYxPIddThcxCm0ZzsmnEmZMBwyZnN0OqmMfrfrhRp4_jyg?e=fu0m56\" target=\"_blank\" rel=\"noopener\">Aamupiiri (joulu)<\/a><\/p>\n<p><a href=\"https:\/\/edumailturku-my.sharepoint.com\/:u:\/g\/personal\/smvist_edu_turku_fi\/ESTtIonseF9KgnMlklmrKNYBL9nMHMlHkcbhHvovn5jacQ?e=UoPeNy\" target=\"_blank\" rel=\"noopener\">A-kirjainharjoitus<\/a><\/p>\n<p><a href=\"https:\/\/edumailturku-my.sharepoint.com\/:u:\/g\/personal\/smvist_edu_turku_fi\/EceVam6JBslCjFjOm2ST4ikB3BqHkQXEGTDiODYNRVBpjA?e=WnqUkn\" target=\"_blank\" rel=\"noopener\">E-kirjainharjoitus<\/a><\/p>\n<p><a href=\"https:\/\/edumailturku-my.sharepoint.com\/:u:\/g\/personal\/smvist_edu_turku_fi\/EQ6Nf8gjmi1MpWEIRXbVCVMBvzfr609ND0LFhEQawmKDPQ?e=xZKoBJ\" target=\"_blank\" rel=\"noopener\">Alkukirjain-harjoitus<\/a> (el\u00e4imet)<\/p>\n<p><a href=\"https:\/\/edumailturku-my.sharepoint.com\/:u:\/g\/personal\/smvist_edu_turku_fi\/EX8OhuwZ40xBnqW_TtkZNiUBagAMVvmQX5F5Z6W2-INb9A?e=E9FFq6\" target=\"_blank\" rel=\"noopener\">Kymppiparit-teht\u00e4v\u00e4<\/a><\/p>\n<p><a href=\"https:\/\/edumailturku-my.sharepoint.com\/:u:\/g\/personal\/smvist_edu_turku_fi\/EWU-9Kj2WuJJujFkJVXHK-0BawXV9_yiwiTdcv9vDbOTvQ?e=w5msf6\" target=\"_blank\" rel=\"noopener\">Rahank\u00e4ytt\u00f6<\/a><\/p>\n<p><a href=\"https:\/\/edumailturku-my.sharepoint.com\/:u:\/g\/personal\/smvist_edu_turku_fi\/EY3xI_K0GAdHhjjBu8rsqAoBCkkCKwoe6iMj5v3M0tsj2A?e=HNLpaY\" target=\"_blank\" rel=\"noopener\">Plus ja miinus -teht\u00e4v\u00e4<\/a><\/p>\n<p><a href=\"https:\/\/edumailturku-my.sharepoint.com\/:u:\/g\/personal\/smvist_edu_turku_fi\/EQJSuR0NE2BNkVuSSQ3DpXgB0xZR_byONM7sqypaTvfRBQ?e=FJu2FP\" target=\"_blank\" rel=\"noopener\">Enemm\u00e4n vai v\u00e4hemm\u00e4n?<\/a> -teht\u00e4v\u00e4<\/p>\n<p><a href=\"https:\/\/edumailturku-my.sharepoint.com\/:u:\/g\/personal\/smvist_edu_turku_fi\/EQoB46NRliFLsPA_Zv3qGAEBq4kxr7ej7I4m18Yt7fhzPA?e=hayCVg\" target=\"_blank\" rel=\"noopener\">Arvontapohja &#8211; lasten nimet<\/a>&nbsp;(tai muiden nimien\/teksti-vastausten arpomiseen)<\/p>\n<p><a href=\"https:\/\/edumailturku-my.sharepoint.com\/:b:\/g\/personal\/smvist_edu_turku_fi\/EXsArrhYjHBGqZP_QOEBRT8Bz7ASfDqK4jvdNEZ-YnXwnA?e=27YS7H\" target=\"_blank\" rel=\"noopener\">Mallikirjaimet 2016<\/a> (OPH, pdf)<\/p>\n<p><a href=\"https:\/\/edumailturku-my.sharepoint.com\/:b:\/g\/personal\/smvist_edu_turku_fi\/ESHbUSUT0iVOq68IDlpAoikB69WSrsaOm6VAchc-WfJTxw?e=At8u6g\" target=\"_blank\" rel=\"noopener\">Mallinumerot 2016<\/a> (OPH, pdf)<\/p>\n","protected":false},"excerpt":{"rendered":"<p>Alla olevat teht\u00e4v\u00e4pohjat on tehty Molla-esiopetusryhmiss\u00e4 ja ne ovat vapaasti ladattavissa opettajien k\u00e4ytt\u00f6\u00f6n, ei-kaupallisiin tarkoituksiin. &nbsp; Promethean-taululle (Active Inspiren flipchart-tiedosto): Aamutiimi (yhteinen aamun aloitus, l\u00e4sn\u00e4olijat,&nbsp;s\u00e4\u00e4tila, p\u00e4iv\u00e4-kuukausi-vuodenaika,&nbsp;p\u00e4iv\u00e4n ohjelma,&nbsp;p\u00e4iv\u00e4j\u00e4rjestys) Aamutiimi 2&nbsp;(yhteinen aamun aloitus, l\u00e4sn\u00e4olijat,&nbsp;s\u00e4\u00e4tila, p\u00e4iv\u00e4-kuukausi-vuodenaika,&nbsp;p\u00e4iv\u00e4n ohjelma,&nbsp;lukum\u00e4\u00e4r\u00e4teht\u00e4v\u00e4, alkukirjainteht\u00e4v\u00e4, salasana-teht\u00e4v\u00e4, hahmotusteht\u00e4v\u00e4) AA-II -teht\u00e4v\u00e4 (k\u00e4yt\u00e4 esim. Activ Inspiren kohdevalo-toiminnolla: ty\u00f6kalut -&gt; kohdevalo. Etsi kohdevalolla kirjaimia.) A-kirjainharjoitus A-tunnistusteht\u00e4v\u00e4 AISO-harjoitus (kirjaimet A,I,S,O) &hellip; <a href=\"https:\/\/blog.edu.turku.fi\/molla\/opetus\/kosketustaulutehtavia\/\" class=\"more-link\">Jatka lukemista <span class=\"screen-reader-text\">Kosketustauluteht\u00e4vi\u00e4<\/span> <span class=\"meta-nav\">&rarr;<\/span><\/a><\/p>\n","protected":false},"author":9,"featured_media":0,"parent":591,"menu_order":8,"comment_status":"closed","ping_status":"closed","template":"","meta":{"ngg_post_thumbnail":0,"footnotes":""},"class_list":["post-2310","page","type-page","status-publish","hentry"],"_links":{"self":[{"href":"https:\/\/blog.edu.turku.fi\/molla\/wp-json\/wp\/v2\/pages\/2310","targetHints":{"allow":["GET"]}}],"collection":[{"href":"https:\/\/blog.edu.turku.fi\/molla\/wp-json\/wp\/v2\/pages"}],"about":[{"href":"https:\/\/blog.edu.turku.fi\/molla\/wp-json\/wp\/v2\/types\/page"}],"author":[{"embeddable":true,"href":"https:\/\/blog.edu.turku.fi\/molla\/wp-json\/wp\/v2\/users\/9"}],"replies":[{"embeddable":true,"href":"https:\/\/blog.edu.turku.fi\/molla\/wp-json\/wp\/v2\/comments?post=2310"}],"version-history":[{"count":34,"href":"https:\/\/blog.edu.turku.fi\/molla\/wp-json\/wp\/v2\/pages\/2310\/revisions"}],"predecessor-version":[{"id":3092,"href":"https:\/\/blog.edu.turku.fi\/molla\/wp-json\/wp\/v2\/pages\/2310\/revisions\/3092"}],"up":[{"embeddable":true,"href":"https:\/\/blog.edu.turku.fi\/molla\/wp-json\/wp\/v2\/pages\/591"}],"wp:attachment":[{"href":"https:\/\/blog.edu.turku.fi\/molla\/wp-json\/wp\/v2\/media?parent=2310"}],"curies":[{"name":"wp","href":"https:\/\/api.w.org\/{rel}","templated":true}]}}