{"id":2032,"date":"2014-12-15T14:43:29","date_gmt":"2014-12-15T12:43:29","guid":{"rendered":"https:\/\/blog.edu.turku.fi\/molla\/?page_id=2032"},"modified":"2017-03-28T10:41:44","modified_gmt":"2017-03-28T08:41:44","slug":"hyvat-kaytostavat","status":"publish","type":"page","link":"https:\/\/blog.edu.turku.fi\/molla\/opetus\/hyvat-kaytostavat\/","title":{"rendered":"Hyv\u00e4t k\u00e4yt\u00f6stavat -materiaali"},"content":{"rendered":"<p>Alla olevissa videoissa on esitetty erilaisia tilanteita, joissa joudutaan pohtimaan k\u00e4yt\u00f6stapoja: mit\u00e4 ovat hyv\u00e4t ja huonot k\u00e4yt\u00f6stavat ja mink\u00e4laisissa tilanteissa niit\u00e4 saatetaan kohdata.<\/p>\n<p>Videot ovat esimerkki helposti toteutettavasta, tietotekniikkaa hy\u00f6dynt\u00e4v\u00e4st\u00e4 ty\u00f6tavasta, jonka avulla voidaan nostaa esiin jokin ajankohtainen aihe lasten kanssa yhdess\u00e4 k\u00e4sitelt\u00e4v\u00e4ksi. Toiminnallisen menetelm\u00e4n kautta syntyy luontevaa keskustelua valitusta teemasta ja samalla opitaan monia k\u00e4yt\u00e4nn\u00f6n taitoja, kuten draamaa ja ilmaisutaitoa, yhteisty\u00f6t\u00e4 ja toisten huomioimista, ongelman ratkaisua, kuvaamista ja mediataitoja. Lasten osallisuus ja oma tuottaminen ovat toimintatavan keski\u00f6ss\u00e4.<\/p>\n<p>Videot on kuvattu esiopetusryhmiss\u00e4 tabletteja hy\u00f6dynt\u00e4en ja lapset ovat saaneet itse mietti\u00e4 ja valita tilanteita, joissa voi tulla riitaa kaverin kanssa tai muuten ilmet\u00e4 huonoja k\u00e4yt\u00f6stapoja. Ensimm\u00e4isell\u00e4 videolla esitet\u00e4\u00e4n pulma&nbsp;ja toisella videolla sen ratkaisu. Vaihtoehtoisia ratkaisuja eri tilanteisiin voi olla useita.<\/p>\n<p>Videoiden teemana ovat hyvetaidot (esim. kohteliaisuus, rehellisyys, oikeudenmukaisuus, yst\u00e4v\u00e4llisyys, toisen huomioonottaminen). Videoissa esiintyy erilaisia tilanteita, kuten jonottaminen, kiitt\u00e4minen, leikkiin mukaanottaminen, rehelliset pelitavat sek\u00e4 omien j\u00e4lkien korjaaminen. Videoita p\u00e4ivitet\u00e4\u00e4n sivuille lis\u00e4\u00e4 niiden valmistuessa.<\/p>\n<p>TEHT\u00c4V\u00c4 1:<br \/>\nKatsokaa lasten kanssa video (esim. Tilanne 1) ja miettik\u00e4\u00e4 yhdess\u00e4, mit\u00e4 siin\u00e4 tapahtuu ja miten n\u00e4yttelij\u00e4t k\u00e4ytt\u00e4ytyv\u00e4t? Miten k\u00e4yt\u00f6st\u00e4 tulisi korjata niin, ett\u00e4 se olisi hyvien tapojen mukaista? Katsokaa sen j\u00e4lkeen alapuolella esitetty ratkaisuvideo (esim. Ratkaisu 1) ja keskustelkaa sen her\u00e4tt\u00e4mist\u00e4 ajatuksista yhdess\u00e4 (tulossa my\u00f6s lis\u00e4\u00e4 vaihtoehtoisia ratkaisuvideoita eri lapsiryhmien kuvaamana).<\/p>\n<p>TEHT\u00c4V\u00c4 2:<br \/>\nIdeoikaa lasten kanssa pulmatilanne, jonka haluaisitte itse kuvata esimerkiksi tableteilla tai digikameralla. Suunnitelkaa lyhyt kuvaus miten tarina etenee ja miss\u00e4 rooleissa kukin toimii. Yksi lapsista voi toimia&nbsp;kuvaajana, osa lavastajina ja osa n\u00e4yttelij\u00f6in\u00e4. Kuvauspaikka ja -rekvisiitta suunnitellaan ja toteutetaan yhdess\u00e4. Video kuvataan yhdell\u00e4 otoksella, tarvittaessa voidaan kuvata uudestaan kunnes lapset ovat tyytyv\u00e4isi\u00e4 otokseen. Kuvausprosessin aikana keskustellaan esiin nousevista asioista lasten kanssa (esim. saako toista kuvata ilman lupaa). T\u00e4m\u00e4n j\u00e4lkeen kuvataan samoin toinen videop\u00e4tk\u00e4, jossa esitet\u00e4\u00e4n ratkaisu. Lopuksi videot katsotaan yhdess\u00e4 esimerkiksi kosketustaululta ja keskustellaan niiden her\u00e4tt\u00e4mist\u00e4 asioista ja kysymyksist\u00e4.<\/p>\n<p>Kohteliaisuus:<\/p>\n<h6><iframe loading=\"lazy\" src=\"\/\/www.youtube.com\/embed\/Usjv5B6YI0w?rel=0\" width=\"560\" height=\"315\" frameborder=\"0\" allowfullscreen=\"allowfullscreen\"><\/iframe><\/h6>\n<h6><iframe loading=\"lazy\" src=\"\/\/www.youtube.com\/embed\/SEysNiJ_LSk?rel=0\" width=\"280\" height=\"157,5\" frameborder=\"0\" allowfullscreen=\"allowfullscreen\"><\/iframe> Arkeologinkadun phy<\/h6>\n<h6><iframe loading=\"lazy\" src=\"https:\/\/www.youtube.com\/embed\/cf-jgO6kRy4?rel=0\" width=\"280\" height=\"157,5\" frameborder=\"0\" allowfullscreen=\"allowfullscreen\"><\/iframe> Vasaram\u00e4en phy<\/h6>\n<p>&nbsp;<\/p>\n<p>Yst\u00e4v\u00e4llisyys, oikeudenmukaisuus, toisen huomioonottaminen:<\/p>\n<p><iframe loading=\"lazy\" src=\"\/\/www.youtube.com\/embed\/Tn0jwVUce_s?rel=0\" width=\"560\" height=\"315\" frameborder=\"0\" allowfullscreen=\"allowfullscreen\"><\/iframe><\/p>\n<h6><iframe loading=\"lazy\" src=\"\/\/www.youtube.com\/embed\/im4UjQr2Q7E?rel=0\" width=\"280\" height=\"157,5\" frameborder=\"0\" allowfullscreen=\"allowfullscreen\"><\/iframe> Vasaram\u00e4en phy<\/h6>\n<p>&nbsp;<\/p>\n<p>Rehellisyys, oikeudenmukaisuus, itsehillint\u00e4:<\/p>\n<p><iframe loading=\"lazy\" src=\"\/\/www.youtube.com\/embed\/igizFaEuzsM?rel=0\" width=\"560\" height=\"315\" frameborder=\"0\" allowfullscreen=\"allowfullscreen\"><\/iframe><\/p>\n<h6><iframe loading=\"lazy\" src=\"https:\/\/www.youtube.com\/embed\/pzRg9OdcZx0?rel=0\" width=\"280\" height=\"157,5\" frameborder=\"0\" allowfullscreen=\"allowfullscreen\"><\/iframe> Kerttulin phy<\/h6>\n<h6><iframe loading=\"lazy\" src=\"https:\/\/www.youtube.com\/embed\/WVlMOse6jTQ?rel=0\" width=\"280\" height=\"157,5\" frameborder=\"0\" allowfullscreen=\"allowfullscreen\"><\/iframe> Vasaram\u00e4en phy<\/h6>\n<p>&nbsp;<\/p>\n<p>Avuliaisuus, yst\u00e4v\u00e4llisyys, oikeudenmukaisuus, toisen huomioonottaminen:<\/p>\n<p><iframe loading=\"lazy\" src=\"\/\/www.youtube.com\/embed\/MmHvyd3uDj8?rel=0\" width=\"560\" height=\"315\" frameborder=\"0\" allowfullscreen=\"allowfullscreen\"><\/iframe><\/p>\n<h6><iframe loading=\"lazy\" src=\"\/\/www.youtube.com\/embed\/mHF7AtF8AUc?rel=0\" width=\"280\" height=\"157,5\" frameborder=\"0\" allowfullscreen=\"allowfullscreen\"><\/iframe> Vasaram\u00e4en phy<br \/>\n<iframe loading=\"lazy\" src=\"https:\/\/www.youtube.com\/embed\/wM2zpvTbMCM?rel=0\" width=\"280\" height=\"157,5\" frameborder=\"0\" allowfullscreen=\"allowfullscreen\"><\/iframe> Kerttulin phy<\/h6>\n<p>&nbsp;<\/p>\n<p>Toisen huomioonottaminen, yst\u00e4v\u00e4llisyys:<\/p>\n<p><iframe loading=\"lazy\" src=\"\/\/www.youtube.com\/embed\/91A7FZqDxY4?rel=0\" width=\"560\" height=\"315\" frameborder=\"0\" allowfullscreen=\"allowfullscreen\"><\/iframe><\/p>\n<h6><iframe loading=\"lazy\" src=\"\/\/www.youtube.com\/embed\/nqXgbjQB6g4?rel=0\" width=\"280\" height=\"157,5\" frameborder=\"0\" allowfullscreen=\"allowfullscreen\"><\/iframe> Vasaram\u00e4en phy<br \/>\n<iframe loading=\"lazy\" src=\"https:\/\/www.youtube.com\/embed\/_QYHiHDH5RI?rel=0\" width=\"280\" height=\"157,5\" frameborder=\"0\" allowfullscreen=\"allowfullscreen\"><\/iframe> Arkeologinkadun phy<\/h6>\n<p>&nbsp;<\/p>\n<p>Yksityisyyden kunnioittaminen:<\/p>\n<h6><iframe loading=\"lazy\" src=\"https:\/\/www.youtube.com\/embed\/bFUfiwLOiCw?rel=0\" width=\"420\" height=\"315\" frameborder=\"0\" allowfullscreen=\"allowfullscreen\"><\/iframe> Halisten phy<\/h6>\n<h6>&nbsp;<iframe loading=\"lazy\" src=\"https:\/\/www.youtube.com\/embed\/aOgYcTPLsP0?rel=0\" width=\"280\" height=\"157,5\" frameborder=\"0\" allowfullscreen=\"allowfullscreen\"><\/iframe> Halisten phy<\/h6>\n<p>(Paina p\u00e4ivit\u00e4-napista, jos haluat katsoa videot uudestaan)<\/p>\n","protected":false},"excerpt":{"rendered":"<p>Alla olevissa videoissa on esitetty erilaisia tilanteita, joissa joudutaan pohtimaan k\u00e4yt\u00f6stapoja: mit\u00e4 ovat hyv\u00e4t ja huonot k\u00e4yt\u00f6stavat ja mink\u00e4laisissa tilanteissa niit\u00e4 saatetaan kohdata. Videot ovat esimerkki helposti toteutettavasta, tietotekniikkaa hy\u00f6dynt\u00e4v\u00e4st\u00e4 ty\u00f6tavasta, jonka avulla voidaan nostaa esiin jokin ajankohtainen aihe lasten kanssa yhdess\u00e4 k\u00e4sitelt\u00e4v\u00e4ksi. Toiminnallisen menetelm\u00e4n kautta syntyy luontevaa keskustelua valitusta teemasta ja samalla opitaan monia &hellip; <a href=\"https:\/\/blog.edu.turku.fi\/molla\/opetus\/hyvat-kaytostavat\/\" class=\"more-link\">Jatka lukemista <span class=\"screen-reader-text\">Hyv\u00e4t k\u00e4yt\u00f6stavat -materiaali<\/span> <span class=\"meta-nav\">&rarr;<\/span><\/a><\/p>\n","protected":false},"author":9,"featured_media":0,"parent":591,"menu_order":10,"comment_status":"closed","ping_status":"closed","template":"","meta":{"ngg_post_thumbnail":0,"footnotes":""},"class_list":["post-2032","page","type-page","status-publish","hentry"],"_links":{"self":[{"href":"https:\/\/blog.edu.turku.fi\/molla\/wp-json\/wp\/v2\/pages\/2032","targetHints":{"allow":["GET"]}}],"collection":[{"href":"https:\/\/blog.edu.turku.fi\/molla\/wp-json\/wp\/v2\/pages"}],"about":[{"href":"https:\/\/blog.edu.turku.fi\/molla\/wp-json\/wp\/v2\/types\/page"}],"author":[{"embeddable":true,"href":"https:\/\/blog.edu.turku.fi\/molla\/wp-json\/wp\/v2\/users\/9"}],"replies":[{"embeddable":true,"href":"https:\/\/blog.edu.turku.fi\/molla\/wp-json\/wp\/v2\/comments?post=2032"}],"version-history":[{"count":56,"href":"https:\/\/blog.edu.turku.fi\/molla\/wp-json\/wp\/v2\/pages\/2032\/revisions"}],"predecessor-version":[{"id":2858,"href":"https:\/\/blog.edu.turku.fi\/molla\/wp-json\/wp\/v2\/pages\/2032\/revisions\/2858"}],"up":[{"embeddable":true,"href":"https:\/\/blog.edu.turku.fi\/molla\/wp-json\/wp\/v2\/pages\/591"}],"wp:attachment":[{"href":"https:\/\/blog.edu.turku.fi\/molla\/wp-json\/wp\/v2\/media?parent=2032"}],"curies":[{"name":"wp","href":"https:\/\/api.w.org\/{rel}","templated":true}]}}