{"id":2,"date":"2011-04-14T20:19:48","date_gmt":"2011-04-14T18:19:48","guid":{"rendered":"https:\/\/blog.edu.turku.fi\/molla\/?page_id=2"},"modified":"2021-03-30T14:03:04","modified_gmt":"2021-03-30T12:03:04","slug":"tietoja","status":"publish","type":"page","link":"https:\/\/blog.edu.turku.fi\/molla\/tietoja\/","title":{"rendered":"Hanketietoa"},"content":{"rendered":"<p><strong>MOLLA &#8211; varhaiskasvatuksen verkkotaidot ja -menetelm\u00e4t<\/strong><\/p>\n<p>Molla-hanke on opetushallituksen ja Turun kaupungin rahoittama oppimisymp\u00e4rist\u00f6hanke&nbsp; 2011-2013.&nbsp; Hankkeessa selvitet\u00e4\u00e4n tieto- ja viestint\u00e4tekniikan k\u00e4yt\u00f6n mahdollisuuksia esikoululaisten oppimisen apuna.&nbsp; Kokeiltavana on, millaiset laitteet olisivat sopivia ja toisaalta millainen toiminta tietotekniikan kanssa on t\u00e4m\u00e4n ik\u00e4isille lapsille soveltuvaa ja leikinomaisen oppimisen kannalta hy\u00f6dyllisint\u00e4. Mallia k\u00e4ytet\u00e4\u00e4n pohjana tulevaisuudessa Turussa ja valtakunnallisestikin esiopetusta kehitett\u00e4ess\u00e4. Tietokoneet eiv\u00e4t ole syrj\u00e4ytt\u00e4m\u00e4ss\u00e4 perinteist\u00e4 askartelua, liikuntaa ja leikki\u00e4, vaan tuovat oman pienen lis\u00e4ns\u00e4 p\u00e4iv\u00e4n toimintoihin.<\/p>\n<p>Hankkeen aikana kehitet\u00e4\u00e4n:<\/p>\n<ol>\n<li>Malli esiopetusryhm\u00e4n ryhm\u00e4tilaan soveltuvasta it- ja esityslaitekokoonpanosta ja siihen suoraan liittyv\u00e4st\u00e4 kalustuksesta.&nbsp;<a href=\"https:\/\/blog.edu.turku.fi\/molla\/files\/2011\/04\/Liite_1.pdf\">Liite_1<\/a><\/li>\n<li>Malli tieto- ja viestint\u00e4tekniikan ik\u00e4tason mukaisesta k\u00e4yt\u00f6st\u00e4 esiopetuksen opetussuunnitelman oppisis\u00e4lt\u00f6tavoitteiden v\u00e4litt\u00e4misess\u00e4.&nbsp;<a href=\"https:\/\/blog.edu.turku.fi\/molla\/files\/2011\/04\/Liite_2.pdf\">Liite_2<\/a><a href=\"https:\/\/blog.edu.turku.fi\/molla\/files\/2011\/04\/Liite_2.pdf\"><br \/>\n<\/a><\/li>\n<li>Malli esiopetukseen soveltuvasta ja kustannustehokkaasta e-oppimateriaalivalikoimasta ja ohjelmistovalikoimasta.&nbsp;<a href=\"https:\/\/blog.edu.turku.fi\/molla\/files\/2011\/04\/Liite_3.pdf\">Liite_3<\/a><\/li>\n<li>Malli lastentarhanopettajien ja muun varhaiskasvatushenkil\u00f6st\u00f6n pedagogisen tuen j\u00e4rjest\u00e4miseksi. <a href=\"https:\/\/blog.edu.turku.fi\/molla\/files\/2011\/04\/Liite_4.pdf\" rel=\"\">Liite_4<\/a><\/li>\n<\/ol>\n<p>N\u00e4it\u00e4 malleja k\u00e4ytet\u00e4\u00e4n konkreettisina v\u00e4linein\u00e4 tieto- ja viestint\u00e4tekniikan suunnitelmallisessa k\u00e4ytt\u00f6\u00f6notossa Turun kaupungin varhaiskasvatuksessa.<\/p>\n<p>Turun Molla-hankkeessa ensisijaisina kehitt\u00e4miskohteina toimii viisi p\u00e4iv\u00e4hoitoyksikk\u00f6\u00e4:<\/p>\n<ul>\n<li>Pernon p\u00e4iv\u00e4hoitoyksikk\u00f6, Pernontie 31<\/li>\n<li>Suotorpankujan p\u00e4iv\u00e4hoitoyksikk\u00f6, Suotorpankuja 3<\/li>\n<li>Uittamon p\u00e4iv\u00e4hoitoyksikk\u00f6, Jalustinkatu 8<\/li>\n<li>It\u00e4harjun p\u00e4iv\u00e4hoitoyksikk\u00f6, Viinam\u00e4enkatu 7<\/li>\n<li>Paattisten p\u00e4iv\u00e4hoitoyksikk\u00f6, Toffinkuja 2<\/li>\n<\/ul>\n<p>Kohteissa kokeillaan erilaista tietotekniikkaa, s\u00e4hk\u00f6ist\u00e4 oppimateriaalia ja toimintaa tietokoneiden, tablettilaitteiden ja mm. digikameroiden ja piirtoalustojen avulla. Joka kohteessa on opettajan k\u00e4yt\u00f6ss\u00e4 tietokone ja kosketustaulu, lis\u00e4ksi oppilaiden k\u00e4yt\u00f6ss\u00e4 on tietokoneita tai tablettilaitteita (paitsi Paattinen).<\/p>\n<p>Yhteisty\u00f6kumppaneina ovat mm. oppimateriaalikustantajat Sanoma Pro ja Otava, joilta lapset saavat k\u00e4ytt\u00f6\u00f6n s\u00e4hk\u00f6ist\u00e4 esikouluoppimateriaalia sek\u00e4 NordicEdu, jonka kanssa kehitet\u00e4\u00e4n pelillist\u00e4 oppimateriaalia. Kumppanina on my\u00f6s Lappeenrannan kaupunki, jossa on k\u00e4ynniss\u00e4 oma Molla-hanke, sek\u00e4 Helsingin yliopiston Viikin normaalikoulu.<\/p>\n<p>Turun hanketta koordinoi <a href=\"https:\/\/edu.turku.fi\/top-keskus\/\">Tietokone opetuksessa &#8211; TOP-keskus<\/a>.<\/p>\n<p><a href=\"http:\/\/vimeo.com\/63718173\" target=\"_blank\" rel=\"noopener noreferrer\"><br \/>\nMOLLA-esittelyvideo<\/a><\/p>\n<p><a href=\"http:\/\/vimeo.com\/67053191\" target=\"_blank\" rel=\"noopener noreferrer\">Project MOLLA<\/a><\/p>\n<hr>\n<p><strong><br \/>\nMollan kolmet portaat &#8211; tvt:n k\u00e4ytt\u00f6 esiopetuksessa kolmiportaisen tuen periaatteita noudattaen<\/strong><\/p>\n<p>Jatkohankkeen (2013-2015) tavoitteena&nbsp;on etsi\u00e4 ratkaisuja esiopetusik\u00e4isten oppimisen tukemiseen tieto- ja&nbsp;viestint\u00e4tekniikan avulla huomioiden erilaiset oppimistavat ja lasten yksil\u00f6lliset tarpeet. Tvt:n avulla tuetaan&nbsp;esiopetuksen opetussuunnitelmaan kirjatun kolmiportaisen tuen (YTE-malli) tavoitteita ja kehitet\u00e4\u00e4n oppimisymp\u00e4rist\u00f6\u00e4&nbsp;vastaamaan pienten oppijoiden erilaisia tarpeita.<\/p>\n<p>Mukana aloittaa 4 uutta p\u00e4iv\u00e4kotia:<\/p>\n<ul>\n<li>Arkeologinkadun phy, J\u00e4k\u00e4rl\u00e4n puistokatu 18<\/li>\n<li>Halisten phy, Paavinkatu 15<\/li>\n<li>Kerttulin p\u00e4iv\u00e4hoitoyksikk\u00f6, Kellonsoittajankatu 6<\/li>\n<li>Vasaram\u00e4en phy, Rakuunatie 56<\/li>\n<\/ul>\n<p>Kumppaneina toimivat Raision ja Lappeenrannan kaupunkien Molla-hankkeet. Yhteisty\u00f6ss\u00e4 mukana my\u00f6s NordicEdu.<\/p>\n<hr>\n<p>&nbsp;<\/p>\n<p>Yhteystiedot:<\/p>\n<p>Saila Visti etunimi.sukunimi@turku.fi<\/p>\n<p>&nbsp;<\/p>\n<p><a href=\"https:\/\/blog.edu.turku.fi\/molla\/\">Etusivulle<\/a><\/p>\n","protected":false},"excerpt":{"rendered":"<p>MOLLA &#8211; varhaiskasvatuksen verkkotaidot ja -menetelm\u00e4t Molla-hanke on opetushallituksen ja Turun kaupungin rahoittama oppimisymp\u00e4rist\u00f6hanke&nbsp; 2011-2013.&nbsp; Hankkeessa selvitet\u00e4\u00e4n tieto- ja viestint\u00e4tekniikan k\u00e4yt\u00f6n mahdollisuuksia esikoululaisten oppimisen apuna.&nbsp; Kokeiltavana on, millaiset laitteet olisivat sopivia ja toisaalta millainen toiminta tietotekniikan kanssa on t\u00e4m\u00e4n ik\u00e4isille lapsille soveltuvaa ja leikinomaisen oppimisen kannalta hy\u00f6dyllisint\u00e4. Mallia k\u00e4ytet\u00e4\u00e4n pohjana tulevaisuudessa Turussa ja valtakunnallisestikin esiopetusta &hellip; <a href=\"https:\/\/blog.edu.turku.fi\/molla\/tietoja\/\" class=\"more-link\">Jatka lukemista <span class=\"screen-reader-text\">Hanketietoa<\/span> <span class=\"meta-nav\">&rarr;<\/span><\/a><\/p>\n","protected":false},"author":16,"featured_media":0,"parent":0,"menu_order":1,"comment_status":"closed","ping_status":"closed","template":"","meta":{"ngg_post_thumbnail":0,"footnotes":""},"class_list":["post-2","page","type-page","status-publish","hentry"],"_links":{"self":[{"href":"https:\/\/blog.edu.turku.fi\/molla\/wp-json\/wp\/v2\/pages\/2","targetHints":{"allow":["GET"]}}],"collection":[{"href":"https:\/\/blog.edu.turku.fi\/molla\/wp-json\/wp\/v2\/pages"}],"about":[{"href":"https:\/\/blog.edu.turku.fi\/molla\/wp-json\/wp\/v2\/types\/page"}],"author":[{"embeddable":true,"href":"https:\/\/blog.edu.turku.fi\/molla\/wp-json\/wp\/v2\/users\/16"}],"replies":[{"embeddable":true,"href":"https:\/\/blog.edu.turku.fi\/molla\/wp-json\/wp\/v2\/comments?post=2"}],"version-history":[{"count":40,"href":"https:\/\/blog.edu.turku.fi\/molla\/wp-json\/wp\/v2\/pages\/2\/revisions"}],"predecessor-version":[{"id":3799,"href":"https:\/\/blog.edu.turku.fi\/molla\/wp-json\/wp\/v2\/pages\/2\/revisions\/3799"}],"wp:attachment":[{"href":"https:\/\/blog.edu.turku.fi\/molla\/wp-json\/wp\/v2\/media?parent=2"}],"curies":[{"name":"wp","href":"https:\/\/api.w.org\/{rel}","templated":true}]}}