{"id":1835,"date":"2014-06-09T10:22:27","date_gmt":"2014-06-09T08:22:27","guid":{"rendered":"https:\/\/blog.edu.turku.fi\/molla\/?page_id=1835"},"modified":"2019-01-18T15:56:08","modified_gmt":"2019-01-18T13:56:08","slug":"ipad-esiopetuksessa","status":"publish","type":"page","link":"https:\/\/blog.edu.turku.fi\/molla\/opetus\/ipad-esiopetuksessa\/","title":{"rendered":"iPad"},"content":{"rendered":"<p>iPad-sovelluksia esiopetukseen&nbsp;(osan koonnut &nbsp;Lappeenrannan Molla-hanke):<\/p>\n<p>&nbsp;<\/p>\n<p>Suomenkieliset:<\/p>\n<ul>\n<li><strong>Molla ABC<\/strong> &#8211; tekstauskirjainten ja numeroiden piirt\u00e4misen harjoitteluun, maksuton<\/li>\n<li><strong>EkapeliAlku<\/strong> &#8211; esikouluik\u00e4isille suunnattu&nbsp;kirjain-\u00e4\u00e4nne -yhteyksien harjoitteluun kehitetty oppimispeli, maksuton<\/li>\n<li>Ekapeli Maahanmuuttaja &#8211; maahanmuuttajalasten suomen kielen perustaitojen harjoitteluun, maksuton<\/li>\n<li><strong>Pikku Kakkonen<\/strong>, maksuton<\/li>\n<li>Lola Panda &#8211; <strong>Lolan aakkosjuna<\/strong>, maksuton\/3,49\u20ac (\u00e4ven p\u00e5 svenska: L\u00e4r dig l\u00e4sa med Lola, gratis)<\/li>\n<li>Lola Panda &#8211; Lola l\u00f6yt\u00f6retkell\u00e4, maksuton\/3,49\u20ac<\/li>\n<li>Lolan ABC-juhlat, maksuton\/5,49\u20ac<\/li>\n<li>Pikkuli &#8211; muistipeli, maksuton<\/li>\n<li>Yle Areena Lapset &nbsp;&#8211; Ylen tv- ja radio-ohjelmien katseluun ja kuunteluun, maksuton<\/li>\n<li>H.C. Andersenin satuja,&nbsp;yksi satu ilmainen, loput 2,99\u20ac\/kirja<\/li>\n<li>Rasmus Nalle &#8211; mm. muistipeli, videoita, v\u00e4ritysteht\u00e4vi\u00e4, muutama&nbsp;peli maksuton, muut maksullisia<\/li>\n<li>Aakkospeli Lapsille<span style=\"color: #000000\">, ilmainen kokeiluversio, t\u00e4ysversio 2,29\u20ac<\/span><\/li>\n<li>Kultakutri ja kolme karhua -kirja, maksuton<\/li>\n<li>Sanataituri &#8211; Lapsille, 5,49\u20ac<\/li>\n<li>Leiki Sanoilla, Mikko Mallikas, maksuton\/7,99\u20ac<\/li>\n<li>Tavu, 4,49\u20ac<\/li>\n<li>Esan ja Caretan sanaseikkailu &#8211; 5,49\u20ac<\/li>\n<\/ul>\n<p>Piirt\u00e4miseen:<\/p>\n<ul>\n<li><strong>Draw<\/strong>, maksuton<\/li>\n<li><strong>Skitch<\/strong> &#8211; piirto-ohjelma, maksuton<\/li>\n<li>Doodle Buddy &nbsp;&#8211; voi mm. laittaa taustaksi oman kuvan ja piirt\u00e4\u00e4 sen p\u00e4\u00e4lle,&nbsp;maksuton<\/li>\n<li><strong>Quiver<\/strong> &#8211; 3D-v\u00e4rityskuvia, jotka &#8221;her\u00e4\u00e4v\u00e4t eloon&#8221;, maksuton (maksullisia lis\u00e4v\u00e4rityskuvia)<\/li>\n<li>Painter Star &#8211; v\u00e4rityskuvia, maksuton, lis\u00e4osat maksullisia<\/li>\n<li>Drawing Desk, maksuton<\/li>\n<li>Screen Chomp &#8211; tallentaa my\u00f6s \u00e4\u00e4nen,&nbsp;maksuton<\/li>\n<li>Tux Paint &#8211; maksuton<\/li>\n<\/ul>\n<p>Elokuvien ja animaatioiden tekemiseen:<\/p>\n<ul>\n<li><strong>Koma koma<\/strong> &#8211; helppok\u00e4ytt\u00f6inen animaatioty\u00f6kalu, maksuton<\/li>\n<li>Lego Movie Maker &#8211; omien elokuvien tekemiseen, maksuton<\/li>\n<li>Puppet Pals HD&nbsp;&nbsp;&#8211; animaatioiden tekemiseen<\/li>\n<li>Puppet Pals HD Director&#8217;s Pass &#8211; animaatioiden tekemiseen (t\u00e4ss\u00e4 versiossa voi tehd\u00e4 hahmot omista piirros- tai valokuvista)<\/li>\n<li>Adobe Spark Video -helppok\u00e4ytt\u00f6inen, mutta vaatii kirjautumisen (maksuton)<\/li>\n<\/ul>\n<p>Sarjakuvien tekemiseen:<\/p>\n<ul>\n<li>Strip Designer (maksuton)<\/li>\n<li>Comic Life (maksuton)<\/li>\n<li>Book Creator (2,99\u20ac)<\/li>\n<\/ul>\n<p>Kellon opettelemiseen:<\/p>\n<ul>\n<li><strong>Mit\u00e4 kello on?<\/strong> (maksuton)&nbsp;<\/li>\n<li>Time Teacher Lite (maksuton)<\/li>\n<li>Moji Kello (2,29\u20ac)<\/li>\n<\/ul>\n<p>Omien kirjojen tekemiseen:<\/p>\n<ul>\n<li><strong>Book Creator<\/strong> &#8211; omien kirjojen tekemiseen (maksuton&nbsp;ja maksullinen versio)<\/li>\n<li>Creative Book Builder &#8211; kirjojen tekemiseen (3,59\u20ac)<\/li>\n<li>My Story \u2013 Book maker for kids (kirjanteko-ohjelma pienille lapsille, tarina tehd\u00e4\u00e4n piirt\u00e4en ja \u00e4\u00e4nitt\u00e4en, my\u00f6s kirjoittaminen mahdollista) 1,59\u20ac<\/li>\n<\/ul>\n<p>Musisointiin:<\/p>\n<ul>\n<li><strong>GarageBand<\/strong>&nbsp;&#8211; oman musiikin tekemiseen, useita soittimia (uusiin iPadeihin maksuton)<\/li>\n<li>Magic Piano &#8211; soita pianoa, maksuton<\/li>\n<li><strong>Bandimal<\/strong> &#8211; 4,49\u20ac (Apple Design Awards -palkittu suomalainen musiikkisovellus lapsille)<\/li>\n<li>Baby Chords lite (pianon tapainen pienille),&nbsp;maksuton<\/li>\n<li>Music Sparkles (mahdollisuus soittaa eri instrumentteja mm. rummut), kaksi instrumenttia maksuttomia, lis\u00e4osat maksullisia<\/li>\n<li>Baby Piano School (tuttujen laulujen soittamista yksinkertaisista nuoteista), muutama laulu maksuton, lis\u00e4osat maksullisia<\/li>\n<\/ul>\n<p>Laskemiseen:<\/p>\n<ul>\n<li><strong>Matikkakunkku Juniori<\/strong> &#8211; maksuton\/3,49\u20ac<\/li>\n<li>Quick Math Jr. &#8211; Suomenkielinen matikkapeli jossa pelataan itse luodulla hirvi\u00f6ll\u00e4. maksuton\/5,49\u20ac\/10,99\u20ac<\/li>\n<li>Math Ninja AR &#8211; Lis\u00e4tty\u00e4 todellisuutta hy\u00f6dynt\u00e4v\u00e4 matikkapeli jossa ninjakyl\u00e4ss\u00e4 etsit\u00e4\u00e4n hahmoa jolla on oikea vastaus laskuun, maksuton.<\/li>\n<li>Lola Panda &#8211; <strong>Lolan matikkajuna<\/strong>, maksuton\/3,49\u20ac<\/li>\n<li>Jump Numbers &#8211; numeroharjoittelua pienille koululaisille, 3,49\u20ac<\/li>\n<li>WonderBunny Matikka Esikoulu &#8211; Kisailupeli jossa edet\u00e4\u00e4n ratkaisemalla yksinkertaisia yhteenlaskuja., maksuton\/2,29\u20ac\/3,49\u20ac<\/li>\n<li>Matikka, 4-7 -vuotiaille &#8211; Mm. symmetriaa. Kuvio ja paikka -tasot ovat ilmaisia. Matikkaa 3-6 -vuotiaille -versio sopii nuoremmillekin lapsille.<\/li>\n<li>Candy Count (laskemisohjelma pienille),&nbsp;maksuton<\/li>\n<li>Math Fun (Matematiikkaa hauskaa lapsille) maksuton<\/li>\n<li>Counting Fun lite (numeroiden opettelua ja yhdist\u00e4mist\u00e4),&nbsp;maksuton<\/li>\n<li>Dino Tim: numerot ja muodot &#8211; 2-5-vuotiaille ja 6-12-vuotiaille, maksuton\/2,29\u20ac<\/li>\n<li>Math Learner, maksuton<\/li>\n<li>DragonBox Algebra 5+ &#8211; 5,49\u20ac<\/li>\n<li>DragonBox Numbers &#8211; 8,99\u20ac<\/li>\n<\/ul>\n<p>Koodaukseen:<\/p>\n<ul>\n<li><strong>Bee-Bot<\/strong>, maksuton<\/li>\n<li><strong>Blue-Bot<\/strong>, maksuton<\/li>\n<li>Kodable, maksuton, vaatii kirjautumisen<\/li>\n<li>A.L.E.X., maksuton<\/li>\n<li>Scratch Jr, maksuton<\/li>\n<li>Box Island, ensimm\u00e4iset kymmenen taso maksuttomia, lis\u00e4tasot 3,49\u20ac\/6,99\u20ac\/8,99\u20ac<\/li>\n<li>Code Karts, ensimm\u00e4iset kymmenen tasoa maksuttomia, t\u00e4ysversio 3,49\u20ac<\/li>\n<li>Tynker ja Tynker Jr. &#8211; Koodauksen alkeita. Englanninkielinen joten oppilaat vaativat apua ainakin aluksi.<\/li>\n<li>CodeSpark, maksuton<\/li>\n<\/ul>\n<p>Ymp\u00e4rist\u00f6n ja luonnon tutkimiseen:<\/p>\n<ul>\n<li><strong>Google Earth<\/strong> &#8211; tutustu maapallon 2D- ja 3D-karttoihin sek\u00e4 n\u00e4ht\u00e4vyyksiin (maksuton)<\/li>\n<li>GoSkyWatch (iPadia k\u00e4\u00e4ntelem\u00e4ll\u00e4 ohjelma etsii planeetat ja t\u00e4htikuviot ja n\u00e4ytt\u00e4\u00e4 ne oikeassa ilmansuunnassa),&nbsp;maksuton<\/li>\n<li>Wild Friends (hienoja kuvia Euroopan eri aluieden el\u00e4imist\u00e4),&nbsp;maksuton<\/li>\n<li>Ihmiskeho &#8211; ihmiskehon toimintojen tutkiminen. Lite-versio maksuton, t\u00e4ysversio 4,49\u20ac<\/li>\n<li>Tinybopin nis\u00e4kk\u00e4\u00e4t &#8211; Nis\u00e4kk\u00e4iden tutkimista 3,49\u20ac<\/li>\n<li>Marco Polo Weather &#8211; S\u00e4\u00e4tiloja ja s\u00e4\u00e4nmukaista pukeutumista, maksuton<\/li>\n<\/ul>\n<p>Logiikan harjoittamiseen:<\/p>\n<ul>\n<li>M\u00f6llit &#8211; Selvit\u00e4 m\u00f6lllit ratojen l\u00e4pi loogisen p\u00e4\u00e4ttelyn avulla, maksuton<\/li>\n<li>Tangram &#8211;&nbsp; T\u00e4yt\u00e4 kuviot annetuilla muotoilla. Loogista p\u00e4\u00e4ttely\u00e4 ja ongelmanratkaisua, maksuton<\/li>\n<li><strong>Bitsboard<\/strong>&nbsp;&#8211; omien kuvatauluteht\u00e4vien (flash cards) tekemiseen, maksuton<\/li>\n<li>Matrix Game (kuvioiden ja symbolien yhdist\u00e4mist\u00e4),&nbsp;maksuton<\/li>\n<li>Rush Hour (klassikkopeli iPad-muodossa), ensimm\u00e4iset tasot maksuttomia, lis\u00e4tasot maksullisia<\/li>\n<li>Blokus (lautapeli toimivassa iPad-muodossa, voi pelata kaverin kanssa) maksuton\/2,29\u20ac<\/li>\n<li>Opposites (vastakohtien etsimist\u00e4),&nbsp;maksuton<\/li>\n<li>Simple Physics (rakentamista ja fysiikan oppimista) 1,09\u20ac<\/li>\n<li>Coaster Physics (vuoristoradalla ajelua, voi my\u00f6s rakentaa oman radan) 2,29\u20ac<\/li>\n<li>Thinkrolls 2. Pelaajan t\u00e4ytyy auttaa thinkrollsien kulkua&nbsp; esteit\u00e4 tielt\u00e4 poistaen. Looginen p\u00e4\u00e4ttely ja fysiikat lait. 4,49\u20ac<\/li>\n<\/ul>\n<p>Pienimmille:<\/p>\n<ul>\n<li>Animal Sounds \u2013 Fun Toddler Game,&nbsp;maksuton<\/li>\n<li>Video Touch Animals (el\u00e4inten \u00e4\u00e4ni\u00e4 ja videoita), maksuton<\/li>\n<li>Awesome Eats (\u201dpyyhkimist\u00e4\u201d opetellen),&nbsp;maksuton<\/li>\n<li>Find Them All (el\u00e4inten etsimist\u00e4 maatilalta),&nbsp;maksuton<\/li>\n<li>Baby Logic 2-3y (rakentelua, vertailua, v\u00e4rej\u00e4, muotoja) 1,59\u20ac<\/li>\n<li>Baby Shape I Free (muotojen opettelua),&nbsp;maksuton<\/li>\n<li>Emma Zoo (etsi eroavaisuudet),&nbsp;maksuton<\/li>\n<li>Emma and Bird (etsi eroavaisuudet) 0,79\u20ac<\/li>\n<li>Sort It Out (esineiden lajittelua),&nbsp;maksuton<\/li>\n<li>Amazing Shape Puzzle (muotopalapelej\u00e4), muutama teema maksuton, lis\u00e4osat maksullisia<\/li>\n<li>Puzzle Shapes: Toddlers&nbsp; Kids &#8211; perheen pienimpien pulmapeli, maksuton<\/li>\n<\/ul>\n<p>Muistipelej\u00e4:<\/p>\n<ul>\n<li>Match Animals (muistipeli), alkutasot maksuttomia, lis\u00e4tasot maksullisia<\/li>\n<li>Animal Free (muistipeli),&nbsp;maksuton<\/li>\n<li>BitsBoard &#8211; tee omia muistipelej\u00e4 omista kuvista, \u00e4\u00e4nist\u00e4 jne. (maksuton)<\/li>\n<\/ul>\n<p>Muita:<\/p>\n<ul>\n<li>Elin\u2019s House (virtuaalinen nukketalo),&nbsp;maksuton<\/li>\n<li>Basic Skills (nimens\u00e4 mukaan perustaitojen opettelua mm. v\u00e4rit, muodot), muutama peli maksuton, lis\u00e4osat maksullisia<\/li>\n<li>Air Hockey Gold (ilmaj\u00e4\u00e4kiekkopeli, voi pelata kaverin kanssa),&nbsp;maksuton<\/li>\n<li>Kids Origami (hauskoja origamiohjeita ymm\u00e4rrett\u00e4v\u00e4sti esitettyn\u00e4),&nbsp;maksuton<\/li>\n<li>Airplanes (ohjeita paperilennokkien tekoon),&nbsp;maksuton<\/li>\n<li>Lego Instructions (nimens\u00e4 mukaisesti Lego-ohjeita),&nbsp;maksuton<\/li>\n<li>Barbie I Can Be for iPad&nbsp; (Barbie puuhailee eri ammateissa),&nbsp;maksuton<\/li>\n<li><strong>QR Reader for iPad<\/strong> &#8211; QR-koodien lukemiseen (esim. suunnistusten toteuttamiseen), maksuton<\/li>\n<li>Fun English &#8211; Englanninkielen alkeita my\u00f6s alle kouluik\u00e4ille, maksuton\/7,99\u20ac kuukaudessa\/39,99\u20ac vuodessa<\/li>\n<\/ul>\n<p>Opettajan appeja:<\/p>\n<ul>\n<li>Adobe Photoshop Express &#8211; kuvank\u00e4sittelyohjelma, maksuton<\/li>\n<li><strong>Explain Everything<\/strong> &#8211; esitysten tekemiseen (teksti, kuva, \u00e4\u00e4ni, video), maksullinen<\/li>\n<li>iBooks &#8211; verkkokirjat ja pdf-tiedostot<\/li>\n<li>iFiles &#8211; tiedostonhallinta<\/li>\n<li>iMotion HD &#8211; elokuvien koostamiseen<\/li>\n<li><strong>iMovie<\/strong>&nbsp;&#8211; elokuvien koostamiseen, maksuton uusiin ipadeihin<\/li>\n<li>OneDrive for Business (tiedostojen verkkotallennus, kirjautuminen Turussa opetuksen tunnuksilla)<\/li>\n<li>Yle Areena (Ylen tv- ja radio-ohjelmien katseluun ja kuunteluun)<\/li>\n<\/ul>\n<p>Nettiselainvaihtoehtoja:<\/p>\n<ul>\n<li>Puffin Web Browser (Flash-tuki)<\/li>\n<li>iCabMobile (2,59\u20ac)<\/li>\n<li>Google Chrome<\/li>\n<li>Opera<\/li>\n<\/ul>\n<p>&nbsp;<\/p>\n<p>Ruotsinkieliset linkkilistat:<\/p>\n<p><span lang=\"SV\"><strong><a href=\"https:\/\/paddagogikihelsingfors.wordpress.com\/2016\/01\/04\/appar-for-forskolan-laromradesvis\/\" target=\"_blank\" rel=\"noopener\">Appar f\u00f6r f\u00f6rskolan \u2013 l\u00e4romr\u00e5desvis<\/a><\/strong>&nbsp;<\/span><span lang=\"SV\">(Helsingfors stads projekt)<\/span><\/p>\n<p><a href=\"http:\/\/www.skolappar.nu\/\" target=\"_blank\" rel=\"noopener\">www.skolappar.nu<\/a><\/p>\n<p><a href=\"http:\/\/www.pappasappar.se\/\" target=\"_blank\" rel=\"noopener\">www.pappasappar.se<\/a><\/p>\n<p>&nbsp;<\/p>\n<p>Lis\u00e4\u00e4 vinkkej\u00e4:<\/p>\n<p>TOP-keskuksen appilista: <a href=\"https:\/\/edu.turku.fi\/oppimateriaalit\/\">https:\/\/edu.turku.fi\/oppimateriaalit\/<\/a><br \/>\niPad opetuksessa (It\u00e4-Suomen koulu):&nbsp;<a href=\"http:\/\/padiopetus.blogspot.fi\/p\/sovellusvinkkaukset.html\">http:\/\/padiopetus.blogspot.fi\/p\/sovellusvinkkaukset.html<br \/>\n<\/a>Apple opetuksessa (IlonaIT): <a href=\"https:\/\/ilonait.fi\/apple-opetuksessa\/\">https:\/\/ilonait.fi\/apple-opetuksessa\/<\/a><br \/>\nTablet (iPad) ja Appsit opetuksessa (Joensuun mediakeskus): <a href=\"https:\/\/peda.net\/joensuu\/jm\/oio\/tijao\">https:\/\/peda.net\/joensuu\/jm\/oio\/tijao<\/a><\/p>\n","protected":false},"excerpt":{"rendered":"<p>iPad-sovelluksia esiopetukseen&nbsp;(osan koonnut &nbsp;Lappeenrannan Molla-hanke): &nbsp; Suomenkieliset: Molla ABC &#8211; tekstauskirjainten ja numeroiden piirt\u00e4misen harjoitteluun, maksuton EkapeliAlku &#8211; esikouluik\u00e4isille suunnattu&nbsp;kirjain-\u00e4\u00e4nne -yhteyksien harjoitteluun kehitetty oppimispeli, maksuton Ekapeli Maahanmuuttaja &#8211; maahanmuuttajalasten suomen kielen perustaitojen harjoitteluun, maksuton Pikku Kakkonen, maksuton Lola Panda &#8211; Lolan aakkosjuna, maksuton\/3,49\u20ac (\u00e4ven p\u00e5 svenska: L\u00e4r dig l\u00e4sa med Lola, gratis) Lola Panda &#8211; &hellip; <a href=\"https:\/\/blog.edu.turku.fi\/molla\/opetus\/ipad-esiopetuksessa\/\" class=\"more-link\">Jatka lukemista <span class=\"screen-reader-text\">iPad<\/span> <span class=\"meta-nav\">&rarr;<\/span><\/a><\/p>\n","protected":false},"author":9,"featured_media":0,"parent":591,"menu_order":4,"comment_status":"closed","ping_status":"closed","template":"","meta":{"ngg_post_thumbnail":0,"footnotes":""},"class_list":["post-1835","page","type-page","status-publish","hentry"],"_links":{"self":[{"href":"https:\/\/blog.edu.turku.fi\/molla\/wp-json\/wp\/v2\/pages\/1835","targetHints":{"allow":["GET"]}}],"collection":[{"href":"https:\/\/blog.edu.turku.fi\/molla\/wp-json\/wp\/v2\/pages"}],"about":[{"href":"https:\/\/blog.edu.turku.fi\/molla\/wp-json\/wp\/v2\/types\/page"}],"author":[{"embeddable":true,"href":"https:\/\/blog.edu.turku.fi\/molla\/wp-json\/wp\/v2\/users\/9"}],"replies":[{"embeddable":true,"href":"https:\/\/blog.edu.turku.fi\/molla\/wp-json\/wp\/v2\/comments?post=1835"}],"version-history":[{"count":47,"href":"https:\/\/blog.edu.turku.fi\/molla\/wp-json\/wp\/v2\/pages\/1835\/revisions"}],"predecessor-version":[{"id":3589,"href":"https:\/\/blog.edu.turku.fi\/molla\/wp-json\/wp\/v2\/pages\/1835\/revisions\/3589"}],"up":[{"embeddable":true,"href":"https:\/\/blog.edu.turku.fi\/molla\/wp-json\/wp\/v2\/pages\/591"}],"wp:attachment":[{"href":"https:\/\/blog.edu.turku.fi\/molla\/wp-json\/wp\/v2\/media?parent=1835"}],"curies":[{"name":"wp","href":"https:\/\/api.w.org\/{rel}","templated":true}]}}